{"id":79110,"date":"2023-12-13T22:00:09","date_gmt":"2023-12-13T21:00:09","guid":{"rendered":"https:\/\/www.soanam.de\/?post_type=product&#038;p=79110"},"modified":"2023-12-13T22:35:02","modified_gmt":"2023-12-13T21:35:02","slug":"petite-fleur-gouden-set-corsage-met-string-met-jarretels-in-zwart-maat-90c-44-46","status":"publish","type":"product","link":"https:\/\/www.soanam.de\/nl\/produkt\/petite-fleur-gold-set-corsage-mit-string-mit-strapshaltern-in-schwarz-groesse-90c-44-46\/","title":{"rendered":"petite fleur gold set: Corsage met string met jarretelbandjes, in zwart, maat 90C, 44\/46"},"content":{"rendered":"<p>Verleidelijk setje bestaande uit een corsage en string van Petite Fleur Gold<br \/>\nCups met voorgevormde beugels voor optimale ondersteuning<br \/>\nGemaakt van transparant netmateriaal met jarretelbandjes<br \/>\nInclusief bijpassende string met ge\u00efntegreerd katoenen kruisje<\/p>\n<p>Fijn netmateriaal gecombineerd met elegante jarretelbandjes en delicaat kant.<br \/>\nDe cups zijn volledig gemaakt van licht transparant, gebloemd kant en hebben een ge\u00efntegreerde beugel voor extra ondersteuning. Het fijne biesje rond de cup en het decoratieve strikje middenvoor geven het corset een speelse touch. Het korset eindigt onderaan in fijne jarretelbandjes die individueel verstelbaar zijn. De bijpassende slip van zacht netmateriaal met een ge\u00efntegreerd katoenen kruisje rondt de outfit vakkundig af.<\/p>\n<p>Materiaal: 90% polyamide, 10% elastaan<br \/>\nOnderhoudsinstructies: Handwas<\/p>\n<p>Kleur: zwart<br \/>\nPatroon: Bloesems<\/p>\n<p>String maat 44\/46<br \/>\nCorsage maat 90C<\/p>\n<p>Onderwijdte: 90<br \/>\nCupmaat: Cup C<\/p>","protected":false},"excerpt":{"rendered":"<table class=\"dv_characteristicsTable\">\n<caption>MASSANGABE<\/caption>\n<tbody>\n<tr>\n<td class=\"left\">K\u00f6rbchengr\u00f6\u00dfe<\/td>\n<td>Cup C<\/td>\n<\/tr>\n<tr>\n<td class=\"left\">Unterbrustumfang<\/td>\n<td>90<\/td>\n<\/tr>\n<\/tbody>\n<\/table>\n<table class=\"dv_characteristicsTable\">\n<caption>FARBE<\/caption>\n<tbody>\n<tr>\n<td class=\"left\">Kleur<\/td>\n<td>schwarz<\/td>\n<\/tr>\n<\/tbody>\n<\/table>\n<table class=\"dv_characteristicsTable\">\n<caption>MATERIAAL<\/caption>\n<tbody>\n<tr>\n<td class=\"left\">Materiaalsamenstelling<\/td>\n<td>Obermaterial: 90% Polyamid, 10% Elasthan<\/td>\n<\/tr>\n<tr>\n<td class=\"left\">Onderhoudsinstructies<\/td>\n<td>Handw\u00e4sche<\/td>\n<\/tr>\n<\/tbody>\n<\/table>\n<table class=\"dv_characteristicsTable\">\n<caption>PRODUKTDETAILS OBERTEIL<\/caption>\n<tbody>\n<tr>\n<td class=\"left\">Art Tr\u00e4ger<\/td>\n<td>mit Tr\u00e4ger<\/td>\n<\/tr>\n<\/tbody>\n<\/table>","protected":false},"featured_media":79211,"comment_status":"open","ping_status":"closed","template":"","meta":{"_seopress_robots_primary_cat":"","_seopress_titles_title":"","_seopress_titles_desc":"","_seopress_robots_index":""},"product_brand":[],"product_cat":[1348,1444,1560],"product_tag":[],"class_list":{"0":"post-79110","1":"product","2":"type-product","3":"status-publish","4":"has-post-thumbnail","6":"product_cat-damen-mode","7":"product_cat-unterwaesche","8":"product_cat-sets","9":"product_shipping_class-standard-versand","11":"first","12":"instock","13":"sale","14":"taxable","15":"shipping-taxable","16":"purchasable","17":"product-type-simple"},"_links":{"self":[{"href":"https:\/\/www.soanam.de\/nl\/wp-json\/wp\/v2\/product\/79110","targetHints":{"allow":["GET"]}}],"collection":[{"href":"https:\/\/www.soanam.de\/nl\/wp-json\/wp\/v2\/product"}],"about":[{"href":"https:\/\/www.soanam.de\/nl\/wp-json\/wp\/v2\/types\/product"}],"replies":[{"embeddable":true,"href":"https:\/\/www.soanam.de\/nl\/wp-json\/wp\/v2\/comments?post=79110"}],"wp:featuredmedia":[{"embeddable":true,"href":"https:\/\/www.soanam.de\/nl\/wp-json\/wp\/v2\/media\/79211"}],"wp:attachment":[{"href":"https:\/\/www.soanam.de\/nl\/wp-json\/wp\/v2\/media?parent=79110"}],"wp:term":[{"taxonomy":"product_brand","embeddable":true,"href":"https:\/\/www.soanam.de\/nl\/wp-json\/wp\/v2\/product_brand?post=79110"},{"taxonomy":"product_cat","embeddable":true,"href":"https:\/\/www.soanam.de\/nl\/wp-json\/wp\/v2\/product_cat?post=79110"},{"taxonomy":"product_tag","embeddable":true,"href":"https:\/\/www.soanam.de\/nl\/wp-json\/wp\/v2\/product_tag?post=79110"}],"curies":[{"name":"wp","href":"https:\/\/api.w.org\/{rel}","templated":true}]}}