{"id":79092,"date":"2023-12-13T21:59:43","date_gmt":"2023-12-13T20:59:43","guid":{"rendered":"https:\/\/www.soanam.de\/?post_type=product&#038;p=79092"},"modified":"2023-12-13T22:34:33","modified_gmt":"2023-12-13T21:34:33","slug":"bijoux-indiscrets-augenbinde-shhh-blindfold-in-schwarz-groesse-one-size","status":"publish","type":"product","link":"https:\/\/www.soanam.de\/nl\/produkt\/bijoux-indiscrets-augenbinde-shhh-blindfold-in-schwarz-groesse-one-size\/","title":{"rendered":"Bijoux Indiscrets Augenbinde Shhh Blindfold, in Schwarz, Gr\u00f6\u00dfe One Size"},"content":{"rendered":"<p>Augenbinde aus sanftem Satin<br \/>\nAngenehmes Tragegef\u00fchl<br \/>\nBlickdicht und robust<\/p>\n<p>Mit dieser blickdichten Augenbinde von Bijoux Indiscrets werden Sexspielchen in der aufregenden Welt der absoluten Abh\u00e4ngigkeit m\u00f6glich.<br \/>\nDie verbundenen Augen sorgen daf\u00fcr, dass sich alle anderen Sinne sch\u00e4rfen und sanfte Ber\u00fchrungen der Haut viel intensiver erlebt werden.<\/p>\n<p>Materiaal: 100% polyester<br \/>\nOnderhoudsinstructies: Handwas<\/p>\n<p>Kleur: zwart<br \/>\nPatroon: zonder<br \/>\nMaat: \u00e9\u00e9n maat<\/p>","protected":false},"excerpt":{"rendered":"<table class=\"dv_characteristicsTable\">\n<caption>PRODUKTDETAILS<\/caption>\n<tbody>\n<tr>\n<td class=\"left\">Art Verschluss<\/td>\n<td>Satinband<\/td>\n<\/tr>\n<\/tbody>\n<\/table>\n<table class=\"dv_characteristicsTable\">\n<caption>FARBE<\/caption>\n<tbody>\n<tr>\n<td class=\"left\">Kleur<\/td>\n<td>schwarz<\/td>\n<\/tr>\n<\/tbody>\n<\/table>\n<table class=\"dv_characteristicsTable\">\n<caption>MATERIAAL<\/caption>\n<tbody>\n<tr>\n<td class=\"left\">Materiaal<\/td>\n<td>Polyester<\/td>\n<\/tr>\n<tr>\n<td class=\"left\">Materialeigenschaften<\/td>\n<td>anschmiegsam<\/td>\n<\/tr>\n<\/tbody>\n<\/table>","protected":false},"featured_media":79202,"comment_status":"open","ping_status":"closed","template":"","meta":{"_seopress_robots_primary_cat":"","_seopress_titles_title":"","_seopress_titles_desc":"","_seopress_robots_index":""},"product_brand":[],"product_cat":[1345,1348,1357,1387,1558,1559],"product_tag":[],"class_list":{"0":"post-79092","1":"product","2":"type-product","3":"status-publish","4":"has-post-thumbnail","6":"product_cat-herrenmode","7":"product_cat-damen-mode","8":"product_cat-accessoires","9":"product_cat-accessoires-herrenmode","10":"product_cat-sonstiges-accessoires","11":"product_cat-sonstiges-accessoires-herrenmode","12":"product_shipping_class-standard-versand","14":"first","15":"instock","16":"taxable","17":"shipping-taxable","18":"purchasable","19":"product-type-simple"},"_links":{"self":[{"href":"https:\/\/www.soanam.de\/nl\/wp-json\/wp\/v2\/product\/79092","targetHints":{"allow":["GET"]}}],"collection":[{"href":"https:\/\/www.soanam.de\/nl\/wp-json\/wp\/v2\/product"}],"about":[{"href":"https:\/\/www.soanam.de\/nl\/wp-json\/wp\/v2\/types\/product"}],"replies":[{"embeddable":true,"href":"https:\/\/www.soanam.de\/nl\/wp-json\/wp\/v2\/comments?post=79092"}],"wp:featuredmedia":[{"embeddable":true,"href":"https:\/\/www.soanam.de\/nl\/wp-json\/wp\/v2\/media\/79202"}],"wp:attachment":[{"href":"https:\/\/www.soanam.de\/nl\/wp-json\/wp\/v2\/media?parent=79092"}],"wp:term":[{"taxonomy":"product_brand","embeddable":true,"href":"https:\/\/www.soanam.de\/nl\/wp-json\/wp\/v2\/product_brand?post=79092"},{"taxonomy":"product_cat","embeddable":true,"href":"https:\/\/www.soanam.de\/nl\/wp-json\/wp\/v2\/product_cat?post=79092"},{"taxonomy":"product_tag","embeddable":true,"href":"https:\/\/www.soanam.de\/nl\/wp-json\/wp\/v2\/product_tag?post=79092"}],"curies":[{"name":"wp","href":"https:\/\/api.w.org\/{rel}","templated":true}]}}