{"id":79089,"date":"2023-12-13T21:59:41","date_gmt":"2023-12-13T20:59:41","guid":{"rendered":"https:\/\/www.soanam.de\/?post_type=product&#038;p=79089"},"modified":"2023-12-13T22:34:03","modified_gmt":"2023-12-13T21:34:03","slug":"vivance-halterlose-struempfe-im-2er-pack-mit-breiter-spitze-in-schwarz-groesse-36-38","status":"publish","type":"product","link":"https:\/\/www.soanam.de\/nl\/produkt\/vivance-halterlose-struempfe-im-2er-pack-mit-breiter-spitze-in-schwarz-groesse-36-38\/","title":{"rendered":"Vivance Halterlose Str\u00fcmpfe im 2er Pack mit breiter Spitze, in Schwarz, Gr\u00f6\u00dfe 36\/38"},"content":{"rendered":"<p>Feine halterlose Str\u00fcmpfe im 2er Pack<br \/>\nBreite, trageangenehme Spitze in feinem Bl\u00fcten-Design<br \/>\nMit Silikonb\u00e4ndern f\u00fcr optimalen Halt<br \/>\nTransparent 20DEN<\/p>\n<p>Die transparenten, seidig gl\u00e4nzenden Damenstr\u00fcmpfe in 20 den sind mit breiter Zierspitze am Abschluss ein wahrer Blickfang.<br \/>\nDas hautsympathische Material und die weiche Silikonbeschichtung an der Innenseite sorgen f\u00fcr einen perfekten Halt und ein angenehmes Tragegef\u00fchl.<\/p>\n<p>Materiaal: 85% polyamide, 15% elastaan<br \/>\nOnderhoudsinstructies: Machinewas<\/p>\n<p>Kleur: zwart<br \/>\nPatroon: Bloesems<br \/>\nGrootte: 36\/38<\/p>","protected":false},"excerpt":{"rendered":"<table class=\"dv_characteristicsTable\">\n<tbody>\n<tr>\n<td class=\"left\">Maat<\/td>\n<td>1 (36\/38)<\/td>\n<\/tr>\n<tr>\n<td class=\"left\">Gr\u00f6\u00dfentyp<\/td>\n<td>Normalgr\u00f6\u00dfen<\/td>\n<\/tr>\n<\/tbody>\n<\/table>\n<table class=\"dv_characteristicsTable\">\n<tbody>\n<tr>\n<td class=\"left\">Onderhoudsinstructies<\/td>\n<td>Machinewas<\/td>\n<\/tr>\n<\/tbody>\n<\/table>\n<table class=\"dv_characteristicsTable\">\n<tbody>\n<tr>\n<td class=\"left\">Materiaalsamenstelling<\/td>\n<td>85% Polyamid, 15% Elasthan<\/td>\n<\/tr>\n<tr>\n<td class=\"left\">Materialst\u00e4rke (DEN)<\/td>\n<td>20 DEN<\/td>\n<\/tr>\n<\/tbody>\n<\/table>\n<table class=\"dv_characteristicsTable\">\n<tbody>\n<tr>\n<td class=\"left\">Kleur<\/td>\n<td>schwarz<\/td>\n<\/tr>\n<\/tbody>\n<\/table>","protected":false},"featured_media":79188,"comment_status":"open","ping_status":"closed","template":"","meta":{"_seopress_robots_primary_cat":"","_seopress_titles_title":"","_seopress_titles_desc":"","_seopress_robots_index":""},"product_brand":[],"product_cat":[1348,1444,1557],"product_tag":[],"class_list":{"0":"post-79089","1":"product","2":"type-product","3":"status-publish","4":"has-post-thumbnail","6":"product_cat-damen-mode","7":"product_cat-unterwaesche","8":"product_cat-struempfe","9":"product_shipping_class-standard-versand","11":"first","12":"instock","13":"sale","14":"taxable","15":"shipping-taxable","16":"purchasable","17":"product-type-simple"},"_links":{"self":[{"href":"https:\/\/www.soanam.de\/nl\/wp-json\/wp\/v2\/product\/79089","targetHints":{"allow":["GET"]}}],"collection":[{"href":"https:\/\/www.soanam.de\/nl\/wp-json\/wp\/v2\/product"}],"about":[{"href":"https:\/\/www.soanam.de\/nl\/wp-json\/wp\/v2\/types\/product"}],"replies":[{"embeddable":true,"href":"https:\/\/www.soanam.de\/nl\/wp-json\/wp\/v2\/comments?post=79089"}],"wp:featuredmedia":[{"embeddable":true,"href":"https:\/\/www.soanam.de\/nl\/wp-json\/wp\/v2\/media\/79188"}],"wp:attachment":[{"href":"https:\/\/www.soanam.de\/nl\/wp-json\/wp\/v2\/media?parent=79089"}],"wp:term":[{"taxonomy":"product_brand","embeddable":true,"href":"https:\/\/www.soanam.de\/nl\/wp-json\/wp\/v2\/product_brand?post=79089"},{"taxonomy":"product_cat","embeddable":true,"href":"https:\/\/www.soanam.de\/nl\/wp-json\/wp\/v2\/product_cat?post=79089"},{"taxonomy":"product_tag","embeddable":true,"href":"https:\/\/www.soanam.de\/nl\/wp-json\/wp\/v2\/product_tag?post=79089"}],"curies":[{"name":"wp","href":"https:\/\/api.w.org\/{rel}","templated":true}]}}