{"id":79049,"date":"2023-12-13T21:58:39","date_gmt":"2023-12-13T20:58:39","guid":{"rendered":"https:\/\/www.soanam.de\/?post_type=product&#038;p=79049"},"modified":"2023-12-13T22:01:17","modified_gmt":"2023-12-13T21:01:17","slug":"lascana-slip-aus-floraler-spitze-in-weiss-groesse-40-42","status":"publish","type":"product","link":"https:\/\/www.soanam.de\/nl\/produkt\/lascana-slip-aus-floraler-spitze-in-weiss-groesse-40-42\/","title":{"rendered":"LASCANA slip met bloemenkant, in wit, maat 40\/42"},"content":{"rendered":"<p>Slip von Lascana aus Spitze in Blumenoptik<br \/>\nMit niedlichen Zierschleifen an der Seiten<br \/>\nMit eingearbeitetem Baumwollzwickel<br \/>\nAus leicht transparentem Material<\/p>\n<p>Die edle Jacquardspitze im Bl\u00fcten Design ist sehr hochwertig verarbeitet und schmiegt sich weich an den K\u00f6rper.<br \/>\nKleine Zierschleifen an den Seiten runden den romantischen Look ab.<br \/>\nDer eingen\u00e4htem Baumwollzwickel sowie der hohe Elasthananteil sorgen f\u00fcr ein angenehmes Tragegef\u00fchl.<\/p>\n<p>Material: 89% Polyamid, 11% Elasthan<br \/>\nOnderhoudsinstructies: Machinewas<\/p>\n<p>Kleur: wit<br \/>\nPatroon: Bloesems<br \/>\nMaat: 40\/42<\/p>","protected":false},"excerpt":{"rendered":"<table class=\"dv_characteristicsTable\">\n<tbody>\n<tr>\n<td class=\"left\">Maat<\/td>\n<td>44\/46<\/td>\n<\/tr>\n<tr>\n<td class=\"left\">Gr\u00f6\u00dfentyp<\/td>\n<td>Normalgr\u00f6\u00dfen<\/td>\n<\/tr>\n<\/tbody>\n<\/table>\n<table class=\"dv_characteristicsTable\">\n<tbody>\n<tr>\n<td class=\"left\">Kleur<\/td>\n<td>wei\u00df<\/td>\n<\/tr>\n<\/tbody>\n<\/table>\n<table class=\"dv_characteristicsTable\">\n<tbody>\n<tr>\n<td class=\"left\">Uitrusting<\/td>\n<td>Baumwollzwickel<\/td>\n<\/tr>\n<tr>\n<td class=\"left\">Onderhoudsinstructies<\/td>\n<td>Machinewas<\/td>\n<\/tr>\n<\/tbody>\n<\/table>\n<table class=\"dv_characteristicsTable\">\n<tbody>\n<tr>\n<td class=\"left\">Materiaalsamenstelling<\/td>\n<td>89% Polyamid, 11% Elasthan<\/td>\n<\/tr>\n<\/tbody>\n<\/table>","protected":false},"featured_media":79152,"comment_status":"open","ping_status":"closed","template":"","meta":{"_seopress_robots_primary_cat":"","_seopress_titles_title":"","_seopress_titles_desc":"","_seopress_robots_index":""},"product_brand":[],"product_cat":[1348,1444,1501],"product_tag":[],"class_list":{"0":"post-79049","1":"product","2":"type-product","3":"status-publish","4":"has-post-thumbnail","6":"product_cat-damen-mode","7":"product_cat-unterwaesche","8":"product_cat-slips","9":"product_shipping_class-standard-versand","11":"first","12":"instock","13":"sale","14":"taxable","15":"shipping-taxable","16":"purchasable","17":"product-type-simple"},"_links":{"self":[{"href":"https:\/\/www.soanam.de\/nl\/wp-json\/wp\/v2\/product\/79049","targetHints":{"allow":["GET"]}}],"collection":[{"href":"https:\/\/www.soanam.de\/nl\/wp-json\/wp\/v2\/product"}],"about":[{"href":"https:\/\/www.soanam.de\/nl\/wp-json\/wp\/v2\/types\/product"}],"replies":[{"embeddable":true,"href":"https:\/\/www.soanam.de\/nl\/wp-json\/wp\/v2\/comments?post=79049"}],"wp:featuredmedia":[{"embeddable":true,"href":"https:\/\/www.soanam.de\/nl\/wp-json\/wp\/v2\/media\/79152"}],"wp:attachment":[{"href":"https:\/\/www.soanam.de\/nl\/wp-json\/wp\/v2\/media?parent=79049"}],"wp:term":[{"taxonomy":"product_brand","embeddable":true,"href":"https:\/\/www.soanam.de\/nl\/wp-json\/wp\/v2\/product_brand?post=79049"},{"taxonomy":"product_cat","embeddable":true,"href":"https:\/\/www.soanam.de\/nl\/wp-json\/wp\/v2\/product_cat?post=79049"},{"taxonomy":"product_tag","embeddable":true,"href":"https:\/\/www.soanam.de\/nl\/wp-json\/wp\/v2\/product_tag?post=79049"}],"curies":[{"name":"wp","href":"https:\/\/api.w.org\/{rel}","templated":true}]}}