{"id":78992,"date":"2023-12-13T21:57:20","date_gmt":"2023-12-13T20:57:20","guid":{"rendered":"https:\/\/www.soanam.de\/?post_type=product&#038;p=78992"},"modified":"2023-12-13T21:59:57","modified_gmt":"2023-12-13T20:59:57","slug":"jette-stringbody-in-zwart-maat-75d","status":"publish","type":"product","link":"https:\/\/www.soanam.de\/nl\/produkt\/jette-stringbody-in-schwarz-groesse-75d\/","title":{"rendered":"JETTE-snaarbody, in zwart, maat 75D"},"content":{"rendered":"<p>Streng lijfje in delicaat kant van Jette Joop<br \/>\nMet ge\u00efntegreerde push-up beha<br \/>\nMet praktische voorsluiting<br \/>\nMet verstelbare drukknoopsluiting in het kruis<br \/>\nMet katoenen kruisje voor een comfortabele pasvorm<\/p>\n<p>De Jette Joop bodysuit is gemaakt van heel fijn kant aan de voorkant. Het kant is ook gecombineerd met transparant mesh aan de achterkant.<br \/>\nDe ge\u00efntegreerde push-up bh laat je decollet\u00e9 mooi uitkomen.<br \/>\nDe bh sluit aan de voorkant, de romper sluit in het kruis met een drukknoop.<\/p>\n<p>Materiaal: 88% polyamide, 12% elastaan<br \/>\nOnderhoudsinstructies: Handwas<\/p>\n<p>Kleur: zwart<br \/>\nPatroon: Bloesems<br \/>\nMaat: 75D<\/p>\n<p>Onderborstomtrek: 75<br \/>\nCupmaat: Cup D<\/p>","protected":false},"excerpt":{"rendered":"<table class=\"dv_characteristicsTable\">\n<caption>\u00a0<\/caption>\n<tbody>\n<tr>\n<td class=\"left\">K\u00f6rbchengr\u00f6\u00dfe<\/td>\n<td>Cup D<\/td>\n<\/tr>\n<tr>\n<td class=\"left\">Unterbrustumfang<\/td>\n<td>70<\/td>\n<\/tr>\n<\/tbody>\n<\/table>\n<table class=\"dv_characteristicsTable\">\n<caption>\u00a0<\/caption>\n<tbody>\n<tr>\n<td class=\"left\">Materiaal<\/td>\n<td>88% Polyamid, 12% Elasthan<\/td>\n<\/tr>\n<tr>\n<td class=\"left\">Onderhoudsinstructies<\/td>\n<td>Handw\u00e4sche<\/td>\n<\/tr>\n<\/tbody>\n<\/table>\n<table class=\"dv_characteristicsTable\">\n<caption>\u00a0<\/caption>\n<tbody>\n<tr>\n<td class=\"left\">Kleur<\/td>\n<td>schwarz<\/td>\n<\/tr>\n<\/tbody>\n<\/table>","protected":false},"featured_media":79098,"comment_status":"open","ping_status":"closed","template":"","meta":{"_seopress_robots_primary_cat":"","_seopress_titles_title":"","_seopress_titles_desc":"","_seopress_robots_index":""},"product_brand":[],"product_cat":[1348,1444,1514],"product_tag":[],"class_list":{"0":"post-78992","1":"product","2":"type-product","3":"status-publish","4":"has-post-thumbnail","6":"product_cat-damen-mode","7":"product_cat-unterwaesche","8":"product_cat-bodies","9":"product_shipping_class-standard-versand","11":"first","12":"instock","13":"sale","14":"taxable","15":"shipping-taxable","16":"purchasable","17":"product-type-simple"},"_links":{"self":[{"href":"https:\/\/www.soanam.de\/nl\/wp-json\/wp\/v2\/product\/78992","targetHints":{"allow":["GET"]}}],"collection":[{"href":"https:\/\/www.soanam.de\/nl\/wp-json\/wp\/v2\/product"}],"about":[{"href":"https:\/\/www.soanam.de\/nl\/wp-json\/wp\/v2\/types\/product"}],"replies":[{"embeddable":true,"href":"https:\/\/www.soanam.de\/nl\/wp-json\/wp\/v2\/comments?post=78992"}],"wp:featuredmedia":[{"embeddable":true,"href":"https:\/\/www.soanam.de\/nl\/wp-json\/wp\/v2\/media\/79098"}],"wp:attachment":[{"href":"https:\/\/www.soanam.de\/nl\/wp-json\/wp\/v2\/media?parent=78992"}],"wp:term":[{"taxonomy":"product_brand","embeddable":true,"href":"https:\/\/www.soanam.de\/nl\/wp-json\/wp\/v2\/product_brand?post=78992"},{"taxonomy":"product_cat","embeddable":true,"href":"https:\/\/www.soanam.de\/nl\/wp-json\/wp\/v2\/product_cat?post=78992"},{"taxonomy":"product_tag","embeddable":true,"href":"https:\/\/www.soanam.de\/nl\/wp-json\/wp\/v2\/product_tag?post=78992"}],"curies":[{"name":"wp","href":"https:\/\/api.w.org\/{rel}","templated":true}]}}