{"id":78990,"date":"2023-12-13T21:57:19","date_gmt":"2023-12-13T20:57:19","guid":{"rendered":"https:\/\/www.soanam.de\/?post_type=product&#038;p=78990"},"modified":"2023-12-13T21:59:50","modified_gmt":"2023-12-13T20:59:50","slug":"lisa-witt-pianote-foundations-10-buecher-zum-klavierspielen-englisch","status":"publish","type":"product","link":"https:\/\/www.soanam.de\/nl\/produkt\/lisa-witt-pianote-foundations-10-buecher-zum-klavierspielen-englisch\/","title":{"rendered":"Lisa Witt pianote FOUNDATIONS - 10 boeken voor piano spelen, Engels"},"content":{"rendered":"<h3>Beschrijving van de<\/h3>\n<p>De komplette Pianote Lehrplan an Ihren Fingerspitzen<\/p>\n<p>Machen Sie sich bereit, die einzigen Klavierb\u00fccher zu \u00f6ffnen, die Sie jemals brauchen werden.<\/p>\n<p>Diese 10 Hardcover-B\u00fccher decken das GESAMTE Curriculum der Pianote Foundations ab und f\u00fchren Sie davon, noch nie ein Klavier ber\u00fchrt zu haben, \u00fcber Jazz zu improvisieren und Ihre eigenen wundersch\u00f6nen Akkordfolgen und Melodien zu kreieren.<\/p>\n<p>Die atemberaubenden Designs und Farbbilder sorgen f\u00fcr eine Klarheit beim Lernen, die sonst nirgendwo zu finden ist. Wenn Sie ein Konzept besser sehen und verstehen, k\u00f6nnen Sie es sich schneller merken und auf Ihr eigenes Spiel anwenden.<\/p>\n<p>Au\u00dferdem erhalten Sie bei jedem Schritt Unterst\u00fctzung und Hilfe von echten Lehrern, um sicherzustellen, dass Sie die gew\u00fcnschten Ergebnisse erzielen.<\/p>\n<p>Alles, was Sie brauchen, um<br \/>\nam Klavier inspiriert, konzentriert und besser zu werden.<\/p>\n<p>Buch 1 - Willkommen bei der Tastatur<br \/>\nBuch 2 - Das Personal &amp; Sichtlesen<br \/>\nBuch 3 - Tiefer in die Kernkompetenzen eintauchen<br \/>\nBuch 4 - Tonarten und Umkehrungen<br \/>\nBuch 5 - Tastenkombinationen f\u00fcr Flats und Akkorde<br \/>\nBuch 6 - Verstehen von Nebenschl\u00fcsseln<br \/>\nBuch 7 - Der Kreis der F\u00fcnftel<br \/>\nBuch 8 - Improvisieren lernen<br \/>\nBuch 9 - 7. Akkorde &amp; The Blues<br \/>\nBuch 10 - Einf\u00fchrung in den Jazz<\/p>","protected":false},"excerpt":{"rendered":"<h3>Artikelmerkmale<\/h3>\n<p>Staat van het item: Nieuw met label: Nieuw, ongebruikt en ongedragen item in de originele verpakking<\/p>\n<table style=\"height: 406px;\" border=\"0\" width=\"400\" frame=\"VOID\" rules=\"NONE\" cellspacing=\"0\">\n<colgroup>\n<col width=\"133\" \/>\n<col width=\"1570\" \/><\/colgroup>\n<tbody>\n<tr>\n<td align=\"LEFT\" width=\"133\" height=\"17\">Autor:<\/td>\n<td align=\"LEFT\" width=\"1570\">Lisa Witt<\/td>\n<\/tr>\n<tr>\n<td align=\"LEFT\" height=\"17\">Besonderheiten:<\/td>\n<td align=\"LEFT\">Boxset<\/td>\n<\/tr>\n<tr>\n<td align=\"LEFT\" height=\"17\">Bundesland:<\/td>\n<td align=\"LEFT\">Baden-W\u00fcrttemberg, Bayern, Berlin, Brandenburg, Bremen, Hamburg, Hessen, Mecklenburg-Vorpommern, Niedersachsen, Nordrhein-Westfalen, Rheinland-Pfalz, Saarland, Sachsen, Sachsen-Anhalt, Schleswig-Holstein, Th\u00fcringen<\/td>\n<\/tr>\n<tr>\n<td align=\"LEFT\" height=\"17\">Erscheinungsjahr:<\/td>\n<td align=\"LEFT\">2019<\/td>\n<\/tr>\n<tr>\n<td align=\"LEFT\" height=\"17\">Fach:<\/td>\n<td align=\"LEFT\">Musik<\/td>\n<\/tr>\n<tr>\n<td align=\"LEFT\" height=\"17\">Fachbereich:<\/td>\n<td align=\"LEFT\">Klavier<\/td>\n<\/tr>\n<tr>\n<td align=\"LEFT\" height=\"17\">Format:<\/td>\n<td align=\"LEFT\">Buch, Gebundene Ausgabe<\/td>\n<\/tr>\n<tr>\n<td align=\"LEFT\" height=\"17\">ISBN:<\/td>\n<td align=\"LEFT\">9781774210062<\/td>\n<\/tr>\n<tr>\n<td align=\"LEFT\" height=\"17\">Niveau:<\/td>\n<td align=\"LEFT\">Anf\u00e4nger, Zwischenstufe<\/td>\n<\/tr>\n<tr>\n<td align=\"LEFT\" height=\"17\">Produktart:<\/td>\n<td align=\"LEFT\">Arbeitshilfe<\/td>\n<\/tr>\n<tr>\n<td align=\"LEFT\" height=\"17\">Publikationsname:<\/td>\n<td align=\"LEFT\">pianote FOUNDATIONS<\/td>\n<\/tr>\n<tr>\n<td align=\"LEFT\" height=\"17\">Reihe:<\/td>\n<td align=\"LEFT\">pianote<\/td>\n<\/tr>\n<tr>\n<td align=\"LEFT\" height=\"17\">Sprache:<\/td>\n<td align=\"LEFT\">Englisch<\/td>\n<\/tr>\n<tr>\n<td align=\"LEFT\" height=\"17\">Verlag:<\/td>\n<td align=\"LEFT\">onbekend<\/td>\n<\/tr>\n<\/tbody>\n<\/table>","protected":false},"featured_media":79094,"comment_status":"open","ping_status":"closed","template":"","meta":{"_seopress_robots_primary_cat":"","_seopress_titles_title":"","_seopress_titles_desc":"","_seopress_robots_index":""},"product_brand":[],"product_cat":[1730],"product_tag":[],"class_list":{"0":"post-78990","1":"product","2":"type-product","3":"status-publish","4":"has-post-thumbnail","6":"product_cat-sonstiges-2","7":"product_shipping_class-standard-versand","9":"first","10":"instock","11":"sale","12":"taxable","13":"shipping-taxable","14":"purchasable","15":"product-type-simple"},"_links":{"self":[{"href":"https:\/\/www.soanam.de\/nl\/wp-json\/wp\/v2\/product\/78990","targetHints":{"allow":["GET"]}}],"collection":[{"href":"https:\/\/www.soanam.de\/nl\/wp-json\/wp\/v2\/product"}],"about":[{"href":"https:\/\/www.soanam.de\/nl\/wp-json\/wp\/v2\/types\/product"}],"replies":[{"embeddable":true,"href":"https:\/\/www.soanam.de\/nl\/wp-json\/wp\/v2\/comments?post=78990"}],"wp:featuredmedia":[{"embeddable":true,"href":"https:\/\/www.soanam.de\/nl\/wp-json\/wp\/v2\/media\/79094"}],"wp:attachment":[{"href":"https:\/\/www.soanam.de\/nl\/wp-json\/wp\/v2\/media?parent=78990"}],"wp:term":[{"taxonomy":"product_brand","embeddable":true,"href":"https:\/\/www.soanam.de\/nl\/wp-json\/wp\/v2\/product_brand?post=78990"},{"taxonomy":"product_cat","embeddable":true,"href":"https:\/\/www.soanam.de\/nl\/wp-json\/wp\/v2\/product_cat?post=78990"},{"taxonomy":"product_tag","embeddable":true,"href":"https:\/\/www.soanam.de\/nl\/wp-json\/wp\/v2\/product_tag?post=78990"}],"curies":[{"name":"wp","href":"https:\/\/api.w.org\/{rel}","templated":true}]}}