{"id":78817,"date":"2023-12-13T21:53:51","date_gmt":"2023-12-13T20:53:51","guid":{"rendered":"https:\/\/www.soanam.de\/?post_type=product&#038;p=78817"},"modified":"2023-12-13T21:55:48","modified_gmt":"2023-12-13T20:55:48","slug":"ajc-carmenbluse-mit-3-4-arm-in-schwarz-weiss-gestreift-groesse-38","status":"publish","type":"product","link":"https:\/\/www.soanam.de\/nl\/produkt\/ajc-carmenbluse-mit-3-4-arm-in-schwarz-weiss-gestreift-groesse-38\/","title":{"rendered":"AJC Carmen blouse met 3\/4 mouwen, in zwart\/wit, gestreept, maat 38"},"content":{"rendered":"<p>Damenbluse von AJC<br \/>\nCarmen-Ausschnitt<br \/>\nGeknotete Manschetten und 3\/4-\u00c4rmel<br \/>\nL\u00e4ssig geschnittene Passform<br \/>\nModieuze strepen<\/p>\n<p>Die trendige Bluse mit Carmen-Ausschnitt von AJC, in coolem Streifen-Look.<br \/>\nGeknotete Manschetten und 3\/4-\u00c4rmel, ein gerundeter Saum und eine angenehme Baumwollqualit\u00e4t zeichnen die Sommerbluse aus.<\/p>\n<p>Materiaal: 100% katoen<br \/>\nOnderhoudsinstructies: Machinewas<\/p>\n<p>Kleur: zwart en wit<br \/>\nPatroon: Strepen<br \/>\nMaat: 38<\/p>\n<p>Schouderbreedte: 38cm<br \/>\nBorstbreedte: 100cm<br \/>\nMouwlengte: 39cm<br \/>\nGesamtl\u00e4nge: 59cm<\/p>","protected":false},"excerpt":{"rendered":"<div class=\"artikelmerkmale-zeile\">\n<div class=\"artikelmerkmale-left\">\u00c4rmell\u00e4nge: 3\/4 \u00c4rmel<\/div>\n<\/div>\n<div class=\"artikelmerkmale-zeile\">\n<div class=\"artikelmerkmale-left\">Farbe: Schwarz-wei\u00df-gestreift<\/div>\n<\/div>\n<div class=\"artikelmerkmale-zeile\">\n<div class=\"artikelmerkmale-left\">Produktart: Bluse<\/div>\n<\/div>\n<div class=\"artikelmerkmale-zeile\">\n<div class=\"artikelmerkmale-left\">Materiaal: 100% katoen<\/div>\n<\/div>\n<div class=\"artikelmerkmale-zeile\">\n<div class=\"artikelmerkmale-left\">Marke: AJC<\/div>\n<\/div>\n<div class=\"artikelmerkmale-zeile\">\n<div class=\"artikelmerkmale-left\">Jahreszeit: Sommer<\/div>\n<\/div>\n<div class=\"artikelmerkmale-zeile\">\n<div class=\"artikelmerkmale-left\">Anlass: Freizeit<\/div>\n<\/div>\n<div class=\"artikelmerkmale-zeile\">\n<div class=\"artikelmerkmale-left\">Ausschnitt: Carmen<\/div>\n<\/div>\n<div class=\"artikelmerkmale-zeile\">\n<div class=\"artikelmerkmale-left\">Thema: Modern<\/div>\n<\/div>\n<div class=\"artikelmerkmale-zeile\">\n<div class=\"artikelmerkmale-left\">Stil: Basic<\/div>\n<\/div>\n<div class=\"artikelmerkmale-zeile\">\n<div class=\"artikelmerkmale-left\">Pasvorm: Normaal<\/div>\n<\/div>\n<div class=\"artikelmerkmale-zeile\">\n<div class=\"artikelmerkmale-left\">Muster: Gestreift<\/div>\n<\/div>\n<div class=\"artikelmerkmale-zeile\">\n<div class=\"artikelmerkmale-left\">Vintage: Nein<\/div>\n<\/div>\n<div class=\"artikelmerkmale-zeile\">\n<div class=\"artikelmerkmale-left\">Gr\u00f6\u00dfenkategorie: Normalgr\u00f6\u00dfe<\/div>\n<\/div>\n<div class=\"artikelmerkmale-zeile\">\n<div class=\"artikelmerkmale-left\">Abteilung: Damen<\/div>\n<\/div>\n<div class=\"artikelmerkmale-zeile\">\n<div class=\"artikelmerkmale-left\">Textilpflege: Maschinenw\u00e4sche<\/div>\n<\/div>","protected":false},"featured_media":78913,"comment_status":"open","ping_status":"closed","template":"","meta":{"_seopress_robots_primary_cat":"","_seopress_titles_title":"","_seopress_titles_desc":"","_seopress_robots_index":""},"product_brand":[],"product_cat":[1348,1414,1540],"product_tag":[],"class_list":{"0":"post-78817","1":"product","2":"type-product","3":"status-publish","4":"has-post-thumbnail","6":"product_cat-damen-mode","7":"product_cat-blusen","8":"product_cat-3-4-arm","9":"product_shipping_class-standard-versand","11":"first","12":"instock","13":"sale","14":"taxable","15":"shipping-taxable","16":"purchasable","17":"product-type-simple"},"_links":{"self":[{"href":"https:\/\/www.soanam.de\/nl\/wp-json\/wp\/v2\/product\/78817","targetHints":{"allow":["GET"]}}],"collection":[{"href":"https:\/\/www.soanam.de\/nl\/wp-json\/wp\/v2\/product"}],"about":[{"href":"https:\/\/www.soanam.de\/nl\/wp-json\/wp\/v2\/types\/product"}],"replies":[{"embeddable":true,"href":"https:\/\/www.soanam.de\/nl\/wp-json\/wp\/v2\/comments?post=78817"}],"wp:featuredmedia":[{"embeddable":true,"href":"https:\/\/www.soanam.de\/nl\/wp-json\/wp\/v2\/media\/78913"}],"wp:attachment":[{"href":"https:\/\/www.soanam.de\/nl\/wp-json\/wp\/v2\/media?parent=78817"}],"wp:term":[{"taxonomy":"product_brand","embeddable":true,"href":"https:\/\/www.soanam.de\/nl\/wp-json\/wp\/v2\/product_brand?post=78817"},{"taxonomy":"product_cat","embeddable":true,"href":"https:\/\/www.soanam.de\/nl\/wp-json\/wp\/v2\/product_cat?post=78817"},{"taxonomy":"product_tag","embeddable":true,"href":"https:\/\/www.soanam.de\/nl\/wp-json\/wp\/v2\/product_tag?post=78817"}],"curies":[{"name":"wp","href":"https:\/\/api.w.org\/{rel}","templated":true}]}}