{"id":78795,"date":"2023-12-13T21:27:09","date_gmt":"2023-12-13T20:27:09","guid":{"rendered":"https:\/\/www.soanam.de\/?post_type=product&#038;p=78795"},"modified":"2023-12-13T21:55:21","modified_gmt":"2023-12-13T20:55:21","slug":"ltb-blusenshirt-demake-in-weiss-blau-groesse-s","status":"publish","type":"product","link":"https:\/\/www.soanam.de\/nl\/produkt\/ltb-blusenshirt-demake-in-weiss-blau-groesse-s\/","title":{"rendered":"LTB blouse shirt Demake, in wit\/blauw, maat S"},"content":{"rendered":"<p>Gerader \u00c4rmel und unterer Saum<br \/>\nGekn\u00f6pfter Schlitz im Nacken<br \/>\nAngesetztes h\u00fcbsch plissiertes Sch\u00f6\u00dfchen<br \/>\nLogof\u00e4hnchen an der Seite<br \/>\nAngenehmer Baumwollstoff<\/p>\n<p>Diese leichte Bluse von LTB ist aus leichter Baumwolle, die diese Bluse ideal f\u00fcr hei\u00dfe Sommertage macht.<br \/>\nDas angesetzte h\u00fcbsch plissiertes Sch\u00f6\u00dfchen sowie die entspannte Passform machen die Bluse f\u00fcr dich zum idealen Begleiter.<\/p>\n<p>Materiaal: 100% katoen<br \/>\nOnderhoudsinstructies: Machinewas<\/p>\n<p>Kleur: wit, blauw<br \/>\nPatroon: Strepen<br \/>\nMaat: S<\/p>\n<p>Schouderbreedte: 51cm<br \/>\nBorstbreedte: 98cm<br \/>\nMouwlengte: 18cm<br \/>\nTotale lengte: 62cm<\/p>","protected":false},"excerpt":{"rendered":"<ul>\n<li>gestreifte Bluse von\u00a0<a title=\"LTB\" href=\"https:\/\/www.clothing-for-less.com\/ltb\">LTB<\/a><\/li>\n<li><span>angenehmer Baumwollstoff<\/span><\/li>\n<li><span>gerader \u00c4rmel und unterer Saum<\/span><\/li>\n<li><span>gekn\u00f6pfter Schlitz im Nacken<\/span><\/li>\n<li><span>angesetztes h\u00fcbsch plissiertes Sch\u00f6\u00dfchen<\/span><\/li>\n<li><span>Logof\u00e4hnchen an der Seite<\/span><\/li>\n<li><span>Rundhals<\/span><\/li>\n<li><span>Perfekt f\u00fcr einen stilvollen, femininen Look<\/span><\/li>\n<li><span>entspannte Passform<\/span><\/li>\n<li><span>100% Katoen<\/span><\/li>\n<\/ul>","protected":false},"featured_media":78890,"comment_status":"open","ping_status":"closed","template":"","meta":{"_seopress_robots_primary_cat":"","_seopress_titles_title":"","_seopress_titles_desc":"","_seopress_robots_index":""},"product_brand":[],"product_cat":[1348,1414,1536],"product_tag":[],"class_list":{"0":"post-78795","1":"product","2":"type-product","3":"status-publish","4":"has-post-thumbnail","6":"product_cat-damen-mode","7":"product_cat-blusen","8":"product_cat-kurzarm-blusen","9":"product_shipping_class-standard-versand","11":"first","12":"instock","13":"sale","14":"taxable","15":"shipping-taxable","16":"purchasable","17":"product-type-simple"},"_links":{"self":[{"href":"https:\/\/www.soanam.de\/nl\/wp-json\/wp\/v2\/product\/78795","targetHints":{"allow":["GET"]}}],"collection":[{"href":"https:\/\/www.soanam.de\/nl\/wp-json\/wp\/v2\/product"}],"about":[{"href":"https:\/\/www.soanam.de\/nl\/wp-json\/wp\/v2\/types\/product"}],"replies":[{"embeddable":true,"href":"https:\/\/www.soanam.de\/nl\/wp-json\/wp\/v2\/comments?post=78795"}],"wp:featuredmedia":[{"embeddable":true,"href":"https:\/\/www.soanam.de\/nl\/wp-json\/wp\/v2\/media\/78890"}],"wp:attachment":[{"href":"https:\/\/www.soanam.de\/nl\/wp-json\/wp\/v2\/media?parent=78795"}],"wp:term":[{"taxonomy":"product_brand","embeddable":true,"href":"https:\/\/www.soanam.de\/nl\/wp-json\/wp\/v2\/product_brand?post=78795"},{"taxonomy":"product_cat","embeddable":true,"href":"https:\/\/www.soanam.de\/nl\/wp-json\/wp\/v2\/product_cat?post=78795"},{"taxonomy":"product_tag","embeddable":true,"href":"https:\/\/www.soanam.de\/nl\/wp-json\/wp\/v2\/product_tag?post=78795"}],"curies":[{"name":"wp","href":"https:\/\/api.w.org\/{rel}","templated":true}]}}