{"id":78717,"date":"2023-12-13T21:25:03","date_gmt":"2023-12-13T20:25:03","guid":{"rendered":"https:\/\/www.soanam.de\/?post_type=product&#038;p=78717"},"modified":"2023-12-13T21:27:22","modified_gmt":"2023-12-13T20:27:22","slug":"levis-langarmhemd-mit-logo-badge-in-weiss-groesse-m","status":"publish","type":"product","link":"https:\/\/www.soanam.de\/nl\/produkt\/levis-langarmhemd-mit-logo-badge-in-weiss-groesse-m\/","title":{"rendered":"Levi's Langarmhemd mit Logo-Badge, in Wei\u00df, Gr\u00f6\u00dfe M"},"content":{"rendered":"<p>Klassisches Hemd mit Logo-Applikation<br \/>\nSlanke pasvorm<br \/>\nMit Kentkragen<br \/>\nHochwertige Baumwollqualit\u00e4t<\/p>\n<p>Mit seiner Logostickerei auf der Brust, dem klassischen Kentkragen und der schmalen Passform ist das schlichte Herrenhemd ein angenehmer Begleiter, auch, aufgrund der hochwertigen Baumwollqualit\u00e4t.<\/p>\n<p>Materiaal: 100% katoen<br \/>\nOnderhoudsinstructies: Machinewas<\/p>\n<p>Kleur: wit<br \/>\nMuster: Logo Badge<br \/>\nMaat: M<\/p>\n<p>Schouderbreedte: 45cm<br \/>\nBorstbreedte: 100cm<br \/>\nMouwlengte: 64cm<br \/>\nTotale lengte: 71cm<\/p>\n<p>Dit nieuwe artikel is een retourzending van een klant zonder label.<\/p>","protected":false},"excerpt":{"rendered":"<table class=\"dv_characteristicsTable\">\n<tbody>\n<tr>\n<td class=\"left\">Maat<\/td>\n<td>M<\/td>\n<\/tr>\n<tr>\n<td class=\"left\">Gr\u00f6\u00dfentyp<\/td>\n<td>Normalgr\u00f6\u00dfen<\/td>\n<\/tr>\n<tr>\n<td class=\"left\">Materiaalsamenstelling<\/td>\n<td>Obermaterial: 100% Baumwolle<\/td>\n<\/tr>\n<tr>\n<td class=\"left\">Onderhoudsinstructies<\/td>\n<td>Machinewas<\/td>\n<\/tr>\n<tr>\n<td class=\"left\">Stil<\/td>\n<td>casual<\/td>\n<\/tr>\n<tr>\n<td class=\"left\">Kleur<\/td>\n<td>reinwei\u00df<\/td>\n<\/tr>\n<tr>\n<td class=\"left\">\u00c4rmel<\/td>\n<td>Lange mouw<\/td>\n<\/tr>\n<tr>\n<td class=\"left\">\u00c4rmelabschluss<\/td>\n<td>1-Knopf-Manschette<\/td>\n<\/tr>\n<tr>\n<td class=\"left\">Verschluss<\/td>\n<td>Kn\u00f6pfe<\/td>\n<\/tr>\n<tr>\n<td class=\"left\">Besondere Merkmale<\/td>\n<td>mit Logo-Badge auf der Brust<\/td>\n<\/tr>\n<\/tbody>\n<\/table>","protected":false},"featured_media":78807,"comment_status":"open","ping_status":"closed","template":"","meta":{"_seopress_robots_primary_cat":"","_seopress_titles_title":"","_seopress_titles_desc":"","_seopress_robots_index":""},"product_brand":[],"product_cat":[1345,1497,1532],"product_tag":[],"class_list":{"0":"post-78717","1":"product","2":"type-product","3":"status-publish","4":"has-post-thumbnail","6":"product_cat-herrenmode","7":"product_cat-hemden","8":"product_cat-langarm-hemden","9":"product_shipping_class-standard-versand","11":"first","12":"instock","13":"taxable","14":"shipping-taxable","15":"purchasable","16":"product-type-simple"},"_links":{"self":[{"href":"https:\/\/www.soanam.de\/nl\/wp-json\/wp\/v2\/product\/78717","targetHints":{"allow":["GET"]}}],"collection":[{"href":"https:\/\/www.soanam.de\/nl\/wp-json\/wp\/v2\/product"}],"about":[{"href":"https:\/\/www.soanam.de\/nl\/wp-json\/wp\/v2\/types\/product"}],"replies":[{"embeddable":true,"href":"https:\/\/www.soanam.de\/nl\/wp-json\/wp\/v2\/comments?post=78717"}],"wp:featuredmedia":[{"embeddable":true,"href":"https:\/\/www.soanam.de\/nl\/wp-json\/wp\/v2\/media\/78807"}],"wp:attachment":[{"href":"https:\/\/www.soanam.de\/nl\/wp-json\/wp\/v2\/media?parent=78717"}],"wp:term":[{"taxonomy":"product_brand","embeddable":true,"href":"https:\/\/www.soanam.de\/nl\/wp-json\/wp\/v2\/product_brand?post=78717"},{"taxonomy":"product_cat","embeddable":true,"href":"https:\/\/www.soanam.de\/nl\/wp-json\/wp\/v2\/product_cat?post=78717"},{"taxonomy":"product_tag","embeddable":true,"href":"https:\/\/www.soanam.de\/nl\/wp-json\/wp\/v2\/product_tag?post=78717"}],"curies":[{"name":"wp","href":"https:\/\/api.w.org\/{rel}","templated":true}]}}