{"id":78626,"date":"2023-12-13T21:23:19","date_gmt":"2023-12-13T20:23:19","guid":{"rendered":"https:\/\/www.soanam.de\/?post_type=product&#038;p=78626"},"modified":"2023-12-13T21:25:20","modified_gmt":"2023-12-13T20:25:20","slug":"original-triumph-a9930496-universal-outdoor-motorradabdeckung-schwarz-groesse-xl","status":"publish","type":"product","link":"https:\/\/www.soanam.de\/nl\/produkt\/original-triumph-a9930496-universal-outdoor-motorradabdeckung-schwarz-groesse-xl\/","title":{"rendered":"Originele Triumph A9930496 Universele outdoor motorhoes, zwart, maat XL"},"content":{"rendered":"<h3>Beschrijving van de<\/h3>\n<p>Mit dieser Motorradabdeckung mit Triumph-Logo sch\u00fctzen Sie Ihr Bike vor der Witterung. Robuste Au\u00dfenkonstruktion mit extern verklebten N\u00e4hten, reflektierenden Details, einem hitzebest\u00e4ndigen Futter, verstellbarem Bauchgurt und Rundum-Spritzschutz.<\/p>\n<h3>Spezifikationen<\/h3>\n<p>Triumph A9930496 Universal-Au\u00dfenabdeckung im Original Koffer<br \/>\nKleur: Zwart<br \/>\nMaat: XL<br \/>\nLieferumfang: 1x Allwetter-Abdeckung, 1x Koffer<br \/>\nNeuer und originaler Triumph Artikel mit Logo<\/p>","protected":false},"excerpt":{"rendered":"<h3>Artikelmerkmale<\/h3>\n<p>Staat van het item: Nieuw met label: Nieuw, ongebruikt en ongedragen item in de originele verpakking<\/p>\n<table border=\"0\" frame=\"VOID\" rules=\"NONE\" cellspacing=\"0\">\n<colgroup>\n<col width=\"116\" \/>\n<col width=\"322\" \/><\/colgroup>\n<tbody>\n<tr>\n<td align=\"LEFT\" width=\"116\" height=\"17\">Brand:<\/td>\n<td align=\"LEFT\" width=\"322\">TRIUMPH<\/td>\n<\/tr>\n<tr>\n<td align=\"LEFT\" height=\"17\">EAN:<\/td>\n<td align=\"LEFT\">nichtzutreffend<\/td>\n<\/tr>\n<tr>\n<td align=\"LEFT\" height=\"17\">Kleur:<\/td>\n<td align=\"LEFT\">Zwart<\/td>\n<\/tr>\n<tr>\n<td align=\"LEFT\" height=\"17\">Grootte:<\/td>\n<td align=\"LEFT\">XL<\/td>\n<\/tr>\n<tr>\n<td align=\"LEFT\" height=\"17\">grundfarbe:<\/td>\n<td align=\"LEFT\">Zwart<\/td>\n<\/tr>\n<tr>\n<td align=\"LEFT\" height=\"17\">Hersteller:<\/td>\n<td align=\"LEFT\">Triumph<\/td>\n<\/tr>\n<tr>\n<td align=\"LEFT\" height=\"17\">Herstellernummer:<\/td>\n<td align=\"LEFT\">A9930496<\/td>\n<\/tr>\n<tr>\n<td align=\"LEFT\" height=\"17\">Marke:<\/td>\n<td align=\"LEFT\">TRIUMPH<\/td>\n<\/tr>\n<tr>\n<td align=\"LEFT\" height=\"17\">Produktart:<\/td>\n<td align=\"LEFT\">Abdeckhaube<\/td>\n<\/tr>\n<\/tbody>\n<\/table>","protected":false},"featured_media":78730,"comment_status":"open","ping_status":"closed","template":"","meta":{"_seopress_robots_primary_cat":"","_seopress_titles_title":"","_seopress_titles_desc":"","_seopress_robots_index":""},"product_brand":[],"product_cat":[1730],"product_tag":[],"class_list":{"0":"post-78626","1":"product","2":"type-product","3":"status-publish","4":"has-post-thumbnail","6":"product_cat-sonstiges-2","7":"product_shipping_class-standard-versand","9":"first","10":"instock","11":"sale","12":"taxable","13":"shipping-taxable","14":"purchasable","15":"product-type-simple"},"_links":{"self":[{"href":"https:\/\/www.soanam.de\/nl\/wp-json\/wp\/v2\/product\/78626","targetHints":{"allow":["GET"]}}],"collection":[{"href":"https:\/\/www.soanam.de\/nl\/wp-json\/wp\/v2\/product"}],"about":[{"href":"https:\/\/www.soanam.de\/nl\/wp-json\/wp\/v2\/types\/product"}],"replies":[{"embeddable":true,"href":"https:\/\/www.soanam.de\/nl\/wp-json\/wp\/v2\/comments?post=78626"}],"wp:featuredmedia":[{"embeddable":true,"href":"https:\/\/www.soanam.de\/nl\/wp-json\/wp\/v2\/media\/78730"}],"wp:attachment":[{"href":"https:\/\/www.soanam.de\/nl\/wp-json\/wp\/v2\/media?parent=78626"}],"wp:term":[{"taxonomy":"product_brand","embeddable":true,"href":"https:\/\/www.soanam.de\/nl\/wp-json\/wp\/v2\/product_brand?post=78626"},{"taxonomy":"product_cat","embeddable":true,"href":"https:\/\/www.soanam.de\/nl\/wp-json\/wp\/v2\/product_cat?post=78626"},{"taxonomy":"product_tag","embeddable":true,"href":"https:\/\/www.soanam.de\/nl\/wp-json\/wp\/v2\/product_tag?post=78626"}],"curies":[{"name":"wp","href":"https:\/\/api.w.org\/{rel}","templated":true}]}}