{"id":78607,"date":"2023-12-13T21:22:53","date_gmt":"2023-12-13T20:22:53","guid":{"rendered":"https:\/\/www.soanam.de\/?post_type=product&#038;p=78607"},"modified":"2023-12-13T21:25:10","modified_gmt":"2023-12-13T20:25:10","slug":"laura-scott-shirt-mit-folienprint-in-weiss-groesse-36","status":"publish","type":"product","link":"https:\/\/www.soanam.de\/nl\/produkt\/laura-scott-shirt-mit-folienprint-in-weiss-groesse-36\/","title":{"rendered":"Laura Scott shirt met folieprint, in wit, maat 36"},"content":{"rendered":"<p>Rundhalsshirt von Laura Scott<br \/>\nMit angesagtem Frontprint<br \/>\nEng anliegend Form<br \/>\nAus angenehm weicher Jerseyware<\/p>\n<p>Das Laura-Scott-Printshirt mit metallisch gl\u00e4nzendem Schriftzug auf der Vorderseite wirkt edel und garantiert einen stilvollen, modischen Auftritt.<br \/>\nEs ist figurbetont geschnitten und verf\u00fcgt \u00fcber einen Rundhalsausschnitt und kurze \u00c4rmel.<br \/>\nDie angenehm weicher Jerseyware macht es himmlisch bequem.<\/p>\n<p>Materiaal: 95% katoen, 5% elastaan<br \/>\nOnderhoudsinstructies: Machinewas<\/p>\n<p>Kleur: wit<br \/>\nPatroon: Voorkant print<br \/>\nMaat: 36<\/p>\n<p>Schouderbreedte: 36cm<br \/>\nBorstbreedte: 88cm<br \/>\n\u00c4rmell\u00e4nge: 11cm<br \/>\nTotale lengte: 69cm<\/p>\n<p>Dit nieuwe artikel is een retourzending van een klant zonder label.<\/p>","protected":false},"excerpt":{"rendered":"<table class=\"dv_characteristicsTable\">\n<tbody>\n<tr>\n<td class=\"left\">Maat<\/td>\n<td>36<\/td>\n<\/tr>\n<tr>\n<td class=\"left\">Gr\u00f6\u00dfentyp<\/td>\n<td>Normalgr\u00f6\u00dfen<\/td>\n<\/tr>\n<tr>\n<td class=\"left\">Materiaalsamenstelling<\/td>\n<td>Obermaterial: 95% Baumwolle, 5% Elasthan<\/td>\n<\/tr>\n<tr>\n<td class=\"left\">Materialart<\/td>\n<td>Jersey<\/td>\n<\/tr>\n<tr>\n<td class=\"left\">Materialeigenschaften<\/td>\n<td>elastisch<\/td>\n<\/tr>\n<tr>\n<td class=\"left\">Onderhoudsinstructies<\/td>\n<td>Machinewas<\/td>\n<\/tr>\n<tr>\n<td class=\"left\">Optik<\/td>\n<td>bedruckt<\/td>\n<\/tr>\n<tr>\n<td class=\"left\">Stil<\/td>\n<td>feminin<\/td>\n<\/tr>\n<tr>\n<td class=\"left\">Kleur<\/td>\n<td>wei\u00df<\/td>\n<\/tr>\n<tr>\n<td class=\"left\">Ausschnitt<\/td>\n<td>Rundhals<\/td>\n<\/tr>\n<tr>\n<td class=\"left\">Ausschnittdetails<\/td>\n<td>eingefasste Kante<\/td>\n<\/tr>\n<tr>\n<td class=\"left\">\u00c4rmel<\/td>\n<td>Korte mouw<\/td>\n<\/tr>\n<tr>\n<td class=\"left\">Pas<\/td>\n<td>sehr figurbetont<\/td>\n<\/tr>\n<tr>\n<td class=\"left\">Schnittform L\u00e4nge<\/td>\n<td>h\u00fcftlang<\/td>\n<\/tr>\n<tr>\n<td class=\"left\">Applikationen<\/td>\n<td>Print<\/td>\n<\/tr>\n<tr>\n<td class=\"left\">Besondere Merkmale<\/td>\n<td>mit Folienprint<\/td>\n<\/tr>\n<\/tbody>\n<\/table>","protected":false},"featured_media":78722,"comment_status":"open","ping_status":"closed","template":"","meta":{"_seopress_robots_primary_cat":"","_seopress_titles_title":"","_seopress_titles_desc":"","_seopress_robots_index":""},"product_brand":[],"product_cat":[1348,1458,1477],"product_tag":[],"class_list":{"0":"post-78607","1":"product","2":"type-product","3":"status-publish","4":"has-post-thumbnail","6":"product_cat-damen-mode","7":"product_cat-shirts-damen-mode","8":"product_cat-t-shirts-shirts-damen-mode","9":"product_shipping_class-standard-versand","11":"first","12":"instock","13":"sale","14":"taxable","15":"shipping-taxable","16":"purchasable","17":"product-type-simple"},"_links":{"self":[{"href":"https:\/\/www.soanam.de\/nl\/wp-json\/wp\/v2\/product\/78607","targetHints":{"allow":["GET"]}}],"collection":[{"href":"https:\/\/www.soanam.de\/nl\/wp-json\/wp\/v2\/product"}],"about":[{"href":"https:\/\/www.soanam.de\/nl\/wp-json\/wp\/v2\/types\/product"}],"replies":[{"embeddable":true,"href":"https:\/\/www.soanam.de\/nl\/wp-json\/wp\/v2\/comments?post=78607"}],"wp:featuredmedia":[{"embeddable":true,"href":"https:\/\/www.soanam.de\/nl\/wp-json\/wp\/v2\/media\/78722"}],"wp:attachment":[{"href":"https:\/\/www.soanam.de\/nl\/wp-json\/wp\/v2\/media?parent=78607"}],"wp:term":[{"taxonomy":"product_brand","embeddable":true,"href":"https:\/\/www.soanam.de\/nl\/wp-json\/wp\/v2\/product_brand?post=78607"},{"taxonomy":"product_cat","embeddable":true,"href":"https:\/\/www.soanam.de\/nl\/wp-json\/wp\/v2\/product_cat?post=78607"},{"taxonomy":"product_tag","embeddable":true,"href":"https:\/\/www.soanam.de\/nl\/wp-json\/wp\/v2\/product_tag?post=78607"}],"curies":[{"name":"wp","href":"https:\/\/api.w.org\/{rel}","templated":true}]}}