{"id":78604,"date":"2023-12-13T21:22:52","date_gmt":"2023-12-13T20:22:52","guid":{"rendered":"https:\/\/www.soanam.de\/?post_type=product&#038;p=78604"},"modified":"2023-12-13T21:24:56","modified_gmt":"2023-12-13T20:24:56","slug":"agu-winter-rain-pants-commuter-men-black-reflection-xxl-gefuetterte-radhose","status":"publish","type":"product","link":"https:\/\/www.soanam.de\/nl\/produkt\/agu-winter-rain-pants-commuter-men-black-reflection-xxl-gefuetterte-radhose\/","title":{"rendered":"AGU Winter Regenbroek Commuter Heren, Zwart &amp; Reflectie, XXL, gevoerde fietsbroek"},"content":{"rendered":"<h3>Beschrijving van de<\/h3>\n<p>Die AGU Commuter Linie trifft den Zeitgeist und richtet sich an Fahrrad Pendler mit h\u00f6chsten Anspr\u00fcchen an Funktion &amp; Sichtbarkeit. Stark reflektierende Hi-Visibility Elemente sorgen f\u00fcr Sicherheit im Stra\u00dfenverkehr.<\/p>\n<p>Warm und wasserdicht: Mit der Winter Rain Pants Commuter Men von AGU f\u00fcr die Wintersaison auf dem Rad gut ger\u00fcstet! Es ist eine gef\u00fctterte Regenhose aus atmungsaktivem, strapazierf\u00e4higem Ripstop-Material. Das glatte Taftfutter auf der Innenseite bietet dir eine leichte Isolation bei voller Bewegungsfreiheit. Die Winter Rain Pants Commuter hat einen verst\u00e4rkten Sitzbereich und integrierte \u00dcberschuhe. Die Hose kannst du in die separate Tasche gut verstauen.<\/p>\n<p>Die Hose ist aus AGUs Greensphere-Programm, d.h. das Material besteht aus recyceltem Polyester, ist PU-beschichtet und folglich PVC-frei. Die Poray Membrane ist 100% wind- und wasserdicht sowie hoch atmungsaktiv. Ergonomisch perfekte Passformen, clevere Details &amp; die hohe Haltbarkeit \u00fcberzeugen bei jedem deiner Kilometer.<\/p>\n<p>Gr\u00f6\u00dfenempfehlung: F\u00e4llt normal aus.<\/p>\n<p>- 2.5 lagig<br \/>\n- wind- und wasserdicht (Poray 10.000), atmungsaktiv<br \/>\n- EN 20471 Hi-vis color Material &amp; reflektierende All-Over-Print-Paneele<br \/>\n- abgedeckte und unterlegte YKK-Rei\u00dfverschl\u00fcsse vom unteren Saum bis zum Knie<br \/>\n- elastischer Kordelzug-Bund<br \/>\n- mit Klettverschluss verstellbare Fu\u00dfweite<br \/>\n- separate Aufbewahrungstasche<br \/>\n- Ripstop: Stoff in einer speziellen Technik gewebt (Rechenk\u00e4stchenstruktur), besonders rei\u00dffest<\/p>\n<p>Material: 100% recyceltes Polyester Ripstop, Microfleece-Futter, DuPont Sorona Polsterung.<\/p>\n<p>Pflegehinweis: Nur in trockenem Zustand verpacken. Schonwaschgang bei 30 \u00b0C. Farbe kann durch das Waschen ausbleichen. Nicht Trockner geeignet. Nicht b\u00fcgeln. Nicht bleichen. Keinen Weichsp\u00fcler verwenden.<\/p>","protected":false},"excerpt":{"rendered":"<h3>Artikelmerkmale<\/h3>\n<p>Staat van het item: Nieuw met label: Nieuw, ongebruikt en ongedragen item in de originele verpakking<\/p>\n<table border=\"0\" frame=\"VOID\" rules=\"NONE\" cellspacing=\"0\">\n<colgroup>\n<col width=\"116\" \/>\n<col width=\"322\" \/><\/colgroup>\n<tbody>\n<tr>\n<td align=\"LEFT\" width=\"116\" height=\"17\">Abteilung:<\/td>\n<td align=\"LEFT\" width=\"322\">Herren<\/td>\n<\/tr>\n<tr>\n<td align=\"LEFT\" height=\"17\">Aktivit\u00e4t:<\/td>\n<td align=\"LEFT\">Radsport<\/td>\n<\/tr>\n<tr>\n<td align=\"LEFT\" height=\"17\">Anlass:<\/td>\n<td align=\"LEFT\">Freizeit, Sport<\/td>\n<\/tr>\n<tr>\n<td align=\"LEFT\" height=\"17\">Besonderheiten:<\/td>\n<td align=\"LEFT\">Wasserfest, Gepolstert, Hohe Sichtbarkeit, Taschen<\/td>\n<\/tr>\n<tr>\n<td align=\"LEFT\" height=\"17\">EAN:<\/td>\n<td align=\"LEFT\">8717565664180<\/td>\n<\/tr>\n<tr>\n<td align=\"LEFT\" height=\"17\">Kleur:<\/td>\n<td align=\"LEFT\">Zwart<\/td>\n<\/tr>\n<tr>\n<td align=\"LEFT\" height=\"17\">Gewebeart:<\/td>\n<td align=\"LEFT\">Fleece<\/td>\n<\/tr>\n<tr>\n<td align=\"LEFT\" height=\"17\">Grootte:<\/td>\n<td align=\"LEFT\">2XL<\/td>\n<\/tr>\n<tr>\n<td align=\"LEFT\" height=\"17\">Gr\u00f6\u00dfenkategorie:<\/td>\n<td align=\"LEFT\">Normalgr\u00f6\u00dfe<\/td>\n<\/tr>\n<tr>\n<td align=\"LEFT\" height=\"17\">Jahreszeit:<\/td>\n<td align=\"LEFT\">Fr\u00fchling, Herbst, Winter<\/td>\n<\/tr>\n<tr>\n<td align=\"LEFT\" height=\"17\">Marke:<\/td>\n<td align=\"LEFT\">AGU<\/td>\n<\/tr>\n<tr>\n<td align=\"LEFT\" height=\"17\">Materiaal:<\/td>\n<td align=\"LEFT\">100% Polyester<\/td>\n<\/tr>\n<tr>\n<td align=\"LEFT\" height=\"17\">Produktart:<\/td>\n<td align=\"LEFT\">Broek<\/td>\n<\/tr>\n<tr>\n<td align=\"LEFT\" height=\"17\">Schrittl\u00e4nge:<\/td>\n<td align=\"LEFT\">Ohne Angaben<\/td>\n<\/tr>\n<tr>\n<td align=\"LEFT\" height=\"17\">Stil:<\/td>\n<td align=\"LEFT\">Regenhose<\/td>\n<\/tr>\n<tr>\n<td align=\"LEFT\" height=\"17\">Taillenumfang:<\/td>\n<td align=\"LEFT\">ohne Angaben<\/td>\n<\/tr>\n<tr>\n<td align=\"LEFT\" height=\"17\">Thema:<\/td>\n<td align=\"LEFT\">Biker<\/td>\n<\/tr>\n<tr>\n<td align=\"LEFT\" height=\"17\">Verschluss:<\/td>\n<td align=\"LEFT\">Klettverschluss<\/td>\n<\/tr>\n<tr>\n<td align=\"LEFT\" height=\"17\">Vintage:<\/td>\n<td align=\"LEFT\">Nein<\/td>\n<\/tr>\n<\/tbody>\n<\/table>","protected":false},"featured_media":78707,"comment_status":"open","ping_status":"closed","template":"","meta":{"_seopress_robots_primary_cat":"","_seopress_titles_title":"","_seopress_titles_desc":"","_seopress_robots_index":""},"product_brand":[],"product_cat":[1345,1346,1365,1526],"product_tag":[],"class_list":{"0":"post-78604","1":"product","2":"type-product","3":"status-publish","4":"has-post-thumbnail","6":"product_cat-herrenmode","7":"product_cat-hosen","8":"product_cat-sportbekleidung","9":"product_cat-jogginghosen-sportbekleidung","10":"product_shipping_class-standard-versand","12":"first","13":"instock","14":"sale","15":"taxable","16":"shipping-taxable","17":"purchasable","18":"product-type-simple"},"_links":{"self":[{"href":"https:\/\/www.soanam.de\/nl\/wp-json\/wp\/v2\/product\/78604","targetHints":{"allow":["GET"]}}],"collection":[{"href":"https:\/\/www.soanam.de\/nl\/wp-json\/wp\/v2\/product"}],"about":[{"href":"https:\/\/www.soanam.de\/nl\/wp-json\/wp\/v2\/types\/product"}],"replies":[{"embeddable":true,"href":"https:\/\/www.soanam.de\/nl\/wp-json\/wp\/v2\/comments?post=78604"}],"wp:featuredmedia":[{"embeddable":true,"href":"https:\/\/www.soanam.de\/nl\/wp-json\/wp\/v2\/media\/78707"}],"wp:attachment":[{"href":"https:\/\/www.soanam.de\/nl\/wp-json\/wp\/v2\/media?parent=78604"}],"wp:term":[{"taxonomy":"product_brand","embeddable":true,"href":"https:\/\/www.soanam.de\/nl\/wp-json\/wp\/v2\/product_brand?post=78604"},{"taxonomy":"product_cat","embeddable":true,"href":"https:\/\/www.soanam.de\/nl\/wp-json\/wp\/v2\/product_cat?post=78604"},{"taxonomy":"product_tag","embeddable":true,"href":"https:\/\/www.soanam.de\/nl\/wp-json\/wp\/v2\/product_tag?post=78604"}],"curies":[{"name":"wp","href":"https:\/\/api.w.org\/{rel}","templated":true}]}}