{"id":78583,"date":"2023-12-13T21:22:23","date_gmt":"2023-12-13T20:22:23","guid":{"rendered":"https:\/\/www.soanam.de\/?post_type=product&#038;p=78583"},"modified":"2023-12-13T21:24:42","modified_gmt":"2023-12-13T20:24:42","slug":"bench-t-shirt-im-2er-pack-in-hellgrau-und-weiss-groesse-44-46","status":"publish","type":"product","link":"https:\/\/www.soanam.de\/nl\/produkt\/bench-t-shirt-im-2er-pack-in-hellgrau-und-weiss-groesse-44-46\/","title":{"rendered":"Bank. T-shirt in een 2-pack, in lichtgrijs en wit, maat 44\/46"},"content":{"rendered":"<p>T-Shirts im 2er-Pack von Bench<br \/>\nHoge ronde halslijn<br \/>\nLogodruck auf der Brust<br \/>\nLegere Form<br \/>\nZachte katoenkwaliteit<\/p>\n<p>T-Shirts im 2er-Pack von Bench aus angenehmen Jerseymaterial mit schmalen Halsb\u00fcndchen und l\u00e4ssig umgeschlagenen \u00c4rmeln.<br \/>\nDer Labelprint auf Brusth\u00f6he und die leichten Taillierung machen die Damenshirts so besonders.<\/p>\n<p>Material: 100% Baumwolle ( wei\u00df ), 95% Baumwolle, 5% Viskose melange )<br \/>\nOnderhoudsinstructies: Machinewas<\/p>\n<p>Farbe: wei\u00df, hellgrau, meliert<br \/>\nPatroon: logoprint<br \/>\nGrootte: 44\/46<\/p>\n<p>Schouderbreedte: 42cm<br \/>\nBorstbreedte: 116cm<br \/>\nMouwlengte: 18cm<br \/>\nTotale lengte: 64cm<\/p>","protected":false},"excerpt":{"rendered":"<table class=\"dv_characteristicsTable\">\n<tbody>\n<tr>\n<td class=\"left\">Maat<\/td>\n<td>44\/46<\/td>\n<\/tr>\n<tr>\n<td class=\"left\">Gr\u00f6\u00dfentyp<\/td>\n<td>Normalgr\u00f6\u00dfen<\/td>\n<\/tr>\n<tr>\n<td class=\"left\">Materiaalsamenstelling<\/td>\n<td>Obermaterial: 100% Baumwolle. Melange in der Packung: 95% Baumwolle, 5% Viskose<\/td>\n<\/tr>\n<tr>\n<td class=\"left\">Onderhoudsinstructies<\/td>\n<td>Machinewas<\/td>\n<\/tr>\n<tr>\n<td class=\"left\">Stil<\/td>\n<td>Basic<\/td>\n<\/tr>\n<tr>\n<td class=\"left\">Kleur<\/td>\n<td>hellgrau, meliert<\/td>\n<\/tr>\n<tr>\n<td class=\"left\">Farbe Packst\u00fcck 2<\/td>\n<td>wei\u00df<\/td>\n<\/tr>\n<tr>\n<td class=\"left\">\u00c4rmel<\/td>\n<td>Korte mouw<\/td>\n<\/tr>\n<\/tbody>\n<\/table>","protected":false},"featured_media":78699,"comment_status":"open","ping_status":"closed","template":"","meta":{"_seopress_robots_primary_cat":"","_seopress_titles_title":"","_seopress_titles_desc":"","_seopress_robots_index":""},"product_brand":[],"product_cat":[1348,1458,1477],"product_tag":[],"class_list":{"0":"post-78583","1":"product","2":"type-product","3":"status-publish","4":"has-post-thumbnail","6":"product_cat-damen-mode","7":"product_cat-shirts-damen-mode","8":"product_cat-t-shirts-shirts-damen-mode","9":"product_shipping_class-standard-versand","11":"first","12":"instock","13":"taxable","14":"shipping-taxable","15":"purchasable","16":"product-type-simple"},"_links":{"self":[{"href":"https:\/\/www.soanam.de\/nl\/wp-json\/wp\/v2\/product\/78583","targetHints":{"allow":["GET"]}}],"collection":[{"href":"https:\/\/www.soanam.de\/nl\/wp-json\/wp\/v2\/product"}],"about":[{"href":"https:\/\/www.soanam.de\/nl\/wp-json\/wp\/v2\/types\/product"}],"replies":[{"embeddable":true,"href":"https:\/\/www.soanam.de\/nl\/wp-json\/wp\/v2\/comments?post=78583"}],"wp:featuredmedia":[{"embeddable":true,"href":"https:\/\/www.soanam.de\/nl\/wp-json\/wp\/v2\/media\/78699"}],"wp:attachment":[{"href":"https:\/\/www.soanam.de\/nl\/wp-json\/wp\/v2\/media?parent=78583"}],"wp:term":[{"taxonomy":"product_brand","embeddable":true,"href":"https:\/\/www.soanam.de\/nl\/wp-json\/wp\/v2\/product_brand?post=78583"},{"taxonomy":"product_cat","embeddable":true,"href":"https:\/\/www.soanam.de\/nl\/wp-json\/wp\/v2\/product_cat?post=78583"},{"taxonomy":"product_tag","embeddable":true,"href":"https:\/\/www.soanam.de\/nl\/wp-json\/wp\/v2\/product_tag?post=78583"}],"curies":[{"name":"wp","href":"https:\/\/api.w.org\/{rel}","templated":true}]}}