{"id":78579,"date":"2023-12-13T21:22:22","date_gmt":"2023-12-13T20:22:22","guid":{"rendered":"https:\/\/www.soanam.de\/?post_type=product&#038;p=78579"},"modified":"2023-12-13T21:24:23","modified_gmt":"2023-12-13T20:24:23","slug":"triumph-shapingtop-trendy-sensation-shirt-01-in-schwarz-groesse-m","status":"publish","type":"product","link":"https:\/\/www.soanam.de\/nl\/produkt\/triumph-shapingtop-trendy-sensation-shirt-01-in-schwarz-groesse-m\/","title":{"rendered":"Triumph Shapingtop - Trendy Sensation Shirt 01, in Schwarz, Gr\u00f6\u00dfe M"},"content":{"rendered":"<p>Figurformendes Top von Triumph<br \/>\nSieht aus wie ein Basic Top<br \/>\nTr\u00e4ger in der L\u00e4nge individuell verstellbar<br \/>\nVerst\u00e4rktes Material im Taillenbereich zaubert einen flachen Bauch und eine schlanke Silhouette<br \/>\nTrageangenehmes Material aus weicher und elastischer Microfaser<\/p>\n<p>Triumphs Shaping-Top \u00bbTrendy Sensation Shirt01\u00ab macht die perfekte Figur. Das Oberteil zaubert durch Verst\u00e4rkungen im Taillen-Bauch-Bereich an eine schlanke Silhouette und einen flachen Bauch. Die d\u00fcnnen Tr\u00e4ger sind individuell verstellbar und das angenehme Material aus weicher und dehnbarer Mikrofaser machen es unglaublich bequem.<\/p>\n<p>Material: 87% Polyamid, 13% Elasthan LYCRA\u00ae<br \/>\nOnderhoudsinstructies: Handwas<\/p>\n<p>Kleur: zwart<br \/>\nPatroon: zonder<br \/>\nMaat: M<\/p>\n<p>Schulterbreite: nicht zutreffend<br \/>\nBrustweite: 74cm<br \/>\n\u00c4rmell\u00e4nge: nicht zutreffend<br \/>\nTotale lengte: 61cm<\/p>","protected":false},"excerpt":{"rendered":"<table class=\"dv_characteristicsTable\">\n<tbody>\n<tr>\n<td class=\"left\">Maat<\/td>\n<td>M<\/td>\n<\/tr>\n<tr>\n<td class=\"left\">Gr\u00f6\u00dfentyp<\/td>\n<td>Normalgr\u00f6\u00dfen<\/td>\n<\/tr>\n<tr>\n<td class=\"left\">Materiaalsamenstelling<\/td>\n<td>Obermaterial: 87% Polyamid, 13% Elasthan LYCRA\u00ae<\/td>\n<\/tr>\n<tr>\n<td class=\"left\">Materialeigenschaften<\/td>\n<td>Lycra<\/td>\n<\/tr>\n<tr>\n<td class=\"left\">Onderhoudsinstructies<\/td>\n<td>Handw\u00e4sche<\/td>\n<\/tr>\n<tr>\n<td class=\"left\">Stil<\/td>\n<td>Basic<\/td>\n<\/tr>\n<tr>\n<td class=\"left\">Kleur<\/td>\n<td>schwarz<\/td>\n<\/tr>\n<tr>\n<td class=\"left\">Drager<\/td>\n<td>Spaghettitr\u00e4ger<\/td>\n<\/tr>\n<tr>\n<td class=\"left\">Tr\u00e4gerdetails<\/td>\n<td>verstellbar<\/td>\n<\/tr>\n<tr>\n<td class=\"left\">Verschluss<\/td>\n<td>ohne Verschluss<\/td>\n<\/tr>\n<tr>\n<td class=\"left\">Besondere Merkmale<\/td>\n<td>mit Spaghettitr\u00e4gern<\/td>\n<\/tr>\n<\/tbody>\n<\/table>","protected":false},"featured_media":78683,"comment_status":"open","ping_status":"closed","template":"","meta":{"_seopress_robots_primary_cat":"","_seopress_titles_title":"","_seopress_titles_desc":"","_seopress_robots_index":""},"product_brand":[],"product_cat":[1348,1458,1459],"product_tag":[],"class_list":{"0":"post-78579","1":"product","2":"type-product","3":"status-publish","4":"has-post-thumbnail","6":"product_cat-damen-mode","7":"product_cat-shirts-damen-mode","8":"product_cat-tops-shirts-damen-mode","9":"product_shipping_class-standard-versand","11":"first","12":"instock","13":"taxable","14":"shipping-taxable","15":"purchasable","16":"product-type-simple"},"_links":{"self":[{"href":"https:\/\/www.soanam.de\/nl\/wp-json\/wp\/v2\/product\/78579","targetHints":{"allow":["GET"]}}],"collection":[{"href":"https:\/\/www.soanam.de\/nl\/wp-json\/wp\/v2\/product"}],"about":[{"href":"https:\/\/www.soanam.de\/nl\/wp-json\/wp\/v2\/types\/product"}],"replies":[{"embeddable":true,"href":"https:\/\/www.soanam.de\/nl\/wp-json\/wp\/v2\/comments?post=78579"}],"wp:featuredmedia":[{"embeddable":true,"href":"https:\/\/www.soanam.de\/nl\/wp-json\/wp\/v2\/media\/78683"}],"wp:attachment":[{"href":"https:\/\/www.soanam.de\/nl\/wp-json\/wp\/v2\/media?parent=78579"}],"wp:term":[{"taxonomy":"product_brand","embeddable":true,"href":"https:\/\/www.soanam.de\/nl\/wp-json\/wp\/v2\/product_brand?post=78579"},{"taxonomy":"product_cat","embeddable":true,"href":"https:\/\/www.soanam.de\/nl\/wp-json\/wp\/v2\/product_cat?post=78579"},{"taxonomy":"product_tag","embeddable":true,"href":"https:\/\/www.soanam.de\/nl\/wp-json\/wp\/v2\/product_tag?post=78579"}],"curies":[{"name":"wp","href":"https:\/\/api.w.org\/{rel}","templated":true}]}}