{"id":78534,"date":"2023-12-13T21:21:30","date_gmt":"2023-12-13T20:21:30","guid":{"rendered":"https:\/\/www.soanam.de\/?post_type=product&#038;p=78534"},"modified":"2023-12-13T21:23:24","modified_gmt":"2023-12-13T20:23:24","slug":"vivance-t-shirt-im-2er-pack-in-schwarz-und-weiss-gepunktet-groesse-40-42","status":"publish","type":"product","link":"https:\/\/www.soanam.de\/nl\/produkt\/vivance-t-shirt-im-2er-pack-in-schwarz-und-weiss-gepunktet-groesse-40-42\/","title":{"rendered":"Vivance T-Shirt im 2er-Pack, in Schwarz und Wei\u00df, Gepunktet, Gr\u00f6\u00dfe 40\/42"},"content":{"rendered":"<p>T-Shirt im 2er-Pack von Vivance<br \/>\nBasic-Shirts mit modischem P\u00fcnktchen-Druck<br \/>\nAus elastischer Baumwoll-Qualit\u00e4t<\/p>\n<p>Das Basicshirt von Vivance im 2er-Pack mit tiefem Rundhalsausschnitt und einem frische Allover-P\u00fcnktchenmuster in den klassischen Farben Schwarz und Wei\u00df.<br \/>\nDie elastische Baumwollqualit\u00e4t macht die Klassiker weich und angenehm zu Tragen.<\/p>\n<p>Materiaal: 95% katoen , 5% elastaan<br \/>\nOnderhoudsinstructies: Machinewas<\/p>\n<p>Kleur: zwart, wit<br \/>\nPatroon: Stippen<br \/>\nGrootte: 36\/38<\/p>\n<p>Schulterbreite: 74cm<br \/>\nBorstbreedte: 88cm<br \/>\nMouwlengte: 20cm<br \/>\nTotale lengte: 62cm<\/p>\n<p>Dit nieuwe artikel is een retourzending van een klant zonder label.<\/p>","protected":false},"excerpt":{"rendered":"<table class=\"dv_characteristicsTable\">\n<tbody>\n<tr>\n<td class=\"left\">Maat<\/td>\n<td>40\/42<\/td>\n<\/tr>\n<tr>\n<td class=\"left\">Gr\u00f6\u00dfentyp<\/td>\n<td>Normalgr\u00f6\u00dfen<\/td>\n<\/tr>\n<tr>\n<td class=\"left\">Materiaalsamenstelling<\/td>\n<td>Obermaterial: 95% Baumwolle\u00a0, 5% Elasthan<\/td>\n<\/tr>\n<tr>\n<td class=\"left\">Materialart<\/td>\n<td>Single trui<\/td>\n<\/tr>\n<tr>\n<td class=\"left\">Onderhoudsinstructies<\/td>\n<td>Machinewas<\/td>\n<\/tr>\n<tr>\n<td class=\"left\">Kleur<\/td>\n<td>wei\u00df<\/td>\n<\/tr>\n<tr>\n<td class=\"left\">Farbe Packst\u00fcck 2<\/td>\n<td>schwarz<\/td>\n<\/tr>\n<tr>\n<td class=\"left\">Ausschnitt<\/td>\n<td>Rundhals<\/td>\n<\/tr>\n<tr>\n<td class=\"left\">\u00c4rmel<\/td>\n<td>Korte mouw<\/td>\n<\/tr>\n<tr>\n<td class=\"left\">Rumpfabschluss<\/td>\n<td>abgerundeter Saum<\/td>\n<\/tr>\n<tr>\n<td class=\"left\">Besondere Merkmale<\/td>\n<td>aus elastischer Baumwoll-Qualit\u00e4t<\/td>\n<\/tr>\n<\/tbody>\n<\/table>","protected":false},"featured_media":78632,"comment_status":"open","ping_status":"closed","template":"","meta":{"_seopress_robots_primary_cat":"","_seopress_titles_title":"","_seopress_titles_desc":"","_seopress_robots_index":""},"product_brand":[],"product_cat":[1348,1458,1477],"product_tag":[],"class_list":{"0":"post-78534","1":"product","2":"type-product","3":"status-publish","4":"has-post-thumbnail","6":"product_cat-damen-mode","7":"product_cat-shirts-damen-mode","8":"product_cat-t-shirts-shirts-damen-mode","9":"product_shipping_class-standard-versand","11":"first","12":"instock","13":"sale","14":"taxable","15":"shipping-taxable","16":"purchasable","17":"product-type-simple"},"_links":{"self":[{"href":"https:\/\/www.soanam.de\/nl\/wp-json\/wp\/v2\/product\/78534","targetHints":{"allow":["GET"]}}],"collection":[{"href":"https:\/\/www.soanam.de\/nl\/wp-json\/wp\/v2\/product"}],"about":[{"href":"https:\/\/www.soanam.de\/nl\/wp-json\/wp\/v2\/types\/product"}],"replies":[{"embeddable":true,"href":"https:\/\/www.soanam.de\/nl\/wp-json\/wp\/v2\/comments?post=78534"}],"wp:featuredmedia":[{"embeddable":true,"href":"https:\/\/www.soanam.de\/nl\/wp-json\/wp\/v2\/media\/78632"}],"wp:attachment":[{"href":"https:\/\/www.soanam.de\/nl\/wp-json\/wp\/v2\/media?parent=78534"}],"wp:term":[{"taxonomy":"product_brand","embeddable":true,"href":"https:\/\/www.soanam.de\/nl\/wp-json\/wp\/v2\/product_brand?post=78534"},{"taxonomy":"product_cat","embeddable":true,"href":"https:\/\/www.soanam.de\/nl\/wp-json\/wp\/v2\/product_cat?post=78534"},{"taxonomy":"product_tag","embeddable":true,"href":"https:\/\/www.soanam.de\/nl\/wp-json\/wp\/v2\/product_tag?post=78534"}],"curies":[{"name":"wp","href":"https:\/\/api.w.org\/{rel}","templated":true}]}}