{"id":78487,"date":"2023-12-13T21:20:33","date_gmt":"2023-12-13T20:20:33","guid":{"rendered":"https:\/\/www.soanam.de\/?post_type=product&#038;p=78487"},"modified":"2023-12-13T21:22:19","modified_gmt":"2023-12-13T20:22:19","slug":"vivance-shirtbody-unterwaesche-body-in-weiss-groesse-44-46","status":"publish","type":"product","link":"https:\/\/www.soanam.de\/nl\/produkt\/vivance-shirtbody-unterwaesche-body-in-weiss-groesse-44-46\/","title":{"rendered":"Vivance hemd bodysuit, ondergoed bodysuit in wit, maat 44\/46"},"content":{"rendered":"<p>Vivance Achselshirt-Body<br \/>\nMet ronde halslijn<br \/>\nVerschluss mit Haken und \u00d6sen<br \/>\nAus weicher Baumwoll-Stretch-Qualit\u00e4t<\/p>\n<p>Der Achselbody von Vivance wird Ihre Lieblingsunterw\u00e4sche.<br \/>\nNeben perfektem Tragekomfort punktet der unifarbene Einteiler mit weitem Rundhalsausschnitt und angenehm weicher, elastischer Baumwollqualit\u00e4t zus\u00e4tzlich zu der verl\u00e4sslichen Passform.<\/p>\n<p>Materiaal: 95% viscose, 5% elastaan<br \/>\nOnderhoudsinstructies: Machinewas<\/p>\n<p>Kleur: wit<br \/>\nPatroon: zonder<br \/>\nGrootte: 44\/46<\/p>\n<p>Schulterbreite: nicht zutreffend<br \/>\nBorstbreedte: 78cm<br \/>\nH\u00fcftweite: 80<br \/>\n\u00c4rmell\u00e4nge: nicht zutreffend<br \/>\nTotale lengte: 71cm<\/p>","protected":false},"excerpt":{"rendered":"<table style=\"height: 318px;\" border=\"0\" width=\"590\" frame=\"VOID\" rules=\"NONE\" cellspacing=\"0\">\n<colgroup>\n<col width=\"170\" \/>\n<col width=\"276\" \/><\/colgroup>\n<tbody>\n<tr>\n<td align=\"LEFT\" width=\"170\" height=\"17\">\u00c4rmel<\/td>\n<td align=\"LEFT\" width=\"276\">ohne \u00c4rmel<\/td>\n<\/tr>\n<tr>\n<td align=\"LEFT\" height=\"17\">Ausschnitt<\/td>\n<td align=\"LEFT\">Rundhals<\/td>\n<\/tr>\n<tr>\n<td align=\"LEFT\" height=\"17\">Besondere Merkmale<\/td>\n<td align=\"LEFT\">aus Baumwoll-Stretch-Qualit\u00e4t<\/td>\n<\/tr>\n<tr>\n<td align=\"LEFT\" height=\"17\">B\u00fcgel<\/td>\n<td align=\"LEFT\">ohne B\u00fcgel<\/td>\n<\/tr>\n<tr>\n<td align=\"LEFT\" height=\"17\">Kleur<\/td>\n<td align=\"LEFT\">wei\u00df<\/td>\n<\/tr>\n<tr>\n<td align=\"LEFT\" height=\"17\">Maat<\/td>\n<td align=\"LEFT\">44\/46<\/td>\n<\/tr>\n<tr>\n<td align=\"LEFT\" height=\"17\">Gr\u00f6\u00dfentyp<\/td>\n<td align=\"LEFT\">Normalgr\u00f6\u00dfen<\/td>\n<\/tr>\n<tr>\n<td align=\"LEFT\" height=\"17\">Materiaalsamenstelling<\/td>\n<td align=\"LEFT\">Obermaterial: 95% Baumwolle\u00a0, 5% Elasthan<\/td>\n<\/tr>\n<tr>\n<td align=\"LEFT\" height=\"17\">Onderhoudsinstructies<\/td>\n<td align=\"LEFT\">Machinewas<\/td>\n<\/tr>\n<tr>\n<td align=\"LEFT\" height=\"17\">Verschluss<\/td>\n<td align=\"LEFT\">Haken \u00d6sen<\/td>\n<\/tr>\n<tr>\n<td align=\"LEFT\" height=\"17\">Verschlussdetails<\/td>\n<td align=\"LEFT\">im Schritt<\/td>\n<\/tr>\n<\/tbody>\n<\/table>","protected":false},"featured_media":78577,"comment_status":"open","ping_status":"closed","template":"","meta":{"_seopress_robots_primary_cat":"","_seopress_titles_title":"","_seopress_titles_desc":"","_seopress_robots_index":""},"product_brand":[],"product_cat":[1348,1444,1514],"product_tag":[],"class_list":{"0":"post-78487","1":"product","2":"type-product","3":"status-publish","4":"has-post-thumbnail","6":"product_cat-damen-mode","7":"product_cat-unterwaesche","8":"product_cat-bodies","9":"product_shipping_class-standard-versand","11":"first","12":"instock","13":"sale","14":"taxable","15":"shipping-taxable","16":"purchasable","17":"product-type-simple"},"_links":{"self":[{"href":"https:\/\/www.soanam.de\/nl\/wp-json\/wp\/v2\/product\/78487","targetHints":{"allow":["GET"]}}],"collection":[{"href":"https:\/\/www.soanam.de\/nl\/wp-json\/wp\/v2\/product"}],"about":[{"href":"https:\/\/www.soanam.de\/nl\/wp-json\/wp\/v2\/types\/product"}],"replies":[{"embeddable":true,"href":"https:\/\/www.soanam.de\/nl\/wp-json\/wp\/v2\/comments?post=78487"}],"wp:featuredmedia":[{"embeddable":true,"href":"https:\/\/www.soanam.de\/nl\/wp-json\/wp\/v2\/media\/78577"}],"wp:attachment":[{"href":"https:\/\/www.soanam.de\/nl\/wp-json\/wp\/v2\/media?parent=78487"}],"wp:term":[{"taxonomy":"product_brand","embeddable":true,"href":"https:\/\/www.soanam.de\/nl\/wp-json\/wp\/v2\/product_brand?post=78487"},{"taxonomy":"product_cat","embeddable":true,"href":"https:\/\/www.soanam.de\/nl\/wp-json\/wp\/v2\/product_cat?post=78487"},{"taxonomy":"product_tag","embeddable":true,"href":"https:\/\/www.soanam.de\/nl\/wp-json\/wp\/v2\/product_tag?post=78487"}],"curies":[{"name":"wp","href":"https:\/\/api.w.org\/{rel}","templated":true}]}}