{"id":78468,"date":"2023-12-13T21:20:11","date_gmt":"2023-12-13T20:20:11","guid":{"rendered":"https:\/\/www.soanam.de\/?post_type=product&#038;p=78468"},"modified":"2023-12-13T21:22:05","modified_gmt":"2023-12-13T20:22:05","slug":"vero-moda-spaghettitop-vmmaxi-in-schwarz-groesse-s","status":"publish","type":"product","link":"https:\/\/www.soanam.de\/nl\/produkt\/vero-moda-spaghettitop-vmmaxi-in-schwarz-groesse-s\/","title":{"rendered":"Vero Moda Spaghettitop VMMAXI, in Schwarz, Gr\u00f6\u00dfe S"},"content":{"rendered":"<p>Basic Top mit Spaghettitr\u00e4gern von VERO MODA<br \/>\nK\u00f6rperbetonte Form mit tiefem Ausschnitt<br \/>\nAus weichem Baumwoll-Stretch<\/p>\n<p>Das klassische Top betont mit sch\u00f6nem V-Ausschnitt dein Dekollet\u00e9, w\u00e4hrend die schmalen Spaghettitr\u00e4ger das figurbetonte Top stylisch abrunden.<br \/>\nDie weiche, elastische Baumwollqualit\u00e4t ist superangenehm auf der Haut und bietet einen top Tragekomfort.<\/p>\n<p>Materiaal: 95% katoen , 5% elastaan<br \/>\nOnderhoudsinstructies: Machinewas<\/p>\n<p>Kleur: zwart<br \/>\nPatroon: zonder<br \/>\nMaat: S<\/p>\n<p>Schulterbreite: nicht zutreffend<br \/>\nBrustweite: 69cm<br \/>\n\u00c4rmell\u00e4nge: nicht zutreffend<br \/>\nTotale lengte: 61cm<\/p>","protected":false},"excerpt":{"rendered":"<table class=\"dv_characteristicsTable\">\n<tbody>\n<tr>\n<td class=\"left\">Maat<\/td>\n<td>S<\/td>\n<\/tr>\n<tr>\n<td class=\"left\">Gr\u00f6\u00dfentyp<\/td>\n<td>Normalgr\u00f6\u00dfen<\/td>\n<\/tr>\n<tr>\n<td class=\"left\">Materiaalsamenstelling<\/td>\n<td>Obermaterial: 95% Baumwolle\u00a0, 5% Elasthan<\/td>\n<\/tr>\n<tr>\n<td class=\"left\">Materialart<\/td>\n<td>Single trui<\/td>\n<\/tr>\n<tr>\n<td class=\"left\">Materialeigenschaften<\/td>\n<td>elastisch<\/td>\n<\/tr>\n<tr>\n<td class=\"left\">Onderhoudsinstructies<\/td>\n<td>Machinewas<\/td>\n<\/tr>\n<tr>\n<td class=\"left\">Optik<\/td>\n<td>unifarben<\/td>\n<\/tr>\n<tr>\n<td class=\"left\">Stil<\/td>\n<td>feminin<\/td>\n<\/tr>\n<tr>\n<td class=\"left\">Herstellerfarbbezeichnung<\/td>\n<td>black<\/td>\n<\/tr>\n<tr>\n<td class=\"left\">Kleur<\/td>\n<td>schwarz<\/td>\n<\/tr>\n<tr>\n<td class=\"left\">Ausschnitt<\/td>\n<td>tiefer V-Ausschnitt<\/td>\n<\/tr>\n<tr>\n<td class=\"left\">Drager<\/td>\n<td>Spaghettitr\u00e4ger<\/td>\n<\/tr>\n<tr>\n<td class=\"left\">Pas<\/td>\n<td>figurbetont<\/td>\n<\/tr>\n<tr>\n<td class=\"left\">Besondere Merkmale<\/td>\n<td>mit Stretch<\/td>\n<\/tr>\n<\/tbody>\n<\/table>","protected":false},"featured_media":78568,"comment_status":"open","ping_status":"closed","template":"","meta":{"_seopress_robots_primary_cat":"","_seopress_titles_title":"","_seopress_titles_desc":"","_seopress_robots_index":""},"product_brand":[],"product_cat":[1348,1458,1459],"product_tag":[],"class_list":{"0":"post-78468","1":"product","2":"type-product","3":"status-publish","4":"has-post-thumbnail","6":"product_cat-damen-mode","7":"product_cat-shirts-damen-mode","8":"product_cat-tops-shirts-damen-mode","9":"product_shipping_class-standard-versand","11":"first","12":"instock","13":"sale","14":"taxable","15":"shipping-taxable","16":"purchasable","17":"product-type-simple"},"_links":{"self":[{"href":"https:\/\/www.soanam.de\/nl\/wp-json\/wp\/v2\/product\/78468","targetHints":{"allow":["GET"]}}],"collection":[{"href":"https:\/\/www.soanam.de\/nl\/wp-json\/wp\/v2\/product"}],"about":[{"href":"https:\/\/www.soanam.de\/nl\/wp-json\/wp\/v2\/types\/product"}],"replies":[{"embeddable":true,"href":"https:\/\/www.soanam.de\/nl\/wp-json\/wp\/v2\/comments?post=78468"}],"wp:featuredmedia":[{"embeddable":true,"href":"https:\/\/www.soanam.de\/nl\/wp-json\/wp\/v2\/media\/78568"}],"wp:attachment":[{"href":"https:\/\/www.soanam.de\/nl\/wp-json\/wp\/v2\/media?parent=78468"}],"wp:term":[{"taxonomy":"product_brand","embeddable":true,"href":"https:\/\/www.soanam.de\/nl\/wp-json\/wp\/v2\/product_brand?post=78468"},{"taxonomy":"product_cat","embeddable":true,"href":"https:\/\/www.soanam.de\/nl\/wp-json\/wp\/v2\/product_cat?post=78468"},{"taxonomy":"product_tag","embeddable":true,"href":"https:\/\/www.soanam.de\/nl\/wp-json\/wp\/v2\/product_tag?post=78468"}],"curies":[{"name":"wp","href":"https:\/\/api.w.org\/{rel}","templated":true}]}}