{"id":78427,"date":"2023-12-13T21:19:20","date_gmt":"2023-12-13T20:19:20","guid":{"rendered":"https:\/\/www.soanam.de\/?post_type=product&#038;p=78427"},"modified":"2023-12-13T21:21:33","modified_gmt":"2023-12-13T20:21:33","slug":"2019-collection-schloss-schnait-lemberger-trocken-rotwein-075l","status":"publish","type":"product","link":"https:\/\/www.soanam.de\/nl\/produkt\/2019-collection-schloss-schnait-lemberger-trocken-rotwein-075l\/","title":{"rendered":"2019 Collectie Schloss Schnait Lemberger droog - Rode wijn 0,75L"},"content":{"rendered":"<h3>Productbeschrijving<\/h3>\n<p>Ein k\u00f6niglicher W\u00fcrttemberger. Seine komplexe Farbdichte erinnert an den Saft von Granat\u00e4pfeln.<br \/>\nEin hohes Potenzial von Fruchtaromen assoziiert Brombeeren, Waldbeeren, Kirschen und Nelken beim aufsteigenden Duft im Glas.<br \/>\nAm Gaumen wirkt er kr\u00e4ftig, dicht und harmonisch.<br \/>\nIm Abgang pr\u00e4sentiert er sich ausgewogen rund mit einer zarten, \u00e4u\u00dferst filigranen Tanninstruktur.<\/p>\n<p>Sehr trocken, passt zu dunklem Fleisch, und auch als Abendwein zu empfehlen<\/p>\n<p><strong>details<\/strong><\/p>\n<p>Inhoud: 0,75 L<br \/>\nSoort wijn: Rode wijn<br \/>\nJahrgang: 2019<br \/>\nRebsorte: Lemberger<br \/>\nKwaliteitsniveau: Kwaliteitswijn<br \/>\nSmaak: Droog<br \/>\nAlkoholgehalt (Vol.%): 12,5 %<br \/>\nS\u00e4uregehalt \/ L (Gr.): 6,1 g\/LRests\u00fc\u00dfe \/ L (Gr.): 4,5 g\/L<br \/>\nHaltbarkeit: 3-7 Jahre<br \/>\nAllergenen: Bevat sulfieten<br \/>\nHersteller: Felsengartenkellerei Besigheim<br \/>\nLand: Deutschland<br \/>\nRegion: W\u00fcrttemberg<\/p>\n<p><strong>Tip<\/strong><br \/>\nLevering alleen aan personen ouder dan 18 jaar<\/p>","protected":false},"excerpt":{"rendered":"<h3>Artikelmerkmale<\/h3>\n<p>Artikelzustand: Neu - Neuer, unbenutzter und unbesch\u00e4digter Artikel in der unge\u00f6ffneten Verpackung<\/p>\n<table dir=\"ltr\" border=\"1\" cellspacing=\"0\" cellpadding=\"0\">\n<colgroup>\n<col width=\"203\" \/>\n<col width=\"259\" \/><\/colgroup>\n<tbody>\n<tr>\n<td data-sheets-value=\"{&quot;1&quot;:2,&quot;2&quot;:&quot;Alkoholgehalt:&quot;}\">Alkoholgehalt:<\/td>\n<td data-sheets-value=\"{&quot;1&quot;:2,&quot;2&quot;:&quot;10,1-15%&quot;}\">12,5%<\/td>\n<\/tr>\n<tr>\n<td data-sheets-value=\"{&quot;1&quot;:2,&quot;2&quot;:&quot;Allergene:&quot;}\">Allergene:<\/td>\n<td data-sheets-value=\"{&quot;1&quot;:2,&quot;2&quot;:&quot;Schwefeldioxid &amp; Sulfite&quot;}\">Schwefeldioxid &amp; Sulfite<\/td>\n<\/tr>\n<tr>\n<td data-sheets-value=\"{&quot;1&quot;:2,&quot;2&quot;:&quot;Basis:&quot;}\">Basis:<\/td>\n<td data-sheets-value=\"{&quot;1&quot;:2,&quot;2&quot;:&quot;Lemberger&quot;}\">Lemberger<\/td>\n<\/tr>\n<tr>\n<td data-sheets-value=\"{&quot;1&quot;:2,&quot;2&quot;:&quot;EAN:&quot;}\">EAN:<\/td>\n<td data-sheets-value=\"{&quot;1&quot;:3,&quot;3&quot;:4010333030373}\">4010333030373<\/td>\n<\/tr>\n<tr>\n<td data-sheets-value=\"{&quot;1&quot;:2,&quot;2&quot;:&quot;Eigenschaften:&quot;}\">Eigenschappen:<\/td>\n<td data-sheets-value=\"{&quot;1&quot;:2,&quot;2&quot;:&quot;dicht und harmonisch&quot;}\">dicht und harmonisch<\/td>\n<\/tr>\n<tr>\n<td data-sheets-value=\"{&quot;1&quot;:2,&quot;2&quot;:&quot;Farbe:&quot;}\">Kleur:<\/td>\n<td data-sheets-value=\"{&quot;1&quot;:2,&quot;2&quot;:&quot;Rot&quot;}\">Rood<\/td>\n<\/tr>\n<tr>\n<td data-sheets-value=\"{&quot;1&quot;:2,&quot;2&quot;:&quot;Jahrgang:&quot;}\">Jahrgang:<\/td>\n<td data-sheets-value=\"{&quot;1&quot;:3,&quot;3&quot;:2019}\">2019<\/td>\n<\/tr>\n<tr>\n<td data-sheets-value=\"{&quot;1&quot;:2,&quot;2&quot;:&quot;Lebensmittelspezifikationen:&quot;}\">Lebensmittelspezifikationen:<\/td>\n<td data-sheets-value=\"{&quot;1&quot;:2,&quot;2&quot;:&quot;Alkoholhaltig&quot;}\">Alkoholhaltig<\/td>\n<\/tr>\n<tr>\n<td data-sheets-value=\"{&quot;1&quot;:2,&quot;2&quot;:&quot;Marke:&quot;}\">Marke:<\/td>\n<td data-sheets-value=\"{&quot;1&quot;:2,&quot;2&quot;:&quot;Lemberger&quot;}\">Lemberger<\/td>\n<\/tr>\n<tr>\n<td data-sheets-value=\"{&quot;1&quot;:2,&quot;2&quot;:&quot;Region:&quot;}\">Region:<\/td>\n<td data-sheets-value=\"{&quot;1&quot;:2,&quot;2&quot;:&quot;W\u00fcrttemberg, Deutschland&quot;}\">W\u00fcrttemberg, Deutschland<\/td>\n<\/tr>\n<tr>\n<td data-sheets-value=\"{&quot;1&quot;:2,&quot;2&quot;:&quot;Signiert:&quot;}\">Signiert:<\/td>\n<td data-sheets-value=\"{&quot;1&quot;:2,&quot;2&quot;:&quot;Nein&quot;}\">Nein<\/td>\n<\/tr>\n<tr>\n<td data-sheets-value=\"{&quot;1&quot;:2,&quot;2&quot;:&quot;Stil:&quot;}\">Stil:<\/td>\n<td data-sheets-value=\"{&quot;1&quot;:2,&quot;2&quot;:&quot;Trocken&quot;}\">Trocken<\/td>\n<\/tr>\n<tr>\n<td data-sheets-value=\"{&quot;1&quot;:2,&quot;2&quot;:&quot;Verpackung:&quot;}\">Verpackung:<\/td>\n<td data-sheets-value=\"{&quot;1&quot;:2,&quot;2&quot;:&quot;Flasche (Drehverschluss)&quot;}\">Flasche (Drehverschluss)<\/td>\n<\/tr>\n<tr>\n<td data-sheets-value=\"{&quot;1&quot;:2,&quot;2&quot;:&quot;Volumen:&quot;}\">Volumen:<\/td>\n<td data-sheets-value=\"{&quot;1&quot;:2,&quot;2&quot;:&quot;0,75 L&quot;}\">0,75 L<\/td>\n<\/tr>\n<\/tbody>\n<\/table>","protected":false},"featured_media":78539,"comment_status":"open","ping_status":"closed","template":"","meta":{"_seopress_robots_primary_cat":"","_seopress_titles_title":"","_seopress_titles_desc":"","_seopress_robots_index":""},"product_brand":[],"product_cat":[1499,1512],"product_tag":[],"class_list":{"0":"post-78427","1":"product","2":"type-product","3":"status-publish","4":"has-post-thumbnail","6":"product_cat-alkoholische-getraenke","7":"product_cat-weine","8":"product_shipping_class-standard-versand","10":"first","11":"instock","12":"sale","13":"taxable","14":"shipping-taxable","15":"purchasable","16":"product-type-simple"},"_links":{"self":[{"href":"https:\/\/www.soanam.de\/nl\/wp-json\/wp\/v2\/product\/78427","targetHints":{"allow":["GET"]}}],"collection":[{"href":"https:\/\/www.soanam.de\/nl\/wp-json\/wp\/v2\/product"}],"about":[{"href":"https:\/\/www.soanam.de\/nl\/wp-json\/wp\/v2\/types\/product"}],"replies":[{"embeddable":true,"href":"https:\/\/www.soanam.de\/nl\/wp-json\/wp\/v2\/comments?post=78427"}],"wp:featuredmedia":[{"embeddable":true,"href":"https:\/\/www.soanam.de\/nl\/wp-json\/wp\/v2\/media\/78539"}],"wp:attachment":[{"href":"https:\/\/www.soanam.de\/nl\/wp-json\/wp\/v2\/media?parent=78427"}],"wp:term":[{"taxonomy":"product_brand","embeddable":true,"href":"https:\/\/www.soanam.de\/nl\/wp-json\/wp\/v2\/product_brand?post=78427"},{"taxonomy":"product_cat","embeddable":true,"href":"https:\/\/www.soanam.de\/nl\/wp-json\/wp\/v2\/product_cat?post=78427"},{"taxonomy":"product_tag","embeddable":true,"href":"https:\/\/www.soanam.de\/nl\/wp-json\/wp\/v2\/product_tag?post=78427"}],"curies":[{"name":"wp","href":"https:\/\/api.w.org\/{rel}","templated":true}]}}