{"id":78286,"date":"2023-12-13T21:15:37","date_gmt":"2023-12-13T20:15:37","guid":{"rendered":"https:\/\/www.soanam.de\/?post_type=product&#038;p=78286"},"modified":"2023-12-13T21:18:52","modified_gmt":"2023-12-13T20:18:52","slug":"eleganter-leichtblazer-aus-hochwertigem-jersey-jacquard-in-schwarz-groesse-38","status":"publish","type":"product","link":"https:\/\/www.soanam.de\/nl\/produkt\/eleganter-leichtblazer-aus-hochwertigem-jersey-jacquard-in-schwarz-groesse-38\/","title":{"rendered":"Eleganter Leichtblazer aus hochwertigem Jersey-Jacquard, in Schwarz, Gr\u00f6\u00dfe 38"},"content":{"rendered":"<h3>Beschrijving van de<\/h3>\n<p>Klassiker mit hohem Komfort spielen in der Mode eine immer wichtigere Rolle. So werden gefragte Styles wie der Blazer neu und exquisit umgesetzt. Aus hochwertigem Jersey-Jacquard begeistert er nicht nur mit edler Optik, er tr\u00e4gt sich auch herrlich leicht und bequem wie eine Strickjacke. Zeitlos elegant im Look zeigt sich der Leichtblazer in taillierter 2-Knopf-Form und ist mit Reverskragen, langen \u00c4rmeln und zwei aufgesetzten Taschen gestaltet. Wiener N\u00e4hte im Vorderteil sorgen f\u00fcr eine gute Passform. Perfekt kombiniert, ist der Jerseyblazer ein stilvoller Partner f\u00fcr jeden Anlass \u2013 ob klassisch im Business oder edel sportiv in der City.<\/p>\n<p><strong>Afmetingen product<\/strong><br \/>\nL\u00e4nge ca. 56 cm, oberhalb H\u00fcfte.<\/p>\n<p><strong>Materiaal<\/strong><br \/>\nObermaterial: 85% Baumwolle, 14% Polyester, 1% Elasthan.<\/p>\n<p><strong>Zorg<\/strong><br \/>\nWasbaar<\/p>","protected":false},"excerpt":{"rendered":"<h3>Artikelmerkmale<\/h3>\n<p>Staat van het item: Nieuw met label: Nieuw, ongebruikt en ongedragen item in de originele verpakking<\/p>\n<table border=\"0\" frame=\"VOID\" rules=\"NONE\" cellspacing=\"0\">\n<colgroup>\n<col width=\"133\" \/>\n<col width=\"170\" \/><\/colgroup>\n<tbody>\n<tr>\n<td align=\"LEFT\" width=\"133\" height=\"18\">Abteilung:<\/td>\n<td align=\"LEFT\" width=\"170\">Damen<\/td>\n<\/tr>\n<tr>\n<td align=\"LEFT\" height=\"18\">Anlass:<\/td>\n<td align=\"LEFT\">Business, Elegant, Freizeit<\/td>\n<\/tr>\n<tr>\n<td align=\"LEFT\" height=\"18\">Anzahl der Teile:<\/td>\n<td align=\"LEFT\">Einteilig<\/td>\n<\/tr>\n<tr>\n<td align=\"LEFT\" height=\"18\">Brustumfang:<\/td>\n<td align=\"LEFT\">ohne Angabe<\/td>\n<\/tr>\n<tr>\n<td align=\"LEFT\" height=\"18\">EAN:<\/td>\n<td align=\"LEFT\">nichtzutreffend<\/td>\n<\/tr>\n<tr>\n<td align=\"LEFT\" height=\"18\">Kleur:<\/td>\n<td align=\"LEFT\">Zwart<\/td>\n<\/tr>\n<tr>\n<td align=\"LEFT\" height=\"18\">Futtermaterial:<\/td>\n<td align=\"LEFT\">ohne<\/td>\n<\/tr>\n<tr>\n<td align=\"LEFT\" height=\"18\">Gewebeart:<\/td>\n<td align=\"LEFT\">Jacquard<\/td>\n<\/tr>\n<tr>\n<td align=\"LEFT\" height=\"18\">Grootte:<\/td>\n<td align=\"LEFT\">38<\/td>\n<\/tr>\n<tr>\n<td align=\"LEFT\" height=\"18\">Gr\u00f6\u00dfenkategorie:<\/td>\n<td align=\"LEFT\">Normalgr\u00f6\u00dfe<\/td>\n<\/tr>\n<tr>\n<td align=\"LEFT\" height=\"18\">Jacken-\/Mantell\u00e4nge:<\/td>\n<td align=\"LEFT\">Kort<\/td>\n<\/tr>\n<tr>\n<td align=\"LEFT\" height=\"18\">Jackenrevers-Form:<\/td>\n<td align=\"LEFT\">Reversekragen<\/td>\n<\/tr>\n<tr>\n<td align=\"LEFT\" height=\"18\">Marke:<\/td>\n<td align=\"LEFT\">Madeleine<\/td>\n<\/tr>\n<tr>\n<td align=\"LEFT\" height=\"18\">Materiaal:<\/td>\n<td align=\"LEFT\">Mischgewebe<\/td>\n<\/tr>\n<tr>\n<td align=\"LEFT\" height=\"18\">Produktart:<\/td>\n<td align=\"LEFT\">Anzugjacke<\/td>\n<\/tr>\n<tr>\n<td align=\"LEFT\" height=\"18\">Set bevat:<\/td>\n<td align=\"LEFT\">Jacke<\/td>\n<\/tr>\n<tr>\n<td align=\"LEFT\" height=\"18\">Stil:<\/td>\n<td align=\"LEFT\">Blazer<\/td>\n<\/tr>\n<tr>\n<td align=\"LEFT\" height=\"18\">Thema:<\/td>\n<td align=\"LEFT\">Adrett<\/td>\n<\/tr>\n<tr>\n<td align=\"LEFT\" height=\"18\">Vintage:<\/td>\n<td align=\"LEFT\">Nein<\/td>\n<\/tr>\n<\/tbody>\n<\/table>","protected":false},"featured_media":78402,"comment_status":"open","ping_status":"closed","template":"","meta":{"_seopress_robots_primary_cat":"","_seopress_titles_title":"","_seopress_titles_desc":"","_seopress_robots_index":""},"product_brand":[],"product_cat":[1348,1354,1492],"product_tag":[],"class_list":{"0":"post-78286","1":"product","2":"type-product","3":"status-publish","4":"has-post-thumbnail","6":"product_cat-damen-mode","7":"product_cat-jacken-maentel","8":"product_cat-blazer","9":"product_shipping_class-standard-versand","11":"first","12":"instock","13":"sale","14":"taxable","15":"shipping-taxable","16":"purchasable","17":"product-type-simple"},"_links":{"self":[{"href":"https:\/\/www.soanam.de\/nl\/wp-json\/wp\/v2\/product\/78286","targetHints":{"allow":["GET"]}}],"collection":[{"href":"https:\/\/www.soanam.de\/nl\/wp-json\/wp\/v2\/product"}],"about":[{"href":"https:\/\/www.soanam.de\/nl\/wp-json\/wp\/v2\/types\/product"}],"replies":[{"embeddable":true,"href":"https:\/\/www.soanam.de\/nl\/wp-json\/wp\/v2\/comments?post=78286"}],"wp:featuredmedia":[{"embeddable":true,"href":"https:\/\/www.soanam.de\/nl\/wp-json\/wp\/v2\/media\/78402"}],"wp:attachment":[{"href":"https:\/\/www.soanam.de\/nl\/wp-json\/wp\/v2\/media?parent=78286"}],"wp:term":[{"taxonomy":"product_brand","embeddable":true,"href":"https:\/\/www.soanam.de\/nl\/wp-json\/wp\/v2\/product_brand?post=78286"},{"taxonomy":"product_cat","embeddable":true,"href":"https:\/\/www.soanam.de\/nl\/wp-json\/wp\/v2\/product_cat?post=78286"},{"taxonomy":"product_tag","embeddable":true,"href":"https:\/\/www.soanam.de\/nl\/wp-json\/wp\/v2\/product_tag?post=78286"}],"curies":[{"name":"wp","href":"https:\/\/api.w.org\/{rel}","templated":true}]}}