{"id":78222,"date":"2023-12-13T21:14:03","date_gmt":"2023-12-13T20:14:03","guid":{"rendered":"https:\/\/www.soanam.de\/?post_type=product&#038;p=78222"},"modified":"2023-12-13T21:17:15","modified_gmt":"2023-12-13T20:17:15","slug":"hugo-boss-kombi-hose-lenon1-regular-fit-anzughose-aus-schurwolle-blau-gr-56","status":"publish","type":"product","link":"https:\/\/www.soanam.de\/nl\/produkt\/hugo-boss-kombi-hose-lenon1-regular-fit-anzughose-aus-schurwolle-blau-gr-56\/","title":{"rendered":"HUGO BOSS Kombi-Hose Lenon1, Regular Fit Anzughose aus Schurwolle, Blau, Gr. 56"},"content":{"rendered":"<h3>Beschrijving van de<\/h3>\n<p>Die Anzughose von BOSS ist aus reiner Schurwolle gefertigt und regul\u00e4r geschnitten. Sie zeigt sich mit franz\u00f6sischen Eingrifftaschen und gekn\u00f6pften Leistentaschen am Ges\u00e4\u00df.<\/p>\n<p>Herren Anzughose von BOSS<br \/>\nReine Schurwolle<br \/>\nNormale pasvorm<br \/>\nDoppelhaken- und Rei\u00dfverschluss<br \/>\nFranz\u00f6sische Eingrifftaschen<br \/>\nB\u00fcgelfalten<br \/>\nGekn\u00f6pfte Leistentaschen am Ges\u00e4\u00df<br \/>\nInnenbeinl\u00e4nge bei Gr\u00f6\u00dfe 50: 83 cm<br \/>\nBundweite bei Gr\u00f6\u00dfe 50: 91 cm<br \/>\nUnser Model ist 187 cm gro\u00df.<br \/>\nFarbe: Blau<\/p>\n<p><strong>Materiaal en verzorging<\/strong><\/p>\n<p>Hauptmaterial 1: 100% Schurwolle<br \/>\nTaschenfutter: 100% Baumwolle<br \/>\nFutter 1: 100% Viskose<br \/>\nNiet wassen<br \/>\nNiet bleken<br \/>\nKein Trockner<br \/>\nM\u00e4\u00dfig hei\u00df b\u00fcgeln<br \/>\nEingeschr\u00e4nkte chemische Reinigung<\/p>","protected":false},"excerpt":{"rendered":"<h3>Artikelmerkmale<\/h3>\n<p>Staat van het item: Nieuw met label: Nieuw, ongebruikt en ongedragen item in de originele verpakking<\/p>\n<table border=\"0\" frame=\"VOID\" rules=\"NONE\" cellspacing=\"0\">\n<colgroup>\n<col width=\"137\" \/>\n<col width=\"109\" \/><\/colgroup>\n<tbody>\n<tr>\n<td align=\"LEFT\" width=\"137\" height=\"18\">Abteilung:<\/td>\n<td align=\"LEFT\" width=\"109\">Herren<\/td>\n<\/tr>\n<tr>\n<td align=\"LEFT\" height=\"18\">Anlass:<\/td>\n<td align=\"LEFT\">Business<\/td>\n<\/tr>\n<tr>\n<td align=\"LEFT\" height=\"18\">Brustumfang:<\/td>\n<td align=\"LEFT\">nicht zutreffend<\/td>\n<\/tr>\n<tr>\n<td align=\"LEFT\" height=\"17\">EAN:<\/td>\n<td align=\"LEFT\">4029051674110<\/td>\n<\/tr>\n<tr>\n<td align=\"LEFT\" height=\"18\">Kleur:<\/td>\n<td align=\"LEFT\">Blauw<\/td>\n<\/tr>\n<tr>\n<td align=\"LEFT\" height=\"18\">Gewebeart:<\/td>\n<td align=\"LEFT\">Schurwolle<\/td>\n<\/tr>\n<tr>\n<td align=\"LEFT\" height=\"18\">Grootte:<\/td>\n<td align=\"LEFT\">56<\/td>\n<\/tr>\n<tr>\n<td align=\"LEFT\" height=\"18\">Gr\u00f6\u00dfenkategorie:<\/td>\n<td align=\"LEFT\">Normalgr\u00f6\u00dfe<\/td>\n<\/tr>\n<tr>\n<td align=\"LEFT\" height=\"18\">Jacken-\/Mantell\u00e4nge:<\/td>\n<td align=\"LEFT\">nicht zutreffend<\/td>\n<\/tr>\n<tr>\n<td align=\"LEFT\" height=\"18\">Jackenrevers-Form:<\/td>\n<td align=\"LEFT\">nicht zutreffend<\/td>\n<\/tr>\n<tr>\n<td align=\"LEFT\" height=\"18\">Marke:<\/td>\n<td align=\"LEFT\">HUGO BOSS<\/td>\n<\/tr>\n<tr>\n<td align=\"LEFT\" height=\"18\">Materiaal:<\/td>\n<td align=\"LEFT\">Schurwolle<\/td>\n<\/tr>\n<tr>\n<td align=\"LEFT\" height=\"18\">Pasvorm:<\/td>\n<td align=\"LEFT\">Regular<\/td>\n<\/tr>\n<tr>\n<td align=\"LEFT\" height=\"18\">Produktart:<\/td>\n<td align=\"LEFT\">Anzughose<\/td>\n<\/tr>\n<tr>\n<td align=\"LEFT\" height=\"18\">Stil:<\/td>\n<td align=\"LEFT\">Hose<\/td>\n<\/tr>\n<tr>\n<td align=\"LEFT\" height=\"18\">Thema:<\/td>\n<td align=\"LEFT\">Elegant<\/td>\n<\/tr>\n<tr>\n<td align=\"LEFT\" height=\"18\">Vintage:<\/td>\n<td align=\"LEFT\">Nein<\/td>\n<\/tr>\n<\/tbody>\n<\/table>","protected":false},"featured_media":78349,"comment_status":"open","ping_status":"closed","template":"","meta":{"_seopress_robots_primary_cat":"","_seopress_titles_title":"","_seopress_titles_desc":"","_seopress_robots_index":""},"product_brand":[],"product_cat":[1345,1368,1489],"product_tag":[],"class_list":{"0":"post-78222","1":"product","2":"type-product","3":"status-publish","4":"has-post-thumbnail","6":"product_cat-herrenmode","7":"product_cat-anzuege-anzugsteile","8":"product_cat-anzugshosen","9":"product_shipping_class-standard-versand","11":"first","12":"instock","13":"sale","14":"taxable","15":"shipping-taxable","16":"purchasable","17":"product-type-simple"},"_links":{"self":[{"href":"https:\/\/www.soanam.de\/nl\/wp-json\/wp\/v2\/product\/78222","targetHints":{"allow":["GET"]}}],"collection":[{"href":"https:\/\/www.soanam.de\/nl\/wp-json\/wp\/v2\/product"}],"about":[{"href":"https:\/\/www.soanam.de\/nl\/wp-json\/wp\/v2\/types\/product"}],"replies":[{"embeddable":true,"href":"https:\/\/www.soanam.de\/nl\/wp-json\/wp\/v2\/comments?post=78222"}],"wp:featuredmedia":[{"embeddable":true,"href":"https:\/\/www.soanam.de\/nl\/wp-json\/wp\/v2\/media\/78349"}],"wp:attachment":[{"href":"https:\/\/www.soanam.de\/nl\/wp-json\/wp\/v2\/media?parent=78222"}],"wp:term":[{"taxonomy":"product_brand","embeddable":true,"href":"https:\/\/www.soanam.de\/nl\/wp-json\/wp\/v2\/product_brand?post=78222"},{"taxonomy":"product_cat","embeddable":true,"href":"https:\/\/www.soanam.de\/nl\/wp-json\/wp\/v2\/product_cat?post=78222"},{"taxonomy":"product_tag","embeddable":true,"href":"https:\/\/www.soanam.de\/nl\/wp-json\/wp\/v2\/product_tag?post=78222"}],"curies":[{"name":"wp","href":"https:\/\/api.w.org\/{rel}","templated":true}]}}