{"id":78014,"date":"2023-12-13T21:05:05","date_gmt":"2023-12-13T20:05:05","guid":{"rendered":"https:\/\/www.soanam.de\/?post_type=product&#038;p=78014"},"modified":"2023-12-13T21:12:12","modified_gmt":"2023-12-13T20:12:12","slug":"ocun-womens-tsunami-damen-daunenjacke-icemint-gr-l","status":"publish","type":"product","link":"https:\/\/www.soanam.de\/nl\/produkt\/ocun-womens-tsunami-damen-daunenjacke-icemint-gr-l\/","title":{"rendered":"OCUN - Women's Tsunami - Damen Daunenjacke, Icemint, Gr. L"},"content":{"rendered":"<h3>Beschrijving van de<\/h3>\n<p>Bietet ein ausgezeichnetes Gewichts-Isolations-Verh\u00e4ltnis: die Women's Tsunami Daunenjacke von Ocun! Die Daunenjacke ist leicht tailliert geschnitten und speziell f\u00fcr sportliche Outdoor-Eins\u00e4tze wie Klettern oder Bouldern gemacht. Durch die leichte Daunenf\u00fctterung aus bauschkr\u00e4ftiger, sehr gut isolierender Daune k\u00fchlt man auch in Pausen nicht aus.<\/p>\n<p>Die Jacke besteht aus strapazierf\u00e4higem, atmungsaktivem Ripstop-Obermaterial, das dauerhaft wasser- und schmutzabweisend impr\u00e4gniert ist. Es sch\u00fctzt die Daunenf\u00fctterung vor Feuchtigkeit und ist sch\u00f6n glatt, so dass es auch einfach unter eine Regenjacke gleitet. Durch die Kammerkonstruktion verteilt sich die Daunenf\u00fctterung optimal am Oberk\u00f6rper und verrutscht nicht!<\/p>\n<p>Die Innentaschen auf der Vorderseite verstauen die Kletterschuhe sicher und griffbereit und die beiden Vordertaschen sind ideal f\u00fcr Wertsachen. Die Daunenjacke ist hinten l\u00e4nger geschnitten, so dass sie auch beim Klettern stets den unteren R\u00fccken bedeckt h\u00e4lt. \u00dcber den praktischen 2-Wege-Rei\u00dfverschluss auf der Vorderseite gelangt man schnell an den Klettergurt und die Daumenschlaufen halten die \u00c4rmel stets in der richtigen Position.<\/p>\n<p>Funktional, warm und leicht: die Women's Tsunami Daunenjacke l\u00e4sst sich klein in der eigenen Packtasche verstauen und w\u00e4rmt zuverl\u00e4ssig, wenn die Temperaturen sinken!<\/p>\n<h3>details<\/h3>\n<p>Geschikt voor: Dames<br \/>\nEinsatzbereich: Klettern<br \/>\nHoofdmateriaal: 100% polyamide<br \/>\nVulmateriaal: 100% dons<br \/>\nMaterialtyp: Daunenf\u00fcllung<br \/>\nMateriaal informatie: Bevat niet uit textiel bestaande delen van dierlijke oorsprong<br \/>\nMateriaalbehandeling: DWR-ge\u00efmpregneerd<br \/>\nMaterialeigenschaften: daunendicht, isolierend, atmungsaktiv, wasserabweisend<br \/>\nBauschkraft: 650 cuin Mischungsverh\u00e4ltnis: 90\/10 (Daune zu Federn)<br \/>\nNachhaltigkeit: enth\u00e4lt Down Codex-zertifizierte Daune<br \/>\nVerschluss: durchgehender 2-Wege Front-RV<br \/>\nKapuze: verstellbar<br \/>\nTaschen: 1 Innentasche, 2 RV-Fronttaschen<br \/>\nGewicht: 330 g<br \/>\nReferentiegrootte: gemiddelde grootte<br \/>\nPasvorm: Normaal<br \/>\nExtras: Daumenschlaufen, in eigener Tasche verstaubar, elastischer Saum, elastische \u00c4rmelb\u00fcndchen, verl\u00e4ngerter R\u00fccken<\/p>","protected":false},"excerpt":{"rendered":"<h3>Artikelmerkmale<\/h3>\n<p>Staat van het item: Nieuw met label: Nieuw, ongebruikt en ongedragen item in de originele verpakking<\/p>\n<table border=\"0\" frame=\"VOID\" rules=\"NONE\" cellspacing=\"0\">\n<colgroup>\n<col width=\"133\" \/>\n<col width=\"267\" \/><\/colgroup>\n<tbody>\n<tr>\n<td align=\"LEFT\" width=\"133\" height=\"18\">Abteilung:<\/td>\n<td align=\"LEFT\" width=\"267\">Damen<\/td>\n<\/tr>\n<tr>\n<td align=\"LEFT\" height=\"18\">Akzente:<\/td>\n<td align=\"LEFT\">ohne<\/td>\n<\/tr>\n<tr>\n<td align=\"LEFT\" height=\"18\">Anlass:<\/td>\n<td align=\"LEFT\">Freizeit, Reise<\/td>\n<\/tr>\n<tr>\n<td align=\"LEFT\" height=\"18\">Au\u00dfenmaterial:<\/td>\n<td align=\"LEFT\">Polyamid<\/td>\n<\/tr>\n<tr>\n<td align=\"LEFT\" height=\"18\">Besonderheiten:<\/td>\n<td align=\"LEFT\">Atmungsaktiv, Taschen<\/td>\n<\/tr>\n<tr>\n<td align=\"LEFT\" height=\"18\">Charakter:<\/td>\n<td align=\"LEFT\">ohne<\/td>\n<\/tr>\n<tr>\n<td align=\"LEFT\" height=\"17\">EAN:<\/td>\n<td align=\"LEFT\">8591804646638<\/td>\n<\/tr>\n<tr>\n<td align=\"LEFT\" height=\"18\">Kleur:<\/td>\n<td align=\"LEFT\">Blauw<\/td>\n<\/tr>\n<tr>\n<td align=\"LEFT\" height=\"18\">Futtermaterial:<\/td>\n<td align=\"LEFT\">Daune<\/td>\n<\/tr>\n<tr>\n<td align=\"LEFT\" height=\"18\">Gewebeart:<\/td>\n<td align=\"LEFT\">Mischgewebe<\/td>\n<\/tr>\n<tr>\n<td align=\"LEFT\" height=\"18\">Grootte:<\/td>\n<td align=\"LEFT\">L<\/td>\n<\/tr>\n<tr>\n<td align=\"LEFT\" height=\"18\">Gr\u00f6\u00dfenkategorie:<\/td>\n<td align=\"LEFT\">Normalgr\u00f6\u00dfe<\/td>\n<\/tr>\n<tr>\n<td align=\"LEFT\" height=\"18\">Isoliermaterial:<\/td>\n<td align=\"LEFT\">Omlaag<\/td>\n<\/tr>\n<tr>\n<td align=\"LEFT\" height=\"18\">Jacken-\/Mantell\u00e4nge:<\/td>\n<td align=\"LEFT\">Kort<\/td>\n<\/tr>\n<tr>\n<td align=\"LEFT\" height=\"18\">Jahreszeit:<\/td>\n<td align=\"LEFT\">Fr\u00fchling, Herbst, Winter<\/td>\n<\/tr>\n<tr>\n<td align=\"LEFT\" height=\"18\">Marke:<\/td>\n<td align=\"LEFT\">OCUN<\/td>\n<\/tr>\n<tr>\n<td align=\"LEFT\" height=\"18\">Modell:<\/td>\n<td align=\"LEFT\">Tsunami<\/td>\n<\/tr>\n<tr>\n<td align=\"LEFT\" height=\"18\">Muster:<\/td>\n<td align=\"LEFT\">Ohne Muster<\/td>\n<\/tr>\n<tr>\n<td align=\"LEFT\" height=\"18\">Produktart:<\/td>\n<td align=\"LEFT\">Jacke<\/td>\n<\/tr>\n<tr>\n<td align=\"LEFT\" height=\"18\">Stil:<\/td>\n<td align=\"LEFT\">Daunenjacke<\/td>\n<\/tr>\n<tr>\n<td align=\"LEFT\" height=\"18\">Thema:<\/td>\n<td align=\"LEFT\">Sport<\/td>\n<\/tr>\n<tr>\n<td align=\"LEFT\" height=\"18\">Verschluss:<\/td>\n<td align=\"LEFT\">Ritssluiting<\/td>\n<\/tr>\n<tr>\n<td align=\"LEFT\" height=\"18\">Vintage:<\/td>\n<td align=\"LEFT\">Nein<\/td>\n<\/tr>\n<\/tbody>\n<\/table>","protected":false},"featured_media":78132,"comment_status":"open","ping_status":"closed","template":"","meta":{"_seopress_robots_primary_cat":"","_seopress_titles_title":"","_seopress_titles_desc":"","_seopress_robots_index":""},"product_brand":[],"product_cat":[1348,1354,1376],"product_tag":[],"class_list":{"0":"post-78014","1":"product","2":"type-product","3":"status-publish","4":"has-post-thumbnail","6":"product_cat-damen-mode","7":"product_cat-jacken-maentel","8":"product_cat-daunenjacken-steppjacken","9":"product_shipping_class-standard-versand","11":"first","12":"instock","13":"sale","14":"taxable","15":"shipping-taxable","16":"purchasable","17":"product-type-simple"},"_links":{"self":[{"href":"https:\/\/www.soanam.de\/nl\/wp-json\/wp\/v2\/product\/78014","targetHints":{"allow":["GET"]}}],"collection":[{"href":"https:\/\/www.soanam.de\/nl\/wp-json\/wp\/v2\/product"}],"about":[{"href":"https:\/\/www.soanam.de\/nl\/wp-json\/wp\/v2\/types\/product"}],"replies":[{"embeddable":true,"href":"https:\/\/www.soanam.de\/nl\/wp-json\/wp\/v2\/comments?post=78014"}],"wp:featuredmedia":[{"embeddable":true,"href":"https:\/\/www.soanam.de\/nl\/wp-json\/wp\/v2\/media\/78132"}],"wp:attachment":[{"href":"https:\/\/www.soanam.de\/nl\/wp-json\/wp\/v2\/media?parent=78014"}],"wp:term":[{"taxonomy":"product_brand","embeddable":true,"href":"https:\/\/www.soanam.de\/nl\/wp-json\/wp\/v2\/product_brand?post=78014"},{"taxonomy":"product_cat","embeddable":true,"href":"https:\/\/www.soanam.de\/nl\/wp-json\/wp\/v2\/product_cat?post=78014"},{"taxonomy":"product_tag","embeddable":true,"href":"https:\/\/www.soanam.de\/nl\/wp-json\/wp\/v2\/product_tag?post=78014"}],"curies":[{"name":"wp","href":"https:\/\/api.w.org\/{rel}","templated":true}]}}