{"id":77996,"date":"2023-12-13T21:04:39","date_gmt":"2023-12-13T20:04:39","guid":{"rendered":"https:\/\/www.soanam.de\/?post_type=product&#038;p=77996"},"modified":"2023-12-13T21:11:27","modified_gmt":"2023-12-13T20:11:27","slug":"vaude-dames-asymmetric-488-toerrugzak-wandelrugzak-in-groen","status":"publish","type":"product","link":"https:\/\/www.soanam.de\/nl\/produkt\/vaude-womens-asymmetric-488-tourenrucksack-wanderrucksack-in-gruen\/","title":{"rendered":"VAUDE - Damesrugzak Asymmetric 48+8 - Toerenrugzak, wandelrugzak, in het groen"},"content":{"rendered":"<h3>Beschrijving van de<\/h3>\n<p>Hij is een echte krachtpatser en laat weinig te wensen over op het gebied van functies: de Women's Asymmetric 48+8 van Vaude voor meerdaagse wandeltochten en korte trektochten laat zien wat een wandelrugzak moet kunnen! Het hoofdvak heeft een indrukwekkend pakvolume van 48 liter en kan gemakkelijk en eenvoudig met nog eens acht liter worden uitgebreid met behulp van het uitbreidingssysteem. Twee dekselvakken, \u00e9\u00e9n aan de buitenkant en \u00e9\u00e9n aan de binnenkant, een apart toegankelijk bodemvak, een kaartenvak, twee mesh buitenvakken, twee stokhouders en extra bevestigingslussen maken de opbergruimte compleet. De ergonomisch gevormde schouderbanden zijn afgestemd op de vrouwelijke lichaamsbouw en hebben een breed steunvlak en zijn smal in het schoudergewricht voor maximale bewegingsvrijheid. De ruglengte kan naar wens worden aangepast, een lichtgewicht aluminium frame geeft het rugpand de nodige stabiliteit en een borstband met signaalfluitje en een gevoerde heupgordel met zakje ronden het rugzakpakket af.<\/p>\n<p><strong>details<\/strong><\/p>\n<p>Gebruiksgebied: Wandelen, trektochten<br \/>\nHoofdmateriaal: 79% polyamide, 21% polyester<br \/>\nInzetstukken: 100% polyester<br \/>\nBinnenmateriaal: 100% polyamide<br \/>\nMateriaaldikte: 600 denier, 400 denier<\/p>","protected":false},"excerpt":{"rendered":"<h3>Artikelmerkmale<\/h3>\n<p>Staat van het item: Nieuw met label: Nieuw, ongebruikt en ongedragen item in de originele verpakking<\/p>\n<table border=\"0\" frame=\"VOID\" rules=\"NONE\" cellspacing=\"0\">\n<colgroup>\n<col width=\"133\" \/>\n<col width=\"267\" \/><\/colgroup>\n<tbody>\n<tr>\n<td align=\"LEFT\" width=\"133\" height=\"18\">Angebotspaket:<\/td>\n<td align=\"LEFT\" width=\"267\">Nein<\/td>\n<\/tr>\n<tr>\n<td align=\"LEFT\" height=\"17\">EAN:<\/td>\n<td align=\"LEFT\">4052285963170<\/td>\n<\/tr>\n<tr>\n<td align=\"LEFT\" height=\"18\">Kleur:<\/td>\n<td align=\"LEFT\">Groen<\/td>\n<\/tr>\n<tr>\n<td align=\"LEFT\" height=\"18\">Herstellernummer:<\/td>\n<td align=\"LEFT\">ohne Angabe<\/td>\n<\/tr>\n<tr>\n<td align=\"LEFT\" height=\"18\">Herstellungsland und -region:<\/td>\n<td align=\"LEFT\">Duitsland<\/td>\n<\/tr>\n<tr>\n<td align=\"LEFT\" height=\"18\">Marke:<\/td>\n<td align=\"LEFT\">VAUDE<\/td>\n<\/tr>\n<tr>\n<td align=\"LEFT\" height=\"18\">Modell:<\/td>\n<td align=\"LEFT\">Women's Asymmetric 48+8<\/td>\n<\/tr>\n<tr>\n<td align=\"LEFT\" height=\"18\">Modifizierter Artikel:<\/td>\n<td align=\"LEFT\">Nein<\/td>\n<\/tr>\n<\/tbody>\n<\/table>","protected":false},"featured_media":78107,"comment_status":"open","ping_status":"closed","template":"","meta":{"_seopress_robots_primary_cat":"","_seopress_titles_title":"","_seopress_titles_desc":"","_seopress_robots_index":""},"product_brand":[],"product_cat":[1409,1410],"product_tag":[],"class_list":{"0":"post-77996","1":"product","2":"type-product","3":"status-publish","4":"has-post-thumbnail","6":"product_cat-taschen-accessoires-herrenmode","7":"product_cat-rucksaecke-taschen-accessoires-herrenmode","8":"product_shipping_class-standard-versand","10":"first","11":"instock","12":"sale","13":"taxable","14":"shipping-taxable","15":"purchasable","16":"product-type-simple"},"_links":{"self":[{"href":"https:\/\/www.soanam.de\/nl\/wp-json\/wp\/v2\/product\/77996","targetHints":{"allow":["GET"]}}],"collection":[{"href":"https:\/\/www.soanam.de\/nl\/wp-json\/wp\/v2\/product"}],"about":[{"href":"https:\/\/www.soanam.de\/nl\/wp-json\/wp\/v2\/types\/product"}],"replies":[{"embeddable":true,"href":"https:\/\/www.soanam.de\/nl\/wp-json\/wp\/v2\/comments?post=77996"}],"wp:featuredmedia":[{"embeddable":true,"href":"https:\/\/www.soanam.de\/nl\/wp-json\/wp\/v2\/media\/78107"}],"wp:attachment":[{"href":"https:\/\/www.soanam.de\/nl\/wp-json\/wp\/v2\/media?parent=77996"}],"wp:term":[{"taxonomy":"product_brand","embeddable":true,"href":"https:\/\/www.soanam.de\/nl\/wp-json\/wp\/v2\/product_brand?post=77996"},{"taxonomy":"product_cat","embeddable":true,"href":"https:\/\/www.soanam.de\/nl\/wp-json\/wp\/v2\/product_cat?post=77996"},{"taxonomy":"product_tag","embeddable":true,"href":"https:\/\/www.soanam.de\/nl\/wp-json\/wp\/v2\/product_tag?post=77996"}],"curies":[{"name":"wp","href":"https:\/\/api.w.org\/{rel}","templated":true}]}}