{"id":77947,"date":"2023-12-13T21:03:46","date_gmt":"2023-12-13T20:03:46","guid":{"rendered":"https:\/\/www.soanam.de\/?post_type=product&#038;p=77947"},"modified":"2023-12-13T21:06:01","modified_gmt":"2023-12-13T20:06:01","slug":"dr-martens-1460-boot-schnuerstiefelette-unisex-in-cherry-red-das-original","status":"publish","type":"product","link":"https:\/\/www.soanam.de\/nl\/produkt\/dr-martens-1460-boot-schnuerstiefelette-unisex-in-cherry-red-das-original\/","title":{"rendered":"Dr Martens 1460 BOOT - Veterschoen enkellaars unisex in Kersenrood - HET ORIGINEEL"},"content":{"rendered":"<h3>Beschrijving van de<\/h3>\n<p>Britischer Look<br \/>\nRobust<br \/>\nGepolstert<br \/>\n8 - Loch Schn\u00fcrung<br \/>\nGelbe Ziernaht<\/p>\n<h3>Materiaal &amp; verzorgingsinstructies<\/h3>\n<p>Materiaal bovenkant: Leer<br \/>\nMateriaal binnen: leer<br \/>\nDecksohle: Leder-Textil-Kombination<br \/>\nZool: synthetisch<br \/>\nVoederdikte: Koud gevoed<\/p>\n<h3>Meer over dit product<\/h3>\n<p>\u00d6l-, Fett-, S\u00e4ure-, Benzin- und Base-resistente Laufsohle<br \/>\nTeen: Rond<br \/>\nHakvorm: Plat<br \/>\nPatroon: Effen kleuren<\/p>\n<h3>Pas<\/h3>\n<p>Schafth\u00f6he: 17 cm bei Gr\u00f6\u00dfe 42<\/p>","protected":false},"excerpt":{"rendered":"<h3>Artikelmerkmale<\/h3>\n<p>Staat van het item: Nieuw met label: Nieuw, ongebruikt en ongedragen item in de originele verpakking<\/p>\n<table border=\"0\" frame=\"VOID\" rules=\"NONE\" cellspacing=\"0\">\n<colgroup>\n<col width=\"137\" \/>\n<col width=\"168\" \/><\/colgroup>\n<tbody>\n<tr>\n<td align=\"LEFT\" width=\"137\" height=\"18\">Abteilung:<\/td>\n<td align=\"LEFT\" width=\"168\">Unisex<\/td>\n<\/tr>\n<tr>\n<td align=\"LEFT\" height=\"18\">Akzente:<\/td>\n<td align=\"LEFT\">Gelbe Naht<\/td>\n<\/tr>\n<tr>\n<td align=\"LEFT\" height=\"18\">Anlass:<\/td>\n<td align=\"LEFT\">Business, Freizeit<\/td>\n<\/tr>\n<tr>\n<td align=\"LEFT\" height=\"18\">AU-Schuhgr\u00f6\u00dfe:<\/td>\n<td align=\"LEFT\">ohne Angabe<\/td>\n<\/tr>\n<tr>\n<td align=\"LEFT\" height=\"18\">Besonderheiten:<\/td>\n<td align=\"LEFT\">Gelbe Naht<\/td>\n<\/tr>\n<tr>\n<td align=\"LEFT\" height=\"18\">Charakter:<\/td>\n<td align=\"LEFT\">ohne Angabe<\/td>\n<\/tr>\n<tr>\n<td align=\"LEFT\" height=\"18\">EAN:<\/td>\n<td align=\"LEFT\">nicht zutreffend<\/td>\n<\/tr>\n<tr>\n<td align=\"LEFT\" height=\"18\">EU-Schuhgr\u00f6\u00dfe:<\/td>\n<td align=\"LEFT\">EUR 42<\/td>\n<\/tr>\n<tr>\n<td align=\"LEFT\" height=\"18\">Kleur:<\/td>\n<td align=\"LEFT\">Cherry Red<\/td>\n<\/tr>\n<tr>\n<td align=\"LEFT\" height=\"18\">Futtermaterial:<\/td>\n<td align=\"LEFT\">Leder \/ Textil<\/td>\n<\/tr>\n<tr>\n<td align=\"LEFT\" height=\"18\">Handgefertigt:<\/td>\n<td align=\"LEFT\">Nein<\/td>\n<\/tr>\n<tr>\n<td align=\"LEFT\" height=\"18\">Herstellernummer:<\/td>\n<td align=\"LEFT\">Nicht zutreffend<\/td>\n<\/tr>\n<tr>\n<td align=\"LEFT\" height=\"18\">Herstellungsland und -region:<\/td>\n<td align=\"LEFT\">Unbekannt<\/td>\n<\/tr>\n<tr>\n<td align=\"LEFT\" height=\"18\">Individualisiert:<\/td>\n<td align=\"LEFT\">Nein<\/td>\n<\/tr>\n<tr>\n<td align=\"LEFT\" height=\"18\">Innensohlenmaterial:<\/td>\n<td align=\"LEFT\">Textil<\/td>\n<\/tr>\n<tr>\n<td align=\"LEFT\" height=\"18\">Jahreszeit:<\/td>\n<td align=\"LEFT\">Fr\u00fchling, Herbst, Sommer, Winter<\/td>\n<\/tr>\n<tr>\n<td align=\"LEFT\" height=\"18\">Laufsohlenmaterial:<\/td>\n<td align=\"LEFT\">Gummi<\/td>\n<\/tr>\n<tr>\n<td align=\"LEFT\" height=\"18\">Marke:<\/td>\n<td align=\"LEFT\">Dr. Martens<\/td>\n<\/tr>\n<tr>\n<td align=\"LEFT\" height=\"18\">Modell:<\/td>\n<td align=\"LEFT\">1460<\/td>\n<\/tr>\n<tr>\n<td align=\"LEFT\" height=\"18\">Muster:<\/td>\n<td align=\"LEFT\">Ohne Muster<\/td>\n<\/tr>\n<tr>\n<td align=\"LEFT\" height=\"18\">Obermaterial:<\/td>\n<td align=\"LEFT\">Leer<\/td>\n<\/tr>\n<tr>\n<td align=\"LEFT\" height=\"18\">Personalisiert:<\/td>\n<td align=\"LEFT\">Nein<\/td>\n<\/tr>\n<tr>\n<td align=\"LEFT\" height=\"18\">Produktart:<\/td>\n<td align=\"LEFT\">Laarzen<\/td>\n<\/tr>\n<tr>\n<td align=\"LEFT\" height=\"18\">Produktlinie:<\/td>\n<td align=\"LEFT\">Dr. Martens 1460<\/td>\n<\/tr>\n<tr>\n<td align=\"LEFT\" height=\"18\">Schuhgr\u00f6\u00dfe:<\/td>\n<td align=\"LEFT\">EUR 42, EUR 43<\/td>\n<\/tr>\n<tr>\n<td align=\"LEFT\" height=\"18\">Schuhschaft-Typ:<\/td>\n<td align=\"LEFT\">Kn\u00f6chel<\/td>\n<\/tr>\n<tr>\n<td align=\"LEFT\" height=\"18\">Schuhspitze:<\/td>\n<td align=\"LEFT\">Runde Form<\/td>\n<\/tr>\n<tr>\n<td align=\"LEFT\" height=\"18\">Stil:<\/td>\n<td align=\"LEFT\">Doc<\/td>\n<\/tr>\n<tr>\n<td align=\"LEFT\" height=\"18\">Thema:<\/td>\n<td align=\"LEFT\">ohne<\/td>\n<\/tr>\n<tr>\n<td align=\"LEFT\" height=\"18\">US-Schuhgr\u00f6\u00dfe:<\/td>\n<td align=\"LEFT\">10<\/td>\n<\/tr>\n<tr>\n<td align=\"LEFT\" height=\"18\">Verschluss:<\/td>\n<td align=\"LEFT\">Schn\u00fcrung<\/td>\n<\/tr>\n<tr>\n<td align=\"LEFT\" height=\"18\">Vintage:<\/td>\n<td align=\"LEFT\">Nein<\/td>\n<\/tr>\n<\/tbody>\n<\/table>","protected":false},"featured_media":78062,"comment_status":"open","ping_status":"closed","template":"","meta":{"_seopress_robots_primary_cat":"","_seopress_titles_title":"","_seopress_titles_desc":"","_seopress_robots_index":""},"product_brand":[],"product_cat":[1345,1348,1360,1385,1393,1454,1469,1470],"product_tag":[],"class_list":{"0":"post-77947","1":"product","2":"type-product","3":"status-publish","4":"has-post-thumbnail","6":"product_cat-herrenmode","7":"product_cat-damen-mode","8":"product_cat-schuhe","9":"product_cat-stiefel","10":"product_cat-schuhe-herrenmode","11":"product_cat-schnuerstiefel","12":"product_cat-stiefel-schuhe-herrenmode","13":"product_cat-schnuerstiefel-stiefel-schuhe-herrenmode","14":"product_shipping_class-standard-versand","16":"first","17":"instock","18":"sale","19":"taxable","20":"shipping-taxable","21":"purchasable","22":"product-type-simple"},"_links":{"self":[{"href":"https:\/\/www.soanam.de\/nl\/wp-json\/wp\/v2\/product\/77947","targetHints":{"allow":["GET"]}}],"collection":[{"href":"https:\/\/www.soanam.de\/nl\/wp-json\/wp\/v2\/product"}],"about":[{"href":"https:\/\/www.soanam.de\/nl\/wp-json\/wp\/v2\/types\/product"}],"replies":[{"embeddable":true,"href":"https:\/\/www.soanam.de\/nl\/wp-json\/wp\/v2\/comments?post=77947"}],"wp:featuredmedia":[{"embeddable":true,"href":"https:\/\/www.soanam.de\/nl\/wp-json\/wp\/v2\/media\/78062"}],"wp:attachment":[{"href":"https:\/\/www.soanam.de\/nl\/wp-json\/wp\/v2\/media?parent=77947"}],"wp:term":[{"taxonomy":"product_brand","embeddable":true,"href":"https:\/\/www.soanam.de\/nl\/wp-json\/wp\/v2\/product_brand?post=77947"},{"taxonomy":"product_cat","embeddable":true,"href":"https:\/\/www.soanam.de\/nl\/wp-json\/wp\/v2\/product_cat?post=77947"},{"taxonomy":"product_tag","embeddable":true,"href":"https:\/\/www.soanam.de\/nl\/wp-json\/wp\/v2\/product_tag?post=77947"}],"curies":[{"name":"wp","href":"https:\/\/api.w.org\/{rel}","templated":true}]}}