{"id":77857,"date":"2023-12-13T21:02:04","date_gmt":"2023-12-13T20:02:04","guid":{"rendered":"https:\/\/www.soanam.de\/?post_type=product&#038;p=77857"},"modified":"2023-12-13T21:04:17","modified_gmt":"2023-12-13T20:04:17","slug":"cmp-outdoorhose-woman-long-pant-in-schwarz-groesse-46","status":"publish","type":"product","link":"https:\/\/www.soanam.de\/nl\/produkt\/cmp-outdoorhose-woman-long-pant-in-schwarz-groesse-46\/","title":{"rendered":"CMP outdoorbroek VROUW LANGE PANT, in zwart, maat 46"},"content":{"rendered":"<p>Gef\u00fctterte Outdoorhose von CMP<br \/>\nSteekzakken met ritssluiting, riemlussen<br \/>\nGerade geschnittenes Bein mit abgen\u00e4hten Knien<br \/>\nWasserdicht, winddicht und atmungsaktiv<br \/>\n7.000mm Wassers\u00e4ule<\/p>\n<p>Eine atmungsaktive, elastische, warme Hose, die mit ihrem geraden Schnitt,den seitlichen Rei\u00dfverschlusstaschen und der weichen Fleece-Innenseite jede Outdooraktivit\u00e4t zum Vergn\u00fcgen macht.<br \/>\nDer Bund ist weitenregulierbar und die Kniepartie ist vorgeformt<br \/>\nMit einer Wassers\u00e4ule von 7.000 mm ist sie zudem auch wasserdicht.<\/p>\n<p>Material: 96% Polyester, 4% Elasthan<br \/>\nOnderhoudsinstructies: Machinewas<\/p>\n<p>Farbe: U901 NERO<br \/>\nGrootte: 46<\/p>\n<p>Bundweite: 93cm<br \/>\nHeupomtrek: 111cm<br \/>\nTrede lengte:80cm<br \/>\nTotale lengte: 105cm<\/p>","protected":false},"excerpt":{"rendered":"<table class=\"dv_characteristicsTable\">\n<tbody>\n<tr>\n<td class=\"left\">Maat<\/td>\n<td>46<\/td>\n<\/tr>\n<tr>\n<td class=\"left\">Materiaalsamenstelling<\/td>\n<td>96% Polyester, 4% Elasthan<\/td>\n<\/tr>\n<tr>\n<td class=\"left\">Kleur<\/td>\n<td>U901 NERO<\/td>\n<\/tr>\n<\/tbody>\n<\/table>","protected":false},"featured_media":77975,"comment_status":"open","ping_status":"closed","template":"","meta":{"_seopress_robots_primary_cat":"","_seopress_titles_title":"","_seopress_titles_desc":"","_seopress_robots_index":""},"product_brand":[],"product_cat":[1348,1349,1455],"product_tag":[],"class_list":{"0":"post-77857","1":"product","2":"type-product","3":"status-publish","4":"has-post-thumbnail","6":"product_cat-damen-mode","7":"product_cat-hosen-damen-mode","8":"product_cat-regen-skihosen","9":"product_shipping_class-standard-versand","11":"first","12":"instock","13":"sale","14":"taxable","15":"shipping-taxable","16":"purchasable","17":"product-type-simple"},"_links":{"self":[{"href":"https:\/\/www.soanam.de\/nl\/wp-json\/wp\/v2\/product\/77857","targetHints":{"allow":["GET"]}}],"collection":[{"href":"https:\/\/www.soanam.de\/nl\/wp-json\/wp\/v2\/product"}],"about":[{"href":"https:\/\/www.soanam.de\/nl\/wp-json\/wp\/v2\/types\/product"}],"replies":[{"embeddable":true,"href":"https:\/\/www.soanam.de\/nl\/wp-json\/wp\/v2\/comments?post=77857"}],"wp:featuredmedia":[{"embeddable":true,"href":"https:\/\/www.soanam.de\/nl\/wp-json\/wp\/v2\/media\/77975"}],"wp:attachment":[{"href":"https:\/\/www.soanam.de\/nl\/wp-json\/wp\/v2\/media?parent=77857"}],"wp:term":[{"taxonomy":"product_brand","embeddable":true,"href":"https:\/\/www.soanam.de\/nl\/wp-json\/wp\/v2\/product_brand?post=77857"},{"taxonomy":"product_cat","embeddable":true,"href":"https:\/\/www.soanam.de\/nl\/wp-json\/wp\/v2\/product_cat?post=77857"},{"taxonomy":"product_tag","embeddable":true,"href":"https:\/\/www.soanam.de\/nl\/wp-json\/wp\/v2\/product_tag?post=77857"}],"curies":[{"name":"wp","href":"https:\/\/api.w.org\/{rel}","templated":true}]}}