{"id":77692,"date":"2023-12-13T20:58:43","date_gmt":"2023-12-13T19:58:43","guid":{"rendered":"https:\/\/www.soanam.de\/?post_type=product&#038;p=77692"},"modified":"2023-12-13T21:01:07","modified_gmt":"2023-12-13T20:01:07","slug":"flashlights-jeans-jeggins-in-dark-blue-used-groesse-42","status":"publish","type":"product","link":"https:\/\/www.soanam.de\/nl\/produkt\/flashlights-jeans-jeggins-in-dark-blue-used-groesse-42\/","title":{"rendered":"Flashlights Jeans Jeggins, in Dark Blue Used, Gr\u00f6\u00dfe 42"},"content":{"rendered":"<p>Jeggins mit hoher Leibh\u00f6he und innenliegendem Gummizug<br \/>\nbequemer Schlupfbund<br \/>\nAus weichem Baumwollstretch<\/p>\n<p>Sieht aus, wie eine echte Jeans durch die beiden Eingrifftaschen und die Ges\u00e4\u00dftaschen.<br \/>\nDer bequeme Bund mit innen liegendem Gummizug sorgt f\u00fcr die perfekte Passform der High-Waist-Jeggings.<br \/>\nDie weiche Stretch-Qualit\u00e4t verleiht der Hose ein angenehmes Tragegef\u00fchl und sitzt dabei wie eine echte R\u00f6hre.<\/p>\n<p>Material: 80% Baumwolle, 19% Polyester, 1% Elasthan<br \/>\nOnderhoudsinstructies: Machinewasbaar op 40\u00b0<\/p>\n<p>Kleur: donkerblauw gebruikt<br \/>\nMaat: EUR 42<\/p>\n<p>Tailleomvang: 74cm<br \/>\nHeupomtrek: 96cm<br \/>\nTrede lengte:77cm<br \/>\nTotale lengte: 105cm<\/p>\n<p>Dit nieuwe artikel is een retourzending van een klant zonder label.<\/p>","protected":false},"excerpt":{"rendered":"<table class=\"dv_characteristicsTable\">\n<tbody>\n<tr>\n<td class=\"left\">Maat<\/td>\n<td>42<\/td>\n<\/tr>\n<tr>\n<td class=\"left\">Gr\u00f6\u00dfentyp<\/td>\n<td>Normalgr\u00f6\u00dfen<\/td>\n<\/tr>\n<tr>\n<td class=\"left\">Materiaalsamenstelling<\/td>\n<td>Obermaterial: 80% Baumwolle, 19% Polyester, 1% Elasthan<\/td>\n<\/tr>\n<tr>\n<td class=\"left\">Materialart<\/td>\n<td>Jeans<\/td>\n<\/tr>\n<tr>\n<td class=\"left\">Materialeigenschaften<\/td>\n<td>Stretch<\/td>\n<\/tr>\n<tr>\n<td class=\"left\">Onderhoudsinstructies<\/td>\n<td>Machinewas<\/td>\n<\/tr>\n<tr>\n<td class=\"left\">Waschung<\/td>\n<td>used<\/td>\n<\/tr>\n<tr>\n<td class=\"left\">Kleur<\/td>\n<td>darkblue, used<\/td>\n<\/tr>\n<\/tbody>\n<\/table>\n<table class=\"dv_characteristicsTable\" style=\"height: 221px\" width=\"624\">\n<tbody>\n<tr>\n<td class=\"left\">Leibh\u00f6he<\/td>\n<td>hoch<\/td>\n<\/tr>\n<tr>\n<td class=\"left\">Bundabschlussdetails<\/td>\n<td>mit innenliegendem Gummizug<\/td>\n<\/tr>\n<tr>\n<td class=\"left\">Beinform<\/td>\n<td>R\u00f6hre<\/td>\n<\/tr>\n<tr>\n<td class=\"left\">Pas<\/td>\n<td>eng<\/td>\n<\/tr>\n<tr>\n<td class=\"left\">Schnittform L\u00e4nge<\/td>\n<td>lang<\/td>\n<\/tr>\n<tr>\n<td class=\"left\">Verschluss<\/td>\n<td>ohne Verschluss<\/td>\n<\/tr>\n<tr>\n<td class=\"left\">Besondere Merkmale<\/td>\n<td>High Waist<\/td>\n<\/tr>\n<\/tbody>\n<\/table>","protected":false},"featured_media":77814,"comment_status":"open","ping_status":"closed","template":"","meta":{"_seopress_robots_primary_cat":"","_seopress_titles_title":"","_seopress_titles_desc":"","_seopress_robots_index":""},"product_brand":[],"product_cat":[1348,1349,1350],"product_tag":[],"class_list":{"0":"post-77692","1":"product","2":"type-product","3":"status-publish","4":"has-post-thumbnail","6":"product_cat-damen-mode","7":"product_cat-hosen-damen-mode","8":"product_cat-jeans-hosen-damen-mode","9":"product_shipping_class-standard-versand","11":"first","12":"instock","13":"taxable","14":"shipping-taxable","15":"purchasable","16":"product-type-simple"},"_links":{"self":[{"href":"https:\/\/www.soanam.de\/nl\/wp-json\/wp\/v2\/product\/77692","targetHints":{"allow":["GET"]}}],"collection":[{"href":"https:\/\/www.soanam.de\/nl\/wp-json\/wp\/v2\/product"}],"about":[{"href":"https:\/\/www.soanam.de\/nl\/wp-json\/wp\/v2\/types\/product"}],"replies":[{"embeddable":true,"href":"https:\/\/www.soanam.de\/nl\/wp-json\/wp\/v2\/comments?post=77692"}],"wp:featuredmedia":[{"embeddable":true,"href":"https:\/\/www.soanam.de\/nl\/wp-json\/wp\/v2\/media\/77814"}],"wp:attachment":[{"href":"https:\/\/www.soanam.de\/nl\/wp-json\/wp\/v2\/media?parent=77692"}],"wp:term":[{"taxonomy":"product_brand","embeddable":true,"href":"https:\/\/www.soanam.de\/nl\/wp-json\/wp\/v2\/product_brand?post=77692"},{"taxonomy":"product_cat","embeddable":true,"href":"https:\/\/www.soanam.de\/nl\/wp-json\/wp\/v2\/product_cat?post=77692"},{"taxonomy":"product_tag","embeddable":true,"href":"https:\/\/www.soanam.de\/nl\/wp-json\/wp\/v2\/product_tag?post=77692"}],"curies":[{"name":"wp","href":"https:\/\/api.w.org\/{rel}","templated":true}]}}