{"id":77633,"date":"2023-12-13T20:57:20","date_gmt":"2023-12-13T19:57:20","guid":{"rendered":"https:\/\/www.soanam.de\/?post_type=product&#038;p=77633"},"modified":"2023-12-13T21:00:09","modified_gmt":"2023-12-13T20:00:09","slug":"lascana-7-8-jeggings-in-weiss-groesse-44","status":"publish","type":"product","link":"https:\/\/www.soanam.de\/nl\/produkt\/lascana-7-8-jeggings-in-weiss-groesse-44\/","title":{"rendered":"LASCANA 7\/8-Jeggings, in Wei\u00df, Gr\u00f6\u00dfe 44"},"content":{"rendered":"<p>7\/8 Jeggings von Lascana<br \/>\nSlanke pasvorm<br \/>\nNormale stijging<br \/>\nEchte Ges\u00e4\u00dftaschen<br \/>\nZiertaschen vorne<br \/>\nZacht stretch denim<\/p>\n<p>Ein Basic, das klassischer nicht sein kann.<br \/>\nDie schmale Passform wird durch die normale Leibh\u00f6he noch betont.<br \/>\nW\u00e4hrend sich vorn lediglich Ziertaschen befinden, ist die Hose hinten mit echten Ges\u00e4\u00dftaschen versehen.<\/p>\n<p>Materiaal: 66% katoen, 31% polyester, 3% elastaan<br \/>\nOnderhoudsinstructies: Machinewasbaar op 30\u00b0<\/p>\n<p>Kleur: wit<br \/>\nMaat: 44<\/p>\n<p>Tailleomvang: 84cm<br \/>\nH\u00fcftumfang: 100cm<br \/>\nTrede lengte:67cm<br \/>\nTotale lengte: 97cm<\/p>","protected":false},"excerpt":{"rendered":"<table class=\"dv_characteristicsTable\">\n<tbody>\n<tr>\n<td class=\"left\">Maat<\/td>\n<td>44<\/td>\n<\/tr>\n<tr>\n<td class=\"left\">Gr\u00f6\u00dfentyp<\/td>\n<td>Normalgr\u00f6\u00dfen<\/td>\n<\/tr>\n<tr>\n<td class=\"left\">Materiaalsamenstelling<\/td>\n<td>Obermaterial: 66% Baumwolle, 31% Polyester, 3% Elasthan<\/td>\n<\/tr>\n<tr>\n<td class=\"left\">Materialart<\/td>\n<td>Denim<\/td>\n<\/tr>\n<tr>\n<td class=\"left\">Materialeigenschaften<\/td>\n<td>Stretch<\/td>\n<\/tr>\n<tr>\n<td class=\"left\">Onderhoudsinstructies<\/td>\n<td>Machinewas<\/td>\n<\/tr>\n<tr>\n<td class=\"left\">Stil<\/td>\n<td>casual<\/td>\n<\/tr>\n<tr>\n<td class=\"left\">Kleur<\/td>\n<td>wei\u00df<\/td>\n<\/tr>\n<tr>\n<td class=\"left\">Leibh\u00f6he<\/td>\n<td>normal<\/td>\n<\/tr>\n<tr>\n<td class=\"left\">Beinabschluss<\/td>\n<td>gerader Abschluss<\/td>\n<\/tr>\n<tr>\n<td class=\"left\">Beinform<\/td>\n<td>schmal<\/td>\n<\/tr>\n<tr>\n<td class=\"left\">Pas<\/td>\n<td>figurbetont<\/td>\n<\/tr>\n<tr>\n<td class=\"left\">Schnittform L\u00e4nge<\/td>\n<td>7\/8-L\u00e4nge<\/td>\n<\/tr>\n<tr>\n<td class=\"left\">G\u00fcrtelschlaufen<\/td>\n<td>ja<\/td>\n<\/tr>\n<tr>\n<td class=\"left\">Tassen<\/td>\n<td>Faketaschen, Ges\u00e4\u00dftaschen<\/td>\n<\/tr>\n<tr>\n<td class=\"left\">Verschluss<\/td>\n<td>1-Knopf-Form<\/td>\n<\/tr>\n<\/tbody>\n<\/table>","protected":false},"featured_media":77769,"comment_status":"open","ping_status":"closed","template":"","meta":{"_seopress_robots_primary_cat":"","_seopress_titles_title":"","_seopress_titles_desc":"","_seopress_robots_index":""},"product_brand":[],"product_cat":[1348,1349,1350,1433],"product_tag":[],"class_list":{"0":"post-77633","1":"product","2":"type-product","3":"status-publish","4":"has-post-thumbnail","6":"product_cat-damen-mode","7":"product_cat-hosen-damen-mode","8":"product_cat-jeans-hosen-damen-mode","9":"product_cat-7-8-hosen","10":"product_shipping_class-standard-versand","12":"first","13":"instock","14":"taxable","15":"shipping-taxable","16":"purchasable","17":"product-type-simple"},"_links":{"self":[{"href":"https:\/\/www.soanam.de\/nl\/wp-json\/wp\/v2\/product\/77633","targetHints":{"allow":["GET"]}}],"collection":[{"href":"https:\/\/www.soanam.de\/nl\/wp-json\/wp\/v2\/product"}],"about":[{"href":"https:\/\/www.soanam.de\/nl\/wp-json\/wp\/v2\/types\/product"}],"replies":[{"embeddable":true,"href":"https:\/\/www.soanam.de\/nl\/wp-json\/wp\/v2\/comments?post=77633"}],"wp:featuredmedia":[{"embeddable":true,"href":"https:\/\/www.soanam.de\/nl\/wp-json\/wp\/v2\/media\/77769"}],"wp:attachment":[{"href":"https:\/\/www.soanam.de\/nl\/wp-json\/wp\/v2\/media?parent=77633"}],"wp:term":[{"taxonomy":"product_brand","embeddable":true,"href":"https:\/\/www.soanam.de\/nl\/wp-json\/wp\/v2\/product_brand?post=77633"},{"taxonomy":"product_cat","embeddable":true,"href":"https:\/\/www.soanam.de\/nl\/wp-json\/wp\/v2\/product_cat?post=77633"},{"taxonomy":"product_tag","embeddable":true,"href":"https:\/\/www.soanam.de\/nl\/wp-json\/wp\/v2\/product_tag?post=77633"}],"curies":[{"name":"wp","href":"https:\/\/api.w.org\/{rel}","templated":true}]}}