{"id":77561,"date":"2023-12-13T20:55:44","date_gmt":"2023-12-13T19:55:44","guid":{"rendered":"https:\/\/www.soanam.de\/?post_type=product&#038;p=77561"},"modified":"2023-12-13T20:59:03","modified_gmt":"2023-12-13T19:59:03","slug":"esprit-active-suit-sakko-hose-aus-woll-mix-in-dark-blue-groesse-46","status":"publish","type":"product","link":"https:\/\/www.soanam.de\/nl\/produkt\/esprit-active-suit-sakko-hose-aus-woll-mix-in-dark-blue-groesse-46\/","title":{"rendered":"Esprit - ACTIVE SUIT jasje + broek van wolmix in donkerblauw, maat 46"},"content":{"rendered":"<h3>Beschrijving van de<\/h3>\n<p><strong>ACTIVE SUIT Sakko + Hose aus Woll-Mix<\/strong><\/p>\n<p>Active Suit Sakko: Der bi-elastische Wollstoff dieses Sakkos bietet dir perfekte Bewegungsfreiheit und Formbest\u00e4ndigkeit.<br \/>\nBi-elastischer Woll-Mix bietet Bewegungsfreiheit und Formbest\u00e4ndigkeit<br \/>\nSeidiges Futter mit einer kn\u00f6pfbaren Tasche<br \/>\nBesonders schmaler, abfallender Reverskragen<br \/>\nKnopfleiste mit zwei Kn\u00f6pfen<br \/>\nLeistentasche auf Brusth\u00f6he, paspelierte Pattentaschen auf H\u00fcfth\u00f6he<br \/>\n\u00c4rmelenden mit Zierkn\u00f6pfen<br \/>\nIn Kombination mit der Hose der perfekte Anzug<\/p>\n<p>Active Suit Hose: Der bi-elastische Wollstoff dieser Hose bietet dir perfekte Bewegungsfreiheit und Formbest\u00e4ndigkeit.<br \/>\nBi-elastischer Wollstoff mit Stretch Komfort bietet Bewegungsfreiheit und Formbest\u00e4ndigkeit<br \/>\nHosenbeine mit knielangem Vorderfutter<br \/>\nAbgef\u00fctterter Bund mit G\u00fcrtelschlaufen, verdecktem H\u00e4kchen Verschluss und Zipper<br \/>\nJe zwei Einschubtaschen seitlich vorn und gekn\u00f6pfte Leistentaschen hinten<br \/>\nB\u00fcgelfalten<br \/>\nIn Kombination mit dem Sakko der perfekte Anzug<\/p>\n<p><strong>GR\u00d6SSENINFO Sakko<\/strong><\/p>\n<p>Bei Gr. 48 (kann je Gr. leicht variieren):<br \/>\nR\u00fcckenl\u00e4nge: ca. 70 cm<br \/>\n\u00c4rmell\u00e4nge: ca. 64 cm<\/p>\n<p><strong>MATERIAL UND PFLEGE<\/strong><br \/>\nObermaterial: 52% Polyester, 44% Wolle, 4% Elasthan<br \/>\nVoering: 100% polyester<\/p>\n<p><strong>GR\u00d6SSENINFO<\/strong> <strong>Hose<\/strong><\/p>\n<p>Bei Gr. 48 (kann je Gr. leicht variieren):<br \/>\nInnenbeinl\u00e4nge: ca. 78 cm<br \/>\nBein\u00f6ffnung: ca. 35 cm<\/p>\n<p><strong>MATERIAL UND PFLEGE<\/strong><br \/>\nObermaterial: 52% Polyester, 44% Wolle, 4% Elasthan<br \/>\nVoering: 100% polyester<\/p>","protected":false},"excerpt":{"rendered":"<h3>Artikelmerkmale<\/h3>\n<p>Staat van het item: Nieuw met label: Nieuw, ongebruikt en ongedragen item in de originele verpakking<\/p>\n<p>Abteilung: Herren<br \/>\nAnlass: Business<br \/>\nBrustumfang: ohne Angabe<br \/>\nEAN: 4061355846992<br \/>\nFarbe: Blau<br \/>\nFuttermaterial: Polyester<br \/>\nGewebeart: ohne Angabe<br \/>\nGrootte: 46<br \/>\nGr\u00f6\u00dfenkategorie: Normalgr\u00f6\u00dfe<br \/>\nJacken-\/Mantell\u00e4nge: Normal<br \/>\nJackenrevers-Form: Reversekragen<br \/>\nMarke: Esprit<br \/>\nMaterial: Wolle, Polyester<br \/>\nPassform: Classic<br \/>\nProduktart: Anzug<br \/>\nStil: 2-Teiler<br \/>\nThema: Business<br \/>\nVintage: Nein<\/p>","protected":false},"featured_media":77698,"comment_status":"open","ping_status":"closed","template":"","meta":{"_seopress_robots_primary_cat":"","_seopress_titles_title":"","_seopress_titles_desc":"","_seopress_robots_index":""},"product_brand":[],"product_cat":[1345,1368,1427],"product_tag":[],"class_list":{"0":"post-77561","1":"product","2":"type-product","3":"status-publish","4":"has-post-thumbnail","6":"product_cat-herrenmode","7":"product_cat-anzuege-anzugsteile","8":"product_cat-anzuege-2-tlg","9":"product_shipping_class-standard-versand","11":"first","12":"instock","13":"sale","14":"taxable","15":"shipping-taxable","16":"purchasable","17":"product-type-simple"},"_links":{"self":[{"href":"https:\/\/www.soanam.de\/nl\/wp-json\/wp\/v2\/product\/77561","targetHints":{"allow":["GET"]}}],"collection":[{"href":"https:\/\/www.soanam.de\/nl\/wp-json\/wp\/v2\/product"}],"about":[{"href":"https:\/\/www.soanam.de\/nl\/wp-json\/wp\/v2\/types\/product"}],"replies":[{"embeddable":true,"href":"https:\/\/www.soanam.de\/nl\/wp-json\/wp\/v2\/comments?post=77561"}],"wp:featuredmedia":[{"embeddable":true,"href":"https:\/\/www.soanam.de\/nl\/wp-json\/wp\/v2\/media\/77698"}],"wp:attachment":[{"href":"https:\/\/www.soanam.de\/nl\/wp-json\/wp\/v2\/media?parent=77561"}],"wp:term":[{"taxonomy":"product_brand","embeddable":true,"href":"https:\/\/www.soanam.de\/nl\/wp-json\/wp\/v2\/product_brand?post=77561"},{"taxonomy":"product_cat","embeddable":true,"href":"https:\/\/www.soanam.de\/nl\/wp-json\/wp\/v2\/product_cat?post=77561"},{"taxonomy":"product_tag","embeddable":true,"href":"https:\/\/www.soanam.de\/nl\/wp-json\/wp\/v2\/product_tag?post=77561"}],"curies":[{"name":"wp","href":"https:\/\/api.w.org\/{rel}","templated":true}]}}