{"id":77525,"date":"2023-12-13T20:54:59","date_gmt":"2023-12-13T19:54:59","guid":{"rendered":"https:\/\/www.soanam.de\/?post_type=product&#038;p=77525"},"modified":"2023-12-13T20:58:23","modified_gmt":"2023-12-13T19:58:23","slug":"arizona-skinny-fit-jeans-mit-thermo-effekt-in-black-groesse-38","status":"publish","type":"product","link":"https:\/\/www.soanam.de\/nl\/produkt\/arizona-skinny-fit-jeans-mit-thermo-effekt-in-black-groesse-38\/","title":{"rendered":"Arizona Skinny-fit-Jeans mit Thermo-Effekt, in Black, Gr\u00f6\u00dfe 38"},"content":{"rendered":"<p>Thermo-Stretch-Denim in schlanker Pa\u00dfform<br \/>\nRok met hoge taille<br \/>\nTrageangenehm mit w\u00e4rmendem Effekt<br \/>\nInnen kuschelig warm angeraut<\/p>\n<p>Die Winter Jeggings von Arizona sieht aus, wie eine Jeans. Typische Denimelemente wie der schmale Bund mit G\u00fcrtelschlaufen, der beliebte Five-Pocket-Stil, die hohe Leibh\u00f6he, die figurbetonte Passform vereinen sich bei den Damen Jeggings mit superangenehmen Komfort und wirken dabei wie eine R\u00f6hrenjeans.<\/p>\n<p>Materiaal: 74% katoen, 24% polyester, 2% elastaan<br \/>\nOnderhoudsinstructies: Machinewasbaar op 40\u00b0<\/p>\n<p>Kleur: zwart<br \/>\nMaat: EUR 38<\/p>\n<p>Tailleomvang: 74cm<br \/>\nHeupomtrek: 91cm<br \/>\nTrede lengte:80cm<br \/>\nTotale lengte: 107cm<\/p>","protected":false},"excerpt":{"rendered":"<table class=\"dv_characteristicsTable\">\n<tbody>\n<tr>\n<td class=\"left\">Maat<\/td>\n<td>38<\/td>\n<\/tr>\n<tr>\n<td class=\"left\">Gr\u00f6\u00dfentyp<\/td>\n<td>Normalgr\u00f6\u00dfen<\/td>\n<\/tr>\n<tr>\n<td class=\"left\">Materiaalsamenstelling<\/td>\n<td>Obermaterial: 74% Baumwolle, 24% Polyester, 2% Elasthan<\/td>\n<\/tr>\n<tr>\n<td class=\"left\">Materialart<\/td>\n<td>Denim<\/td>\n<\/tr>\n<tr>\n<td class=\"left\">Materialeigenschaften<\/td>\n<td>Stretch<\/td>\n<\/tr>\n<tr>\n<td class=\"left\">Onderhoudsinstructies<\/td>\n<td>Machinewas<\/td>\n<\/tr>\n<tr>\n<td class=\"left\">Optik<\/td>\n<td>unifarben<\/td>\n<\/tr>\n<tr>\n<td class=\"left\">Stil<\/td>\n<td>casual<\/td>\n<\/tr>\n<tr>\n<td class=\"left\">Kleur<\/td>\n<td>black<\/td>\n<\/tr>\n<tr>\n<td class=\"left\">Leibh\u00f6he<\/td>\n<td>hoch<\/td>\n<\/tr>\n<tr>\n<td class=\"left\">Bundabschluss<\/td>\n<td>abgestepptes B\u00fcndchen<\/td>\n<\/tr>\n<tr>\n<td class=\"left\">Beinform<\/td>\n<td>R\u00f6hre<\/td>\n<\/tr>\n<tr>\n<td class=\"left\">Beinabschluss<\/td>\n<td>abgesteppt<\/td>\n<\/tr>\n<tr>\n<td class=\"left\">Pas<\/td>\n<td>schmal<\/td>\n<\/tr>\n<tr>\n<td class=\"left\">Schnittform L\u00e4nge<\/td>\n<td>lang<\/td>\n<\/tr>\n<tr>\n<td class=\"left\">G\u00fcrtelschlaufen<\/td>\n<td>ja<\/td>\n<\/tr>\n<tr>\n<td class=\"left\">Tassen<\/td>\n<td>Eingrifftaschen, Coinpocket, Ges\u00e4\u00dftaschen<\/td>\n<\/tr>\n<tr>\n<td class=\"left\">Verschluss<\/td>\n<td>Knopf, Rei\u00dfverschluss<\/td>\n<\/tr>\n<tr>\n<td class=\"left\">Besondere Merkmale<\/td>\n<td>High Waist<\/td>\n<\/tr>\n<\/tbody>\n<\/table>","protected":false},"featured_media":77672,"comment_status":"open","ping_status":"closed","template":"","meta":{"_seopress_robots_primary_cat":"","_seopress_titles_title":"","_seopress_titles_desc":"","_seopress_robots_index":""},"product_brand":[],"product_cat":[1348,1349,1350],"product_tag":[],"class_list":{"0":"post-77525","1":"product","2":"type-product","3":"status-publish","4":"has-post-thumbnail","6":"product_cat-damen-mode","7":"product_cat-hosen-damen-mode","8":"product_cat-jeans-hosen-damen-mode","9":"product_shipping_class-standard-versand","11":"first","12":"instock","13":"sale","14":"taxable","15":"shipping-taxable","16":"purchasable","17":"product-type-simple"},"_links":{"self":[{"href":"https:\/\/www.soanam.de\/nl\/wp-json\/wp\/v2\/product\/77525","targetHints":{"allow":["GET"]}}],"collection":[{"href":"https:\/\/www.soanam.de\/nl\/wp-json\/wp\/v2\/product"}],"about":[{"href":"https:\/\/www.soanam.de\/nl\/wp-json\/wp\/v2\/types\/product"}],"replies":[{"embeddable":true,"href":"https:\/\/www.soanam.de\/nl\/wp-json\/wp\/v2\/comments?post=77525"}],"wp:featuredmedia":[{"embeddable":true,"href":"https:\/\/www.soanam.de\/nl\/wp-json\/wp\/v2\/media\/77672"}],"wp:attachment":[{"href":"https:\/\/www.soanam.de\/nl\/wp-json\/wp\/v2\/media?parent=77525"}],"wp:term":[{"taxonomy":"product_brand","embeddable":true,"href":"https:\/\/www.soanam.de\/nl\/wp-json\/wp\/v2\/product_brand?post=77525"},{"taxonomy":"product_cat","embeddable":true,"href":"https:\/\/www.soanam.de\/nl\/wp-json\/wp\/v2\/product_cat?post=77525"},{"taxonomy":"product_tag","embeddable":true,"href":"https:\/\/www.soanam.de\/nl\/wp-json\/wp\/v2\/product_tag?post=77525"}],"curies":[{"name":"wp","href":"https:\/\/api.w.org\/{rel}","templated":true}]}}