{"id":77484,"date":"2023-12-13T20:53:31","date_gmt":"2023-12-13T19:53:31","guid":{"rendered":"https:\/\/www.soanam.de\/?post_type=product&#038;p=77484"},"modified":"2023-12-13T20:57:07","modified_gmt":"2023-12-13T19:57:07","slug":"harris-wharf-london-sakko-merinowolle-ungefuettert-dunkelgrau-gr-52","status":"publish","type":"product","link":"https:\/\/www.soanam.de\/nl\/produkt\/harris-wharf-london-sakko-merinowolle-ungefuettert-dunkelgrau-gr-52\/","title":{"rendered":"Harris Wharf London Sakko Merinowolle ungef\u00fcttert, dunkelgrau, Gr. 52"},"content":{"rendered":"<h3>Beschrijving van de<\/h3>\n<p>Harris Wharf London Sakko C8G22MEU\/126<br \/>\nSakko aus Merinowolle ohne Futter von HARRIS WHARF LONDON<br \/>\nSakko, Merinowolle ungef\u00fcttert, dunkelgrau, Gr. 52\/L<\/p>\n<p>Mit diesem smarten, bequemen und stilvollen Sakko f\u00fcr jede Gelegenheit bringen Sie Klasse und Schwung in Ihr Outfit. Egal ob f\u00fcr legere Business- oder gepflegte Casual-Looks, der modische Blazer aus stretchiger Merinowolle ist ein besonderes Kleidungsst\u00fcck. Die sehr schmale, taillierte Form setzt die figurbetonte Silhouette gekonnt in Szene. Offenkantige Details unterstreichen den individuellen Look.<\/p>\n<p><strong>Obermaterial:<\/strong> Wolle 100%<\/p>\n<p><strong>Muster:<\/strong> Uni &amp; Ton-in-Ton<\/p>\n<p><strong>Taschen:<\/strong> Aufgesetzte Tasche\/n, Leistentasche\/n auf Brusth\u00f6he links<\/p>\n<p><strong>Schnitt:<\/strong> Sakko, Einreiher, Schmal geschnitten, Tailliert, Mit Reverskragen<\/p>\n<p><strong>Innenverarbeitung:<\/strong> Aufgesetzte Tasche\/n innen je Seite eine, zum Kn\u00f6pfen<\/p>\n<p><strong>Kleur:<\/strong> Donkergrijs<\/p>\n<p><strong>Afmetingen:<\/strong> Bei Gr\u00f6\u00dfe 50 R\u00fcckenl\u00e4nge ohne Kragen ca. 75 cm, Brustweite ca. 104 cm<\/p>\n<p><strong>Besonderheiten:<\/strong><\/p>\n<ul>\n<li>Leichte, bequeme Stretch-Qualit\u00e4t<\/li>\n<li>Offenkantige Details<\/li>\n<li>Hergestellt in Italien<\/li>\n<\/ul>","protected":false},"excerpt":{"rendered":"<h3>Artikelmerkmale<\/h3>\n<p>Staat van het item: Nieuw met label: Nieuw, ongebruikt en ongedragen item in de originele verpakking<\/p>\n<p>Abteilung: Herren<br \/>\nAktivit\u00e4t: Business<br \/>\nAnlass: Business, Elegant, Reise<br \/>\nAu\u00dfenmaterial: Wolle<br \/>\nBesonderheiten: Ungef\u00fcttert<br \/>\nCharakter: ohne<br \/>\nEAN: 8300083486411<br \/>\nFarbe: Grau<br \/>\nFuttermaterial: ungef\u00fcttert<br \/>\nGewebeart: ohne Angabe<br \/>\nMaat: L<br \/>\nGr\u00f6\u00dfenkategorie: Normalgr\u00f6\u00dfe<br \/>\nIsoliermaterial: nicht zutreffend<br \/>\nJahreszeit: Fr\u00fchling, Herbst, Winter<br \/>\nMarke: Harris Wharf London<br \/>\nModell: Merino<br \/>\nMuster: Ohne Muster<br \/>\nProduktart: Sakko<br \/>\nStil: Sakko<br \/>\nThema: Elegant<br \/>\nSluiting: Knoop<br \/>\nVintage: Nein<\/p>","protected":false},"featured_media":77619,"comment_status":"open","ping_status":"closed","template":"","meta":{"_seopress_robots_primary_cat":"","_seopress_titles_title":"","_seopress_titles_desc":"","_seopress_robots_index":""},"product_brand":[],"product_cat":[1345,1368,1369],"product_tag":[],"class_list":{"0":"post-77484","1":"product","2":"type-product","3":"status-publish","4":"has-post-thumbnail","6":"product_cat-herrenmode","7":"product_cat-anzuege-anzugsteile","8":"product_cat-sakkos","9":"product_shipping_class-standard-versand","11":"first","12":"instock","13":"sale","14":"taxable","15":"shipping-taxable","16":"purchasable","17":"product-type-simple"},"_links":{"self":[{"href":"https:\/\/www.soanam.de\/nl\/wp-json\/wp\/v2\/product\/77484","targetHints":{"allow":["GET"]}}],"collection":[{"href":"https:\/\/www.soanam.de\/nl\/wp-json\/wp\/v2\/product"}],"about":[{"href":"https:\/\/www.soanam.de\/nl\/wp-json\/wp\/v2\/types\/product"}],"replies":[{"embeddable":true,"href":"https:\/\/www.soanam.de\/nl\/wp-json\/wp\/v2\/comments?post=77484"}],"wp:featuredmedia":[{"embeddable":true,"href":"https:\/\/www.soanam.de\/nl\/wp-json\/wp\/v2\/media\/77619"}],"wp:attachment":[{"href":"https:\/\/www.soanam.de\/nl\/wp-json\/wp\/v2\/media?parent=77484"}],"wp:term":[{"taxonomy":"product_brand","embeddable":true,"href":"https:\/\/www.soanam.de\/nl\/wp-json\/wp\/v2\/product_brand?post=77484"},{"taxonomy":"product_cat","embeddable":true,"href":"https:\/\/www.soanam.de\/nl\/wp-json\/wp\/v2\/product_cat?post=77484"},{"taxonomy":"product_tag","embeddable":true,"href":"https:\/\/www.soanam.de\/nl\/wp-json\/wp\/v2\/product_tag?post=77484"}],"curies":[{"name":"wp","href":"https:\/\/api.w.org\/{rel}","templated":true}]}}