{"id":77467,"date":"2023-12-13T20:52:56","date_gmt":"2023-12-13T19:52:56","guid":{"rendered":"https:\/\/www.soanam.de\/?post_type=product&#038;p=77467"},"modified":"2023-12-13T20:57:01","modified_gmt":"2023-12-13T19:57:01","slug":"hugo-boss-herensneakers-in-tennisstijl-van-zwart-nappaleer","status":"publish","type":"product","link":"https:\/\/www.soanam.de\/nl\/produkt\/hugo-boss-herren-sneakers-im-tennis-stil-aus-nappaleder-schwarz\/","title":{"rendered":"Hugo Boss Herren Sneakers im Tennis-Stil aus Nappaleder, Schwarz"},"content":{"rendered":"<h3>Beschrijving van de<\/h3>\n<p>Minimalistische HUGO Sneakers aus Nappaleder mit Innenfutter aus Leder.<br \/>\nDie Herren-Schuhe mit zeitgem\u00e4\u00dfer Silhouette sind mit einer Logo-Pr\u00e4gung und einem roten Farbakzent an der Fersenkappe versehen.<br \/>\nEine Gummisohle verspricht optimalen Komfort und Flexibilit\u00e4t.<br \/>\nTonale Schn\u00fcrsenkel sorgen f\u00fcr einen cleanen Look.<\/p>\n<h3>details<\/h3>\n<p>Style Futurism_Tenn_lt - 50315601<br \/>\nSchn\u00fcrb\u00e4nder<br \/>\nMit Innenfutter<br \/>\nSohle: Material-Mix<br \/>\nVerpackung: Box<\/p>","protected":false},"excerpt":{"rendered":"<h3>Artikelmerkmale<\/h3>\n<p>Staat van het item: Nieuw met label: Nieuw, ongebruikt en ongedragen item in de originele verpakking<\/p>\n<p>Abteilung: Herren<br \/>\nAktivit\u00e4t: Tennis<br \/>\nAnlass: Freizeit<br \/>\nAU-Schuhgr\u00f6\u00dfe: ohne Angabe<br \/>\nCharakter Familie: ohne<br \/>\nCharakter: ohne<br \/>\nEAN: 4021419305230<br \/>\nJaar van publicatie: 2020<br \/>\nEU-Schuhgr\u00f6\u00dfe: EUR 40<br \/>\nKleur: Zwart<br \/>\nFuttermaterial: Leder<br \/>\nHerstellernummer: 50315601<br \/>\nIndividualisiert: Nein<br \/>\nInnensohlenmaterial: Leder<br \/>\nLaufsohlenmaterial: Gummi<br \/>\nMarke: HUGO BOSS<br \/>\nModell: Style Futurism_Tenn_lt<br \/>\nMateriaal bovenkant: Leer<br \/>\nProduktart: Sportschuh<br \/>\nProduktlinie: Hugo Sport<br \/>\nSchuhweite: F<br \/>\nStil: Sneaker<br \/>\nThema: Sport<br \/>\nUK-Schuhgr\u00f6\u00dfe: UK 6<br \/>\nUS-Schuhgr\u00f6\u00dfe: US 7<br \/>\nVintage: Nein<\/p>","protected":false},"featured_media":77614,"comment_status":"open","ping_status":"closed","template":"","meta":{"_seopress_robots_primary_cat":"","_seopress_titles_title":"","_seopress_titles_desc":"","_seopress_robots_index":""},"product_brand":[],"product_cat":[1345,1393,1394,1419],"product_tag":[],"class_list":{"0":"post-77467","1":"product","2":"type-product","3":"status-publish","4":"has-post-thumbnail","6":"product_cat-herrenmode","7":"product_cat-schuhe-herrenmode","8":"product_cat-sneakers-schuhe-herrenmode","9":"product_cat-schnuerschuhe","10":"product_shipping_class-standard-versand","12":"first","13":"instock","14":"sale","15":"taxable","16":"shipping-taxable","17":"purchasable","18":"product-type-simple"},"_links":{"self":[{"href":"https:\/\/www.soanam.de\/nl\/wp-json\/wp\/v2\/product\/77467","targetHints":{"allow":["GET"]}}],"collection":[{"href":"https:\/\/www.soanam.de\/nl\/wp-json\/wp\/v2\/product"}],"about":[{"href":"https:\/\/www.soanam.de\/nl\/wp-json\/wp\/v2\/types\/product"}],"replies":[{"embeddable":true,"href":"https:\/\/www.soanam.de\/nl\/wp-json\/wp\/v2\/comments?post=77467"}],"wp:featuredmedia":[{"embeddable":true,"href":"https:\/\/www.soanam.de\/nl\/wp-json\/wp\/v2\/media\/77614"}],"wp:attachment":[{"href":"https:\/\/www.soanam.de\/nl\/wp-json\/wp\/v2\/media?parent=77467"}],"wp:term":[{"taxonomy":"product_brand","embeddable":true,"href":"https:\/\/www.soanam.de\/nl\/wp-json\/wp\/v2\/product_brand?post=77467"},{"taxonomy":"product_cat","embeddable":true,"href":"https:\/\/www.soanam.de\/nl\/wp-json\/wp\/v2\/product_cat?post=77467"},{"taxonomy":"product_tag","embeddable":true,"href":"https:\/\/www.soanam.de\/nl\/wp-json\/wp\/v2\/product_tag?post=77467"}],"curies":[{"name":"wp","href":"https:\/\/api.w.org\/{rel}","templated":true}]}}