{"id":77448,"date":"2023-12-13T20:52:21","date_gmt":"2023-12-13T19:52:21","guid":{"rendered":"https:\/\/www.soanam.de\/?post_type=product&#038;p=77448"},"modified":"2023-12-13T20:56:14","modified_gmt":"2023-12-13T19:56:14","slug":"peak-performance-womens-helium-glacier-hood-jacket-damen-daunenjacke-blue","status":"publish","type":"product","link":"https:\/\/www.soanam.de\/nl\/produkt\/peak-performance-womens-helium-glacier-hood-jacket-damen-daunenjacke-blue\/","title":{"rendered":"PEAK PERFORMANCE - Dames Helium Glacier Hood Jacket - Donsjack voor dames, Blauw"},"content":{"rendered":"<h3>PRODUCTOMSCHRIJVING<\/h3>\n<p>Frauen, die eine super leichte, klein verstaubare Daunenjacke suchen, liegen mit der Women's Helium Glacier Hood Jacket von Peak Perfomance genau richtig. Die stylische Jacke sieht nicht nur top aus, sie ist auch sehr funktionell. Das robuste Au\u00dfenmaterial aus vollst\u00e4ndig recyceltem Polyamid bietet eine zuverl\u00e4ssige Barriere gegen Feuchtigkeit und Wind. Dank seiner hohen Atmungsaktivit\u00e4t wird Feuchtigkeit von innen sofort nach au\u00dfen bef\u00f6rdert. So herrscht in der Jacke jederzeit ein Wohlf\u00fchlklima.<\/p>\n<p>Eine verstellbare Kapuze, elastische \u00c4rmelb\u00fcndchen und ein elastischer Saum dichten das gute St\u00fcck zus\u00e4tzlich ab. Zwei Rei\u00dfverschluss-Taschen an den Seiten w\u00e4rmen bei Bedarf die H\u00e4nde und bieten etwas Stauraum. Die Entendaunen stammen aus nachhaltiger Produktion. Ihre Herkunft kann \u00fcber das Track my Down-Programm nachverfolgt werden. Die Women's Helium Glacier Hood Jacket von Peak Performance macht sowohl solo getragen als auch unter einer Hardshelljacke eine gute Figur.<\/p>\n<h3>details<\/h3>\n<p>Geschikt voor: Dames<br \/>\nEinsatzbereich: Freizeit<br \/>\nHoofdmateriaal: 100% polyamide<br \/>\nVulmateriaal: 100% dons<br \/>\nMaterialtyp: Entendaune<br \/>\nMateriaal informatie: Bevat niet uit textiel bestaande delen van dierlijke oorsprong<br \/>\nMaterialeigenschaften: atmungsaktiv, wasserdicht, isolierend, ultraleicht, winddicht<br \/>\nVulkracht: 700 cuin<br \/>\nMischungsverh\u00e4ltnis: 90\/10 (Daune zu Federn)<br \/>\nNachhaltigkeit: enth\u00e4lt recyceltes Material<br \/>\nSluiting: doorlopende ritssluiting aan de voorkant<br \/>\nKapuze: verstellbar<br \/>\nTaschen: 2 RV-Seitentaschen<br \/>\nPasvorm: Normaal<br \/>\nExtras: elastische \u00c4rmelb\u00fcndchen, elastischer H\u00fcftbund<\/p>","protected":false},"excerpt":{"rendered":"<h3>Artikelmerkmale<\/h3>\n<p>Staat van het item: Nieuw met label: Nieuw, ongebruikt en ongedragen item in de originele verpakking<br \/>\nAbteilung: Damen<br \/>\nAkzente: Logo<br \/>\nAnlass: Freizeit, Reise<br \/>\nAu\u00dfenmaterial: Polyamid<br \/>\nBesonderheiten: Gesteppt<br \/>\nCharakter: ohne<br \/>\nEAN: 7333269023538<br \/>\nFarbe: Blau<br \/>\nFuttermaterial: Daune<br \/>\nGewebeart: Mischgewebe<br \/>\nMaat: L<br \/>\nGr\u00f6\u00dfenkategorie: Normalgr\u00f6\u00dfe<br \/>\nIsoliermaterial: Daunen<br \/>\nJacken-\/Mantell\u00e4nge: Kurz<br \/>\nJahreszeit: Fr\u00fchling, Herbst, Winter<br \/>\nMarke: Peak Performance<br \/>\nModell: Helium<br \/>\nMuster: Ohne Muster<br \/>\nSoort product: Jas<br \/>\nStil: Daunenjacke<br \/>\nThema: Outdoor<br \/>\nSluiting: ritssluiting<br \/>\nVintage: Nein<\/p>","protected":false},"featured_media":77589,"comment_status":"open","ping_status":"closed","template":"","meta":{"_seopress_robots_primary_cat":"","_seopress_titles_title":"","_seopress_titles_desc":"","_seopress_robots_index":""},"product_brand":[],"product_cat":[1348,1354,1375,1376],"product_tag":[],"class_list":{"0":"post-77448","1":"product","2":"type-product","3":"status-publish","4":"has-post-thumbnail","6":"product_cat-damen-mode","7":"product_cat-jacken-maentel","8":"product_cat-winterjacken","9":"product_cat-daunenjacken-steppjacken","10":"product_shipping_class-standard-versand","12":"first","13":"instock","14":"sale","15":"taxable","16":"shipping-taxable","17":"purchasable","18":"product-type-simple"},"_links":{"self":[{"href":"https:\/\/www.soanam.de\/nl\/wp-json\/wp\/v2\/product\/77448","targetHints":{"allow":["GET"]}}],"collection":[{"href":"https:\/\/www.soanam.de\/nl\/wp-json\/wp\/v2\/product"}],"about":[{"href":"https:\/\/www.soanam.de\/nl\/wp-json\/wp\/v2\/types\/product"}],"replies":[{"embeddable":true,"href":"https:\/\/www.soanam.de\/nl\/wp-json\/wp\/v2\/comments?post=77448"}],"wp:featuredmedia":[{"embeddable":true,"href":"https:\/\/www.soanam.de\/nl\/wp-json\/wp\/v2\/media\/77589"}],"wp:attachment":[{"href":"https:\/\/www.soanam.de\/nl\/wp-json\/wp\/v2\/media?parent=77448"}],"wp:term":[{"taxonomy":"product_brand","embeddable":true,"href":"https:\/\/www.soanam.de\/nl\/wp-json\/wp\/v2\/product_brand?post=77448"},{"taxonomy":"product_cat","embeddable":true,"href":"https:\/\/www.soanam.de\/nl\/wp-json\/wp\/v2\/product_cat?post=77448"},{"taxonomy":"product_tag","embeddable":true,"href":"https:\/\/www.soanam.de\/nl\/wp-json\/wp\/v2\/product_tag?post=77448"}],"curies":[{"name":"wp","href":"https:\/\/api.w.org\/{rel}","templated":true}]}}