{"id":77446,"date":"2023-12-13T20:52:19","date_gmt":"2023-12-13T19:52:19","guid":{"rendered":"https:\/\/www.soanam.de\/?post_type=product&#038;p=77446"},"modified":"2023-12-13T20:56:02","modified_gmt":"2023-12-13T19:56:02","slug":"syntace-c3-double-helix-bend-aluminium-lenkeraufsatz-gr-l","status":"publish","type":"product","link":"https:\/\/www.soanam.de\/nl\/produkt\/syntace-c3-double-helix-bend-aluminium-lenkeraufsatz-gr-l\/","title":{"rendered":"Syntace C3 Double Helix Bend aluminium stuurbevestiging, maat L"},"content":{"rendered":"<h3>Beschrijving van de<\/h3>\n<p>Der neue Syntace C3 Aeroaufsatz sorgt ohne Ihr pers\u00f6nliches Dazutun f\u00fcr einen flachen R\u00fccken und eine super energiesparende Oberk\u00f6rperhaltung.<br \/>\nSo wird die optimale Fahrposition mit minimiertem Luftwiederstand und ein besserer Pedaldruck erreicht.<\/p>\n<p>Gr\u00f6\u00dfe L : 314mm, Gewicht = 378 Gramm, geeignet ab ca. 182cm K\u00f6rpergr\u00f6\u00dfe<br \/>\nMaterial: Aluminium<br \/>\nFarbe: Raceblack<\/p>","protected":false},"excerpt":{"rendered":"<h3>Artikelmerkmale<\/h3>\n<p>Staat van het item: Nieuw met label: Nieuw, ongebruikt en ongedragen item in de originele verpakking<br \/>\nAnzahl der Teile: 2-teilig<br \/>\nL\u00e4nge: 314mm<br \/>\nGewicht: 378g<br \/>\nMaterial: Aluminium<br \/>\nTeiletyp: Lenker<br \/>\nSet enth\u00e4lt: Lenkeraufsatz<br \/>\nEAN: nichtzutreffend<br \/>\nH\u00f6he: ohne Angabe<br \/>\nBreite: ohne Angabe<br \/>\nKlemmdurchmesser: ohne Angabe<br \/>\nLenkertyp: Rennlenker<br \/>\nKompatibler Fahrradtyp: Rennrad<br \/>\nKleur: Zwart<br \/>\nMarke: Syntace<br \/>\nHerstellernummer: unbekannt<\/p>","protected":false},"featured_media":77578,"comment_status":"open","ping_status":"closed","template":"","meta":{"_seopress_robots_primary_cat":"","_seopress_titles_title":"","_seopress_titles_desc":"","_seopress_robots_index":""},"product_brand":[],"product_cat":[1730],"product_tag":[],"class_list":{"0":"post-77446","1":"product","2":"type-product","3":"status-publish","4":"has-post-thumbnail","6":"product_cat-sonstiges-2","7":"product_shipping_class-standard-versand","9":"first","10":"instock","11":"sale","12":"taxable","13":"shipping-taxable","14":"purchasable","15":"product-type-simple"},"_links":{"self":[{"href":"https:\/\/www.soanam.de\/nl\/wp-json\/wp\/v2\/product\/77446","targetHints":{"allow":["GET"]}}],"collection":[{"href":"https:\/\/www.soanam.de\/nl\/wp-json\/wp\/v2\/product"}],"about":[{"href":"https:\/\/www.soanam.de\/nl\/wp-json\/wp\/v2\/types\/product"}],"replies":[{"embeddable":true,"href":"https:\/\/www.soanam.de\/nl\/wp-json\/wp\/v2\/comments?post=77446"}],"wp:featuredmedia":[{"embeddable":true,"href":"https:\/\/www.soanam.de\/nl\/wp-json\/wp\/v2\/media\/77578"}],"wp:attachment":[{"href":"https:\/\/www.soanam.de\/nl\/wp-json\/wp\/v2\/media?parent=77446"}],"wp:term":[{"taxonomy":"product_brand","embeddable":true,"href":"https:\/\/www.soanam.de\/nl\/wp-json\/wp\/v2\/product_brand?post=77446"},{"taxonomy":"product_cat","embeddable":true,"href":"https:\/\/www.soanam.de\/nl\/wp-json\/wp\/v2\/product_cat?post=77446"},{"taxonomy":"product_tag","embeddable":true,"href":"https:\/\/www.soanam.de\/nl\/wp-json\/wp\/v2\/product_tag?post=77446"}],"curies":[{"name":"wp","href":"https:\/\/api.w.org\/{rel}","templated":true}]}}