{"id":77421,"date":"2023-12-13T20:51:52","date_gmt":"2023-12-13T19:51:52","guid":{"rendered":"https:\/\/www.soanam.de\/?post_type=product&#038;p=77421"},"modified":"2023-12-13T20:55:48","modified_gmt":"2023-12-13T19:55:48","slug":"ltb-bootcut-jeans-fallon-in-blauw-gewassen-w30xl34","status":"publish","type":"product","link":"https:\/\/www.soanam.de\/nl\/produkt\/ltb-bootcut-jeans-fallon-in-blue-washed-w30xl34\/","title":{"rendered":"LTB bootcut jeans FALLON, in blauw gewassen, W30xL34"},"content":{"rendered":"<p>Flare Jeans FALLON von LTB<br \/>\nAnliegende Passform mit ausgestelltem Beinverlauf im klassischen bootcut fit<br \/>\nNormale Leibh\u00f6he, G\u00fcrtelschlaufen, 5-Pocket-Style<br \/>\nElastischer Materialmix mit Stretch-Anteil<\/p>\n<p>Die ausgestellte Passform der Jeans umspielt kr\u00e4ftigere Oberschenkel und passt sich mit der Stretch-Qualit\u00e4t an deinen K\u00f6rper an.<br \/>\nDer Materialmix ist sehr strapazierf\u00e4hig und zugleich bequem.<\/p>\n<p>Material: 92,5% Baumwolle, 4% Polyester, 3,5% Elasthan<br \/>\nOnderhoudsinstructies: Machinewasbaar op 30\u00b0<\/p>\n<p>Kleur: blauw gewassen<br \/>\nGr\u00f6\u00dfe: W30 L34<\/p>\n<p>Tailleomvang: 74cm<br \/>\nHeupomtrek: 86cm<br \/>\nTrede lengte:85cm<br \/>\nGesamtl\u00e4nge: 113cm<\/p>\n<p>&nbsp;<\/p>\n<p>Dit nieuwe artikel is een retourzending van een klant zonder label.<\/p>","protected":false},"excerpt":{"rendered":"<table class=\"dv_characteristicsTable\">\n<tbody>\n<tr>\n<td class=\"left\">Maat<\/td>\n<td>30<\/td>\n<\/tr>\n<tr>\n<td class=\"left\">Hosenl\u00e4nge<\/td>\n<td>34<\/td>\n<\/tr>\n<tr>\n<td class=\"left\">Materiaalsamenstelling<\/td>\n<td>Obermaterial: 92,5% Baumwolle, 4% Polyester, 3,5% Elasthan<\/td>\n<\/tr>\n<tr>\n<td class=\"left\">Materialart<\/td>\n<td>Denim<\/td>\n<\/tr>\n<tr>\n<td class=\"left\">Onderhoudsinstructies<\/td>\n<td>Machinewas<\/td>\n<\/tr>\n<tr>\n<td class=\"left\">Optik<\/td>\n<td>unifarben<\/td>\n<\/tr>\n<tr>\n<td class=\"left\">Stil<\/td>\n<td>casual<\/td>\n<\/tr>\n<tr>\n<td class=\"left\">Waschung<\/td>\n<td>blue, washed<\/td>\n<\/tr>\n<tr>\n<td class=\"left\">Herstellerfarbbezeichnung<\/td>\n<td>Jama Wash<\/td>\n<\/tr>\n<tr>\n<td class=\"left\">Kleur<\/td>\n<td>blau<\/td>\n<\/tr>\n<tr>\n<td class=\"left\">Leibh\u00f6he<\/td>\n<td>normal<\/td>\n<\/tr>\n<tr>\n<td class=\"left\">Beinform<\/td>\n<td>Bootcut<\/td>\n<\/tr>\n<tr>\n<td class=\"left\">Pas<\/td>\n<td>bootcut fit<\/td>\n<\/tr>\n<tr>\n<td class=\"left\">G\u00fcrtelschlaufen<\/td>\n<td>ja<\/td>\n<\/tr>\n<tr>\n<td class=\"left\">Tassen<\/td>\n<td>Ges\u00e4\u00dftaschen, Eingrifftaschen, Coinpocket<\/td>\n<\/tr>\n<tr>\n<td class=\"left\">Verschluss<\/td>\n<td>Rei\u00dfverschluss, Knopf<\/td>\n<\/tr>\n<tr>\n<td class=\"left\">Besondere Merkmale<\/td>\n<td>mit ausgestelltem Bein und normaler Leibh\u00f6he im 5-Pocket-Stil<\/td>\n<\/tr>\n<\/tbody>\n<\/table>","protected":false},"featured_media":77564,"comment_status":"open","ping_status":"closed","template":"","meta":{"_seopress_robots_primary_cat":"","_seopress_titles_title":"","_seopress_titles_desc":"","_seopress_robots_index":""},"product_brand":[],"product_cat":[1348,1349,1350],"product_tag":[],"class_list":{"0":"post-77421","1":"product","2":"type-product","3":"status-publish","4":"has-post-thumbnail","6":"product_cat-damen-mode","7":"product_cat-hosen-damen-mode","8":"product_cat-jeans-hosen-damen-mode","9":"product_shipping_class-standard-versand","11":"first","12":"instock","13":"sale","14":"taxable","15":"shipping-taxable","16":"purchasable","17":"product-type-simple"},"_links":{"self":[{"href":"https:\/\/www.soanam.de\/nl\/wp-json\/wp\/v2\/product\/77421","targetHints":{"allow":["GET"]}}],"collection":[{"href":"https:\/\/www.soanam.de\/nl\/wp-json\/wp\/v2\/product"}],"about":[{"href":"https:\/\/www.soanam.de\/nl\/wp-json\/wp\/v2\/types\/product"}],"replies":[{"embeddable":true,"href":"https:\/\/www.soanam.de\/nl\/wp-json\/wp\/v2\/comments?post=77421"}],"wp:featuredmedia":[{"embeddable":true,"href":"https:\/\/www.soanam.de\/nl\/wp-json\/wp\/v2\/media\/77564"}],"wp:attachment":[{"href":"https:\/\/www.soanam.de\/nl\/wp-json\/wp\/v2\/media?parent=77421"}],"wp:term":[{"taxonomy":"product_brand","embeddable":true,"href":"https:\/\/www.soanam.de\/nl\/wp-json\/wp\/v2\/product_brand?post=77421"},{"taxonomy":"product_cat","embeddable":true,"href":"https:\/\/www.soanam.de\/nl\/wp-json\/wp\/v2\/product_cat?post=77421"},{"taxonomy":"product_tag","embeddable":true,"href":"https:\/\/www.soanam.de\/nl\/wp-json\/wp\/v2\/product_tag?post=77421"}],"curies":[{"name":"wp","href":"https:\/\/api.w.org\/{rel}","templated":true}]}}