{"id":77393,"date":"2023-12-13T20:50:22","date_gmt":"2023-12-13T19:50:22","guid":{"rendered":"https:\/\/www.soanam.de\/?post_type=product&#038;p=77393"},"modified":"2023-12-13T20:55:19","modified_gmt":"2023-12-13T19:55:19","slug":"pranamat-eco-therapeutische-massage-set-pranamat-massagemat-pranamat-massagekussen","status":"publish","type":"product","link":"https:\/\/www.soanam.de\/nl\/produkt\/pranamat-eco-therapeutisches-massage-set-pranamat-massage-matte-pranamat-massage-kissen\/","title":{"rendered":"Pranamat Eco therapeutische massageset (Pranamat massagemat + Pranamat massagekussen)"},"content":{"rendered":"<h3>Beschrijving van de<\/h3>\n<p><strong>Maat<\/strong><br \/>\nPranamat ECO mat: 73 x 45 cm<br \/>\nPranamat ECO kussen: 34 x 45 cm<\/p>\n<p><strong>Kleur:<\/strong> Natuurlijk \/ Lavendel<\/p>\n<p><strong>Materiaal<\/strong><br \/>\nCover: 100% natuurlijk linnen<br \/>\nLotusbloem massage-elementen: HIPS-kunststof gecertificeerd voor gebruik in chirurgische apparatuur<br \/>\nKussenvulling: 100% natuurlijke boekweitdoppen<br \/>\nMat: 221 lotusbloem massage-elementen met elk 25 bloemblaadjes<br \/>\nKussen: 95 lotusbloem massage-elementen met elk 25 bloemblaadjes<br \/>\nInhoud mat: 100% natuurlijke kokosvezel<\/p>\n<p><strong>Info over dit artikel<\/strong><br \/>\nGemaakt van 100% organische en milieuvriendelijke materialen<br \/>\nBijzonder duurzaam: 5 jaar garantie voor de standaard Pranamat ECO &amp; 30 dagen geld-terug-garantie<br \/>\nVerlicht lichte spierpijn en spanning<br \/>\nDe eerste therapeutische massagemat die door de Amerikaanse FDA is gecertificeerd als medisch hulpmiddel<br \/>\nDe massageset is altijd bij de hand en kan worden gebruikt wanneer je pijn en spanning voelt of een snelle energieboost nodig hebt.<\/p>\n<p><strong>Algemene informatie<\/strong><br \/>\nKan lichte spierspanning verlichten.<\/p>\n<p><strong>Waarschuwingen<\/strong><br \/>\nPranamat ECO mag niet worden gebruikt in de volgende gevallen: Epilepsie, huidaandoeningen, koorts of acute ziekten, hartaandoeningen, tromboflebitis, stollingsstoornissen of tijdens de zwangerschap. Ga tijdens het gebruik voorzichtig op de mat liggen. Vermijd trekken, springen of snel op de mat gaan zitten, voorkom krassen of andere kleine verwondingen.<\/p>\n<p><strong>Juridische informatie<\/strong><br \/>\nIndividuele resultaten kunnen vari\u00ebren. Pranamat ECO is niet bedoeld om een diagnose te stellen, een ziekte te behandelen, te genezen of te voorkomen en is geen vervanging voor medisch advies. Advies over de behandeling of verzorging van een individuele pati\u00ebnt moet worden verkregen door overleg met een arts of getrainde behandelaar die de pati\u00ebnt heeft onderzocht of bekend is met de medische geschiedenis van de pati\u00ebnt. Vermijd trekken, springen of snel op de mat gaan zitten, voorkom krassen of andere kleine verwondingen. Kinderen jonger dan 10 jaar moeten bij gebruik van de Pranamat ECO onder toezicht van een volwassene staan. Het mag niet worden gebruikt door kinderen jonger dan 5 jaar. We raden het gebruik van de Pranamat ECO tijdens de zwangerschap NIET aan.<\/p>","protected":false},"excerpt":{"rendered":"<h3>Artikelmerkmale<\/h3>\n<p>Staat van het item: Nieuw met label: Nieuw, ongebruikt en ongedragen item in de originele verpakking<\/p>\n<p>Besonderheiten: gegen Verspannungen<br \/>\nBreite: 45 cm<br \/>\nEAN: nichtzutreffend<br \/>\nFarbe: Lila<br \/>\nGewicht: ohne Angabe<br \/>\nHerstellernummer: ohne Angabe<br \/>\nH\u00f6he: 1cm<br \/>\nL\u00e4nge: 73cm Matte, 34 cm Kissen<br \/>\nMarke: Pranamat<br \/>\nMaterial: Leinen, Kokosfaser, HIPS Kunststoff<br \/>\nProduktart: Massage-Set<\/p>","protected":false},"featured_media":77535,"comment_status":"open","ping_status":"closed","template":"","meta":{"_seopress_robots_primary_cat":"","_seopress_titles_title":"","_seopress_titles_desc":"","_seopress_robots_index":""},"product_brand":[],"product_cat":[1400,1401],"product_tag":[],"class_list":{"0":"post-77393","1":"product","2":"type-product","3":"status-publish","4":"has-post-thumbnail","6":"product_cat-wohnzubehoer","7":"product_cat-haushaltswaren","8":"product_shipping_class-standard-versand","10":"first","11":"instock","12":"sale","13":"taxable","14":"shipping-taxable","15":"purchasable","16":"product-type-simple"},"_links":{"self":[{"href":"https:\/\/www.soanam.de\/nl\/wp-json\/wp\/v2\/product\/77393","targetHints":{"allow":["GET"]}}],"collection":[{"href":"https:\/\/www.soanam.de\/nl\/wp-json\/wp\/v2\/product"}],"about":[{"href":"https:\/\/www.soanam.de\/nl\/wp-json\/wp\/v2\/types\/product"}],"replies":[{"embeddable":true,"href":"https:\/\/www.soanam.de\/nl\/wp-json\/wp\/v2\/comments?post=77393"}],"wp:featuredmedia":[{"embeddable":true,"href":"https:\/\/www.soanam.de\/nl\/wp-json\/wp\/v2\/media\/77535"}],"wp:attachment":[{"href":"https:\/\/www.soanam.de\/nl\/wp-json\/wp\/v2\/media?parent=77393"}],"wp:term":[{"taxonomy":"product_brand","embeddable":true,"href":"https:\/\/www.soanam.de\/nl\/wp-json\/wp\/v2\/product_brand?post=77393"},{"taxonomy":"product_cat","embeddable":true,"href":"https:\/\/www.soanam.de\/nl\/wp-json\/wp\/v2\/product_cat?post=77393"},{"taxonomy":"product_tag","embeddable":true,"href":"https:\/\/www.soanam.de\/nl\/wp-json\/wp\/v2\/product_tag?post=77393"}],"curies":[{"name":"wp","href":"https:\/\/api.w.org\/{rel}","templated":true}]}}