{"id":77339,"date":"2023-12-13T20:48:48","date_gmt":"2023-12-13T19:48:48","guid":{"rendered":"https:\/\/www.soanam.de\/?post_type=product&#038;p=77339"},"modified":"2023-12-13T20:53:39","modified_gmt":"2023-12-13T19:53:39","slug":"calvin-klein-jeans-pufferjack-met-capuchon-winterjas-heren-zwart-gr-s","status":"publish","type":"product","link":"https:\/\/www.soanam.de\/nl\/produkt\/calvin-klein-jeans-hooded-puffer-jacket-winter-jacke-maenner-schwarz-gr-s\/","title":{"rendered":"Calvin Klein Jeans PUFFER JACKET met capuchon - Winterjas, heren, zwart, maat S"},"content":{"rendered":"<h3>Beschrijving van de<\/h3>\n<p>Meer over dit product<\/p>\n<p>Ge\u00efntegreerde schouderbanden<br \/>\nKraag: Kap<br \/>\nSluiting: ritssluiting<br \/>\nZakken: klepzakken, binnenzak<br \/>\nDetails capuchon: capuchon met trekkoord, gevoerde capuchon<br \/>\nDetails: steekzakken<\/p>\n<h3>Materiaal &amp; verzorgingsinstructies<\/h3>\n<p>Materiaal buitenstof: 100% polyester<br \/>\nVulmateriaal: 100% polyester<br \/>\nVoering: 100% polyester<br \/>\nDikte voering: Warm gevoerd<br \/>\nOnderhoudsinstructies: Machinewasbaar op 30\u00b0C, fijnwasprogramma<\/p>\n<h3>Pas<\/h3>\n<p>Maat model: ons model is 186 cm lang en draagt maat M<br \/>\nPasvorm: Normaal<br \/>\nLengte: normale lengte<br \/>\nMouwlengte: Lange mouw<br \/>\nMouwlengte: 65 cm voor maat M<br \/>\nRugbreedte: 51 cm voor maat M<br \/>\nTotale lengte: 72 cm voor maat M<\/p>","protected":false},"excerpt":{"rendered":"<h3>Artikelmerkmale<\/h3>\n<p>Staat van het item: Nieuw met label: Nieuw, ongebruikt en ongedragen item in de originele verpakking<\/p>\n<p>Abteilung: Herren<br \/>\nAktivit\u00e4t: Spazieren<br \/>\nAnlass: Business, Freizeit, Reise<br \/>\nAu\u00dfenmaterial: Polyester<br \/>\nBesonderheiten: Durchgehender Rei\u00dfverschluss<br \/>\nCharakter: ohne<br \/>\nEAN: 8719852237985<br \/>\nKleur: Zwart<br \/>\nFuttermaterial: Polyester<br \/>\nGewebeart: ohne Angabe<br \/>\nMaat: S<br \/>\nGr\u00f6\u00dfenkategorie: Normalgr\u00f6\u00dfe<br \/>\nIsoliermaterial: Polyester<br \/>\nJahreszeit: Winter<br \/>\nMarke: Calvin Klein<br \/>\nModell: Puffer Jacket<br \/>\nMuster: Ohne Muster<br \/>\nSoort product: Jas<br \/>\nStil: Puffer Jacket<br \/>\nThema: Sport<br \/>\nSluiting: ritssluiting<br \/>\nVintage: Nein<\/p>","protected":false},"featured_media":77487,"comment_status":"open","ping_status":"closed","template":"","meta":{"_seopress_robots_primary_cat":"","_seopress_titles_title":"","_seopress_titles_desc":"","_seopress_robots_index":""},"product_brand":[],"product_cat":[1345,1363,1377,1412],"product_tag":[],"class_list":{"0":"post-77339","1":"product","2":"type-product","3":"status-publish","4":"has-post-thumbnail","6":"product_cat-herrenmode","7":"product_cat-jacken-maentel-herrenmode","8":"product_cat-winterjacken-jacken-maentel-herrenmode","9":"product_cat-pufferjacken","10":"product_shipping_class-standard-versand","12":"first","13":"instock","14":"sale","15":"taxable","16":"shipping-taxable","17":"purchasable","18":"product-type-simple"},"_links":{"self":[{"href":"https:\/\/www.soanam.de\/nl\/wp-json\/wp\/v2\/product\/77339","targetHints":{"allow":["GET"]}}],"collection":[{"href":"https:\/\/www.soanam.de\/nl\/wp-json\/wp\/v2\/product"}],"about":[{"href":"https:\/\/www.soanam.de\/nl\/wp-json\/wp\/v2\/types\/product"}],"replies":[{"embeddable":true,"href":"https:\/\/www.soanam.de\/nl\/wp-json\/wp\/v2\/comments?post=77339"}],"wp:featuredmedia":[{"embeddable":true,"href":"https:\/\/www.soanam.de\/nl\/wp-json\/wp\/v2\/media\/77487"}],"wp:attachment":[{"href":"https:\/\/www.soanam.de\/nl\/wp-json\/wp\/v2\/media?parent=77339"}],"wp:term":[{"taxonomy":"product_brand","embeddable":true,"href":"https:\/\/www.soanam.de\/nl\/wp-json\/wp\/v2\/product_brand?post=77339"},{"taxonomy":"product_cat","embeddable":true,"href":"https:\/\/www.soanam.de\/nl\/wp-json\/wp\/v2\/product_cat?post=77339"},{"taxonomy":"product_tag","embeddable":true,"href":"https:\/\/www.soanam.de\/nl\/wp-json\/wp\/v2\/product_tag?post=77339"}],"curies":[{"name":"wp","href":"https:\/\/api.w.org\/{rel}","templated":true}]}}