{"id":77337,"date":"2023-12-13T20:48:47","date_gmt":"2023-12-13T19:48:47","guid":{"rendered":"https:\/\/www.soanam.de\/?post_type=product&#038;p=77337"},"modified":"2023-12-13T20:53:04","modified_gmt":"2023-12-13T19:53:04","slug":"only-hoge-taille-jeans-royal-in-zwart-gr-mxl30","status":"publish","type":"product","link":"https:\/\/www.soanam.de\/nl\/produkt\/only-high-waist-jeans-royal-in-schwarz-gr-mxl30\/","title":{"rendered":"Only jeans met hoge taille ROYAL, in zwart, maat MxL30"},"content":{"rendered":"<p>High Waist-Jeans \"Royal\" von ONLY<br \/>\nSkinny pasvorm<br \/>\nIn een 5-pocket stijl<br \/>\nZachte denimkwaliteit met stretch<\/p>\n<p>De Royal skinny jeans van Only is super comfy en modieus tegelijk. Deze skinny jeans met een hoge taille heeft ook klassieke elementen zoals de tailleband met riemlus en de typische achterzakken. Door de stretchy en comfortabele denimstof zitten ze niet beperkend en zijn ze zeer comfortabel.<\/p>\n<p>Materiaal: 69% katoen, 29% polyester, 2% elastaan<br \/>\nOnderhoudsinstructies: Machinewasbaar op 40\u00b0<\/p>\n<p>Kleur: zwart<br \/>\nMaat: M L30<\/p>\n<p>Taille: 64cm<br \/>\nHeupomtrek: 81cm<br \/>\nTrede lengte:74cm<br \/>\nTotale lengte: 101cm<\/p>","protected":false},"excerpt":{"rendered":"<table class=\"dv_characteristicsTable\">\n<tbody>\n<tr>\n<td class=\"left\">Maat<\/td>\n<td>M<\/td>\n<\/tr>\n<tr>\n<td class=\"left\">Hosenl\u00e4nge<\/td>\n<td>30<\/td>\n<\/tr>\n<tr>\n<td class=\"left\">Materiaalsamenstelling<\/td>\n<td>Obermaterial: 69% Baumwolle, 29% Polyester, 2% Elasthan<\/td>\n<\/tr>\n<tr>\n<td class=\"left\">Materialart<\/td>\n<td>Denim<\/td>\n<\/tr>\n<tr>\n<td class=\"left\">Materialeigenschaften<\/td>\n<td>Stretch<\/td>\n<\/tr>\n<tr>\n<td class=\"left\">Onderhoudsinstructies<\/td>\n<td>Machinewas<\/td>\n<\/tr>\n<tr>\n<td class=\"left\">Optik<\/td>\n<td>unifarben<\/td>\n<\/tr>\n<tr>\n<td class=\"left\">Stil<\/td>\n<td>Basic<\/td>\n<\/tr>\n<tr>\n<td class=\"left\">Herstellerfarbbezeichnung<\/td>\n<td>black<\/td>\n<\/tr>\n<tr>\n<td class=\"left\">Kleur<\/td>\n<td>schwarz<\/td>\n<\/tr>\n<tr>\n<td class=\"left\">Leibh\u00f6he<\/td>\n<td>hoch<\/td>\n<\/tr>\n<tr>\n<td class=\"left\">Beinform<\/td>\n<td>extra-eng<\/td>\n<\/tr>\n<tr>\n<td class=\"left\">Pas<\/td>\n<td>skinny fit<\/td>\n<\/tr>\n<tr>\n<td class=\"left\">G\u00fcrtelschlaufen<\/td>\n<td>ja<\/td>\n<\/tr>\n<tr>\n<td class=\"left\">Tassen<\/td>\n<td>Ges\u00e4\u00dftaschen, Eingrifftaschen, Coinpocket<\/td>\n<\/tr>\n<tr>\n<td class=\"left\">Besondere Merkmale<\/td>\n<td>im 5-Pocket-Design<\/td>\n<\/tr>\n<tr>\n<td class=\"left\">Gr\u00f6\u00dfenhinweis<\/td>\n<td>F\u00e4llt eng aus, bitte eine Gr\u00f6\u00dfe gr\u00f6\u00dfer bestellen.<\/td>\n<\/tr>\n<\/tbody>\n<\/table>","protected":false},"featured_media":77471,"comment_status":"open","ping_status":"closed","template":"","meta":{"_seopress_robots_primary_cat":"","_seopress_titles_title":"","_seopress_titles_desc":"","_seopress_robots_index":""},"product_brand":[],"product_cat":[1348,1349,1350],"product_tag":[],"class_list":{"0":"post-77337","1":"product","2":"type-product","3":"status-publish","4":"has-post-thumbnail","6":"product_cat-damen-mode","7":"product_cat-hosen-damen-mode","8":"product_cat-jeans-hosen-damen-mode","9":"product_shipping_class-standard-versand","11":"first","12":"instock","13":"sale","14":"taxable","15":"shipping-taxable","16":"purchasable","17":"product-type-simple"},"_links":{"self":[{"href":"https:\/\/www.soanam.de\/nl\/wp-json\/wp\/v2\/product\/77337","targetHints":{"allow":["GET"]}}],"collection":[{"href":"https:\/\/www.soanam.de\/nl\/wp-json\/wp\/v2\/product"}],"about":[{"href":"https:\/\/www.soanam.de\/nl\/wp-json\/wp\/v2\/types\/product"}],"replies":[{"embeddable":true,"href":"https:\/\/www.soanam.de\/nl\/wp-json\/wp\/v2\/comments?post=77337"}],"wp:featuredmedia":[{"embeddable":true,"href":"https:\/\/www.soanam.de\/nl\/wp-json\/wp\/v2\/media\/77471"}],"wp:attachment":[{"href":"https:\/\/www.soanam.de\/nl\/wp-json\/wp\/v2\/media?parent=77337"}],"wp:term":[{"taxonomy":"product_brand","embeddable":true,"href":"https:\/\/www.soanam.de\/nl\/wp-json\/wp\/v2\/product_brand?post=77337"},{"taxonomy":"product_cat","embeddable":true,"href":"https:\/\/www.soanam.de\/nl\/wp-json\/wp\/v2\/product_cat?post=77337"},{"taxonomy":"product_tag","embeddable":true,"href":"https:\/\/www.soanam.de\/nl\/wp-json\/wp\/v2\/product_tag?post=77337"}],"curies":[{"name":"wp","href":"https:\/\/api.w.org\/{rel}","templated":true}]}}