{"id":77336,"date":"2023-12-13T20:48:46","date_gmt":"2023-12-13T19:48:46","guid":{"rendered":"https:\/\/www.soanam.de\/?post_type=product&#038;p=77336"},"modified":"2023-12-13T20:53:00","modified_gmt":"2023-12-13T19:53:00","slug":"harmony-heren-blazer-victor-van-wol-mohair-in-zwart-maat-44","status":"publish","type":"product","link":"https:\/\/www.soanam.de\/nl\/produkt\/harmony-herren-blazer-victor-aus-wolle-mohair-in-schwarz-groesse-44\/","title":{"rendered":"Harmony herenblazer \" Victor \" van wol &amp; mohair, in zwart, maat 44"},"content":{"rendered":"<h3>Beschrijving van de<\/h3>\n<p>Blazer met lange mouwen van een mix van wol en mohair in zwart.<br \/>\nElegant gesneden in een slank model.<\/p>\n<h3>Bijzonderheden:<\/h3>\n<p>Chirurgenmanchetten met vier knopen.<br \/>\nDubbele split aan de achterkant van de zoom.<br \/>\nKnoopsgat op de reverskraag.<br \/>\nKnoopsluiting aan de voorkant.<br \/>\npaspelzak op de borst.<br \/>\nPaspelzakken aan de binnenkant.<br \/>\nKleur leverancier: Zwart<br \/>\nKlepzakken in de taille.<br \/>\nTon sur ton viscose satijnen voering.<br \/>\nTonale hardware.<\/p>\n<h3>Materiaal &amp; verzorging<\/h3>\n<p>73% Wol<br \/>\n27% Mohair<br \/>\nVoering: 100% viscose<br \/>\nChemisch reinigen aanbevolen<\/p>","protected":false},"excerpt":{"rendered":"<h3>Artikelmerkmale<\/h3>\n<p>Staat van het item: Nieuw met label: Nieuw, ongebruikt en ongedragen item in de originele verpakking<\/p>\n<p>Abteilung: Herren<br \/>\nAnlass: Business, Elegant, Hochzeit, Party\/Cocktail<br \/>\nBrustumfang: ohne Angabe<br \/>\nEAN: 3663613147585<br \/>\nKleur: Zwart<br \/>\nGewebeart: Wollmischung<br \/>\nMaat: 44<br \/>\nGr\u00f6\u00dfenkategorie: Normalgr\u00f6\u00dfe<br \/>\nJacken-\/Mantell\u00e4nge: Normal<br \/>\nJackenrevers-Form: Reversekragen<br \/>\nMarke: Harmony<br \/>\nMaterial: Mohair, Wolle<br \/>\nPassform: Slim<br \/>\nProduktart: Blazer<br \/>\nStil: Sakko<br \/>\nThema: Designer<br \/>\nVintage: Nein<\/p>","protected":false},"featured_media":77468,"comment_status":"open","ping_status":"closed","template":"","meta":{"_seopress_robots_primary_cat":"","_seopress_titles_title":"","_seopress_titles_desc":"","_seopress_robots_index":""},"product_brand":[],"product_cat":[1345,1368,1369],"product_tag":[],"class_list":{"0":"post-77336","1":"product","2":"type-product","3":"status-publish","4":"has-post-thumbnail","6":"product_cat-herrenmode","7":"product_cat-anzuege-anzugsteile","8":"product_cat-sakkos","9":"product_shipping_class-standard-versand","11":"first","12":"instock","13":"sale","14":"taxable","15":"shipping-taxable","16":"purchasable","17":"product-type-simple"},"_links":{"self":[{"href":"https:\/\/www.soanam.de\/nl\/wp-json\/wp\/v2\/product\/77336","targetHints":{"allow":["GET"]}}],"collection":[{"href":"https:\/\/www.soanam.de\/nl\/wp-json\/wp\/v2\/product"}],"about":[{"href":"https:\/\/www.soanam.de\/nl\/wp-json\/wp\/v2\/types\/product"}],"replies":[{"embeddable":true,"href":"https:\/\/www.soanam.de\/nl\/wp-json\/wp\/v2\/comments?post=77336"}],"wp:featuredmedia":[{"embeddable":true,"href":"https:\/\/www.soanam.de\/nl\/wp-json\/wp\/v2\/media\/77468"}],"wp:attachment":[{"href":"https:\/\/www.soanam.de\/nl\/wp-json\/wp\/v2\/media?parent=77336"}],"wp:term":[{"taxonomy":"product_brand","embeddable":true,"href":"https:\/\/www.soanam.de\/nl\/wp-json\/wp\/v2\/product_brand?post=77336"},{"taxonomy":"product_cat","embeddable":true,"href":"https:\/\/www.soanam.de\/nl\/wp-json\/wp\/v2\/product_cat?post=77336"},{"taxonomy":"product_tag","embeddable":true,"href":"https:\/\/www.soanam.de\/nl\/wp-json\/wp\/v2\/product_tag?post=77336"}],"curies":[{"name":"wp","href":"https:\/\/api.w.org\/{rel}","templated":true}]}}