{"id":77294,"date":"2023-12-13T20:47:22","date_gmt":"2023-12-13T19:47:22","guid":{"rendered":"https:\/\/www.soanam.de\/?post_type=product&#038;p=77294"},"modified":"2023-12-13T20:52:16","modified_gmt":"2023-12-13T19:52:16","slug":"joop-maron-herren-kurzmantel-mit-kaschmir-stehkragen-in-schwarz-groesse-48","status":"publish","type":"product","link":"https:\/\/www.soanam.de\/nl\/produkt\/joop-maron-herren-kurzmantel-mit-kaschmir-stehkragen-in-schwarz-groesse-48\/","title":{"rendered":"JOOP! MARON - Korte jas met kasjmier, opstaande kraag, in zwart, maat 48"},"content":{"rendered":"<h3>Beschrijving van de<\/h3>\n<p>Der Mantel Maron aus der JOOP! Kollektion \u00fcberzeugt im Stehkragen-Design mit klassischen Einschubtaschen und einer markanten REGULAR FIT Silhouette. Logogepr\u00e4gte Kn\u00f6pfe sowie ein stilvoller Bewegungsschlitz verleihen dem Look ein cooles Update, w\u00e4hrend die luxuri\u00f6se Qualit\u00e4t im Woll-Mix mit feinem Kaschmir f\u00fcr h\u00f6chsten Tragekomfort sorgt \u2013 variabel zu kombinieren in Schwarz.<\/p>\n<h3>details<\/h3>\n<p>* 2 Innentaschen, eine mit Knopfschlie\u00dfe<br \/>\n* 2 klassische Einschubtaschen<br \/>\n* \u00c4rmell\u00e4nge in Gr\u00f6\u00dfe 48: 65,5 cm<br \/>\n* dekorative AMF-Kantensteppung<br \/>\n* eingesetzte \u00c4rmel<br \/>\n* flie\u00dfendes Innenfutter<br \/>\n* komfortabler Bewegungsschlitz r\u00fcckseitig<br \/>\n* moderner Stehkragenmantel<br \/>\n* REGULAR FIT<br \/>\n* R\u00fcckenl\u00e4nge in Gr\u00f6\u00dfe 48: 91 cm<br \/>\n* Stehkragen mit Stitching-Design und r\u00fcckseitiger JOOP! Plakette<br \/>\n* vollgef\u00fcttert<br \/>\n* zu schlie\u00dfen mit 5 stilvollen Logo-Kn\u00f6pfen<\/p>\n<h3>Materiaal<\/h3>\n<p>* \u00c4rmelfutter: 100% Viskose<br \/>\n* Innenfutter: Flie\u00dfende Qualit\u00e4t aus 100% Viskose<br \/>\n* Oberstoff: Luxuri\u00f6ser Woll-Mix mit Kaschmir aus 75% Wolle, 20% Polyamid und 5% Kaschmir<\/p>","protected":false},"excerpt":{"rendered":"<h3>Artikelmerkmale<\/h3>\n<p>Staat van het item: Nieuw met label: Nieuw, ongebruikt en ongedragen item in de originele verpakking<\/p>\n<p>Abteilung: Herren<br \/>\nAktivit\u00e4t: Spazieren<br \/>\nAnlass: Business, Elegant, Freizeit, Reise<br \/>\nAu\u00dfenmaterial: 75% Wolle, 20% Polyamid, 5% Kaschmir<br \/>\nBesonderheiten: Kragen<br \/>\nCharakter: ohne<br \/>\nEAN: nichtzutreffend<br \/>\nKleur: Zwart<br \/>\nFuttermaterial: Viskose<br \/>\nGewebeart: Wollmix<br \/>\nGrootte: 48<br \/>\nGr\u00f6\u00dfenkategorie: Normalgr\u00f6\u00dfe<br \/>\nIsoliermaterial: nicht zutreffend<br \/>\nJahreszeit: Fr\u00fchling, Herbst, Winter<br \/>\nKragenart: Stehkragen<br \/>\nMarke: JOOP!<br \/>\nModell: Maron<br \/>\nMuster: Ohne Muster<br \/>\nProduktart: Mantel<br \/>\nStil: Mantel<br \/>\nThema: Outdoor<br \/>\nSluiting: Knoop<br \/>\nVintage: Nein<\/p>","protected":false},"featured_media":77438,"comment_status":"open","ping_status":"closed","template":"","meta":{"_seopress_robots_primary_cat":"","_seopress_titles_title":"","_seopress_titles_desc":"","_seopress_robots_index":""},"product_brand":[],"product_cat":[1345,1363,1406,1407],"product_tag":[],"class_list":{"0":"post-77294","1":"product","2":"type-product","3":"status-publish","4":"has-post-thumbnail","6":"product_cat-herrenmode","7":"product_cat-jacken-maentel-herrenmode","8":"product_cat-maentel-jacken-maentel-herrenmode","9":"product_cat-wintermaentel-maentel-jacken-maentel-herrenmode","10":"product_shipping_class-standard-versand","12":"first","13":"instock","14":"sale","15":"taxable","16":"shipping-taxable","17":"purchasable","18":"product-type-simple"},"_links":{"self":[{"href":"https:\/\/www.soanam.de\/nl\/wp-json\/wp\/v2\/product\/77294","targetHints":{"allow":["GET"]}}],"collection":[{"href":"https:\/\/www.soanam.de\/nl\/wp-json\/wp\/v2\/product"}],"about":[{"href":"https:\/\/www.soanam.de\/nl\/wp-json\/wp\/v2\/types\/product"}],"replies":[{"embeddable":true,"href":"https:\/\/www.soanam.de\/nl\/wp-json\/wp\/v2\/comments?post=77294"}],"wp:featuredmedia":[{"embeddable":true,"href":"https:\/\/www.soanam.de\/nl\/wp-json\/wp\/v2\/media\/77438"}],"wp:attachment":[{"href":"https:\/\/www.soanam.de\/nl\/wp-json\/wp\/v2\/media?parent=77294"}],"wp:term":[{"taxonomy":"product_brand","embeddable":true,"href":"https:\/\/www.soanam.de\/nl\/wp-json\/wp\/v2\/product_brand?post=77294"},{"taxonomy":"product_cat","embeddable":true,"href":"https:\/\/www.soanam.de\/nl\/wp-json\/wp\/v2\/product_cat?post=77294"},{"taxonomy":"product_tag","embeddable":true,"href":"https:\/\/www.soanam.de\/nl\/wp-json\/wp\/v2\/product_tag?post=77294"}],"curies":[{"name":"wp","href":"https:\/\/api.w.org\/{rel}","templated":true}]}}