{"id":77277,"date":"2023-12-13T20:46:47","date_gmt":"2023-12-13T19:46:47","guid":{"rendered":"https:\/\/www.soanam.de\/?post_type=product&#038;p=77277"},"modified":"2023-12-13T20:51:29","modified_gmt":"2023-12-13T19:51:29","slug":"nike-x-matthew-m-williams-3-in-1-top-voor-dames-in-zwart-maat-s","status":"publish","type":"product","link":"https:\/\/www.soanam.de\/nl\/produkt\/nike-x-matthew-m-williams-3-in-1-oberteil-fuer-damen-in-schwarz-groesse-s\/","title":{"rendered":"Nike x Matthew M. Williams 3-in-1 top voor dames, in zwart, maat S"},"content":{"rendered":"<h3>Beschrijving van de<\/h3>\n<p>Het veelzijdige 3-in-1 ontwerp kan worden gedragen als vest of als bh.<br \/>\nZweetafvoerend materiaal zorgt voor comfort bij warmere temperaturen, terwijl mesh op belangrijke plekken optimale ventilatie garandeert.<br \/>\nHet is de volgende stap in training, ontwikkeld voor sport, cultuur en spirit.<\/p>\n<h3>Opslagruimte<\/h3>\n<p>De bovenste laag is ontwikkeld als een chest rig voor opbergruimte en comfort. De Gore-Tex voering is waterafstotend en houdt je droog en comfortabel tijdens je training. Verstelbare riemen met snelsluitingen maken het aan- en uittrekken gemakkelijk en zorgen voor een pasvorm op maat.<\/p>\n<h3>Transformeert in een vest<\/h3>\n<p>Verwijder het borststuk om een gilet te onthullen. Het heeft een gebreid lenticulair materiaal dat glans geeft en soepel aanvoelt. De elementen van elastaan in het kledingstuk zorgen voor onbeperkte bewegingsvrijheid.<\/p>\n<h3>Draagopties op maat<\/h3>\n<p>Het gilet kan worden verwijderd met een rits, zodat je een bh overhoudt voor een koele, comfortabele pasvorm.<\/p>\n<h3>Verdere voordelen<\/h3>\n<p>De voorzak in de bovenste laag biedt veilige opbergruimte voor je benodigdheden.<br \/>\nDe Dri-FIT technologie zorgt voor droog comfort.<br \/>\nOp basis van studies naar body mapping hebben we mesh in het midden van de rug geplaatst voor een optimaal ademend vermogen.<\/p>\n<h3>Productinformatie<\/h3>\n<p>Lichaam: 82 % nylon\/18 % elastaan;<br \/>\nVoorkant: 100 % polyester.<br \/>\nInzetstuk middenachter: 87 % polyester\/13 % elastaan;<br \/>\nNetstof middenachter: 81 % nylon\/19 % elastaan;<br \/>\nBodywarmer: 89 % polyester\/11 % elastaan<br \/>\nMachinewas<br \/>\nGe\u00efmporteerd<\/p>\n<h3>Maat en pasvorm<\/h3>\n<p>Model draagt maat S met een lengte van 178 cm<br \/>\nStandaard pasvorm voor een ontspannen, ongecompliceerd gevoel<\/p>","protected":false},"excerpt":{"rendered":"<h3>Artikelmerkmale<\/h3>\n<p>Staat van het item: Nieuw met label: Nieuw, ongebruikt en ongedragen item in de originele verpakking<\/p>\n<p>Abteilung: Damen<br \/>\nAktivit\u00e4t: Fitnessstudio &amp; Training<br \/>\nAnlass: Sport<br \/>\nMouwlengte: Mouwloos<br \/>\nAusschnitt: Runder Ausschnitt<br \/>\nBesonderheiten: Atmungsaktiv, Individuelle Tragem\u00f6glichkeiten, Schwei\u00dfableitend<br \/>\nCharakter: ohne<br \/>\nEAN: 194272898233<br \/>\nKleur: Zwart<br \/>\nMaat: S<br \/>\nGr\u00f6\u00dfenkategorie: Normalgr\u00f6\u00dfe<br \/>\nMerk: Nike<br \/>\nMaterial: 82 % Nylon\/18 % Elastan<br \/>\nMuster: Ohne Muster<br \/>\nPassform: Athletisch<br \/>\nProduktart: 3-in-1-Oberteil<br \/>\nStil: Bauchfrei<br \/>\nVintage: Nein<\/p>","protected":false},"featured_media":77413,"comment_status":"open","ping_status":"closed","template":"","meta":{"_seopress_robots_primary_cat":"","_seopress_titles_title":"","_seopress_titles_desc":"","_seopress_robots_index":""},"product_brand":[],"product_cat":[1348,1402,1403,1404],"product_tag":[],"class_list":{"0":"post-77277","1":"product","2":"type-product","3":"status-publish","4":"has-post-thumbnail","6":"product_cat-damen-mode","7":"product_cat-sportbekleidung-damen-mode","8":"product_cat-shirts","9":"product_cat-tops","10":"product_shipping_class-standard-versand","12":"first","13":"instock","14":"sale","15":"taxable","16":"shipping-taxable","17":"purchasable","18":"product-type-simple"},"_links":{"self":[{"href":"https:\/\/www.soanam.de\/nl\/wp-json\/wp\/v2\/product\/77277","targetHints":{"allow":["GET"]}}],"collection":[{"href":"https:\/\/www.soanam.de\/nl\/wp-json\/wp\/v2\/product"}],"about":[{"href":"https:\/\/www.soanam.de\/nl\/wp-json\/wp\/v2\/types\/product"}],"replies":[{"embeddable":true,"href":"https:\/\/www.soanam.de\/nl\/wp-json\/wp\/v2\/comments?post=77277"}],"wp:featuredmedia":[{"embeddable":true,"href":"https:\/\/www.soanam.de\/nl\/wp-json\/wp\/v2\/media\/77413"}],"wp:attachment":[{"href":"https:\/\/www.soanam.de\/nl\/wp-json\/wp\/v2\/media?parent=77277"}],"wp:term":[{"taxonomy":"product_brand","embeddable":true,"href":"https:\/\/www.soanam.de\/nl\/wp-json\/wp\/v2\/product_brand?post=77277"},{"taxonomy":"product_cat","embeddable":true,"href":"https:\/\/www.soanam.de\/nl\/wp-json\/wp\/v2\/product_cat?post=77277"},{"taxonomy":"product_tag","embeddable":true,"href":"https:\/\/www.soanam.de\/nl\/wp-json\/wp\/v2\/product_tag?post=77277"}],"curies":[{"name":"wp","href":"https:\/\/api.w.org\/{rel}","templated":true}]}}