{"id":77223,"date":"2023-12-13T20:44:13","date_gmt":"2023-12-13T19:44:13","guid":{"rendered":"https:\/\/www.soanam.de\/?post_type=product&#038;p=77223"},"modified":"2023-12-13T20:49:49","modified_gmt":"2023-12-13T19:49:49","slug":"wrangler-straight-jeans-authentic-straight-in-grau-w40xl34","status":"publish","type":"product","link":"https:\/\/www.soanam.de\/nl\/produkt\/wrangler-straight-jeans-authentic-straight-in-grau-w40xl34\/","title":{"rendered":"Wrangler straight jeans AUTHENTIC STRAIGHT, in grijs, W40xL34"},"content":{"rendered":"<p>Rechte pasvorm\/rechte vorm<br \/>\nRecht been, normale dijbreedte<br \/>\nMit dezenter Waschung<br \/>\nBaumwollmischung f\u00fcr angenehmen Tragekomfort<\/p>\n<p>Eine Jeans mit dezenter Waschung und einen angenehmen Sitz. Die wichtigsten Denimfeatures wie der G\u00fcrtelschlaufenbund mit Knopf und Rei\u00dfverschluss, f\u00fcnf Taschen sowie das Labelpatch hinten am Bund fehlen bei diesen Herrenjeans nat\u00fcrlich auch nicht. Eine kleine Besonderheit bilden die W-f\u00f6rmigen Ziern\u00e4hte an den Ges\u00e4\u00dftaschen der Hose.<\/p>\n<p>Materiaal: 98% katoen, 2% elastaan<br \/>\nOnderhoudsinstructies: Machinewasbaar op 40\u00b0<\/p>\n<p>Farbe: great grey<br \/>\nGr\u00f6\u00dfe: W40 L34<\/p>\n<p>Tailleomvang: 102cm<br \/>\nHeupomtrek: 118cm<br \/>\nSchrittl\u00e4nge:84cm<br \/>\nGesamtl\u00e4nge: 115cm<\/p>","protected":false},"excerpt":{"rendered":"<table class=\"dv_characteristicsTable\">\n<tbody>\n<tr>\n<td class=\"left\">Maat<\/td>\n<td>40<\/td>\n<\/tr>\n<tr>\n<td class=\"left\">Hosenl\u00e4nge<\/td>\n<td>34<\/td>\n<\/tr>\n<tr>\n<td class=\"left\">Materiaalsamenstelling<\/td>\n<td>Obermaterial: 98% Baumwolle, 2% Elasthan<\/td>\n<\/tr>\n<tr>\n<td class=\"left\">Materialart<\/td>\n<td>Denim<\/td>\n<\/tr>\n<tr>\n<td class=\"left\">Onderhoudsinstructies<\/td>\n<td>Machinewas<\/td>\n<\/tr>\n<tr>\n<td class=\"left\">Stil<\/td>\n<td>casual<\/td>\n<\/tr>\n<tr>\n<td class=\"left\">Herstellerfarbbezeichnung<\/td>\n<td>great grey<\/td>\n<\/tr>\n<tr>\n<td class=\"left\">Kleur<\/td>\n<td>grau<\/td>\n<\/tr>\n<tr>\n<td class=\"left\">Leibh\u00f6he<\/td>\n<td>sitzt in der Taille<\/td>\n<\/tr>\n<tr>\n<td class=\"left\">Beinform<\/td>\n<td>gerade<\/td>\n<\/tr>\n<tr>\n<td class=\"left\">Pas<\/td>\n<td>normal<\/td>\n<\/tr>\n<tr>\n<td class=\"left\">Schnittform L\u00e4nge<\/td>\n<td>lang<\/td>\n<\/tr>\n<tr>\n<td class=\"left\">G\u00fcrtelschlaufen<\/td>\n<td>ja<\/td>\n<\/tr>\n<tr>\n<td class=\"left\">Tassen<\/td>\n<td>Eingrifftaschen, Coinpocket, Ges\u00e4\u00dftaschen<\/td>\n<\/tr>\n<tr>\n<td class=\"left\">Verschluss<\/td>\n<td>Rei\u00dfverschluss, Knopf<\/td>\n<\/tr>\n<tr>\n<td class=\"left\">Verschlussdetails<\/td>\n<td>verdeckt<\/td>\n<\/tr>\n<\/tbody>\n<\/table>","protected":false},"featured_media":77366,"comment_status":"open","ping_status":"closed","template":"","meta":{"_seopress_robots_primary_cat":"","_seopress_titles_title":"","_seopress_titles_desc":"","_seopress_robots_index":""},"product_brand":[],"product_cat":[1345,1346,1347],"product_tag":[],"class_list":{"0":"post-77223","1":"product","2":"type-product","3":"status-publish","4":"has-post-thumbnail","6":"product_cat-herrenmode","7":"product_cat-hosen","8":"product_cat-jeans","9":"product_shipping_class-standard-versand","11":"first","12":"instock","13":"sale","14":"taxable","15":"shipping-taxable","16":"purchasable","17":"product-type-simple"},"_links":{"self":[{"href":"https:\/\/www.soanam.de\/nl\/wp-json\/wp\/v2\/product\/77223","targetHints":{"allow":["GET"]}}],"collection":[{"href":"https:\/\/www.soanam.de\/nl\/wp-json\/wp\/v2\/product"}],"about":[{"href":"https:\/\/www.soanam.de\/nl\/wp-json\/wp\/v2\/types\/product"}],"replies":[{"embeddable":true,"href":"https:\/\/www.soanam.de\/nl\/wp-json\/wp\/v2\/comments?post=77223"}],"wp:featuredmedia":[{"embeddable":true,"href":"https:\/\/www.soanam.de\/nl\/wp-json\/wp\/v2\/media\/77366"}],"wp:attachment":[{"href":"https:\/\/www.soanam.de\/nl\/wp-json\/wp\/v2\/media?parent=77223"}],"wp:term":[{"taxonomy":"product_brand","embeddable":true,"href":"https:\/\/www.soanam.de\/nl\/wp-json\/wp\/v2\/product_brand?post=77223"},{"taxonomy":"product_cat","embeddable":true,"href":"https:\/\/www.soanam.de\/nl\/wp-json\/wp\/v2\/product_cat?post=77223"},{"taxonomy":"product_tag","embeddable":true,"href":"https:\/\/www.soanam.de\/nl\/wp-json\/wp\/v2\/product_tag?post=77223"}],"curies":[{"name":"wp","href":"https:\/\/api.w.org\/{rel}","templated":true}]}}