{"id":77218,"date":"2023-12-13T20:43:26","date_gmt":"2023-12-13T19:43:26","guid":{"rendered":"https:\/\/www.soanam.de\/?post_type=product&#038;p=77218"},"modified":"2023-12-13T20:49:45","modified_gmt":"2023-12-13T19:49:45","slug":"vaude-heren-idris-3in1-parka-ii-winter-parka-dubbele-jas","status":"publish","type":"product","link":"https:\/\/www.soanam.de\/nl\/produkt\/vaude-mens-idris-3in1-parka-ii-winterparka-doppeljacke\/","title":{"rendered":"VAUDE - Heren Idris 3in1 Parka II, winterparka, dubbele jas"},"content":{"rendered":"<h3>details<\/h3>\n<p>Veelzijdig dubbel jack voor wandelen<br \/>\nWaterdicht, winddicht en ademend<br \/>\nlangere snede<br \/>\nmilieuvriendelijk geproduceerd<\/p>\n<p>Veelzijdig tijdens het koude seizoen: warme 3in1 winterparka, volledig waterdicht en winddicht dankzij het ademende Ceplex-membraan. De buitenjas met steekzakken en afneembare capuchon biedt uitgebreide bescherming tegen het weer, terwijl de binnenjas van chique fleece met patroon voor behaaglijke warmte zorgt. Omdat de parka ook zonder het binnenjack kan worden gedragen, bestrijkt hij een breed temperatuurbereik. Dit product is gemaakt met Eco Finish, een milieuvriendelijke waterafstotende afwerking zonder fluorkoolstoffen (PFC). Het VAUDE Green Shape label staat voor een milieuvriendelijk, functioneel product gemaakt van duurzame materialen.<\/p>\n<p>Ontwikkeld voor: Wandelen<br \/>\nAndere gebruiksgebieden: Reizend<br \/>\nLengte (in medium maat): 84 cm<br \/>\nPasvorm: standaard pasvorm voor een comfortabel gevoel<br \/>\nGewicht: 1345 g<\/p>\n<h3>Materiaal overzicht<\/h3>\n<p>Buitenjas: Hoofdstof - buitenkant: 100% polyester; membraan: 100% polyurethaan; voering: 100% polyamide; mesh voering: 100% polyester;<br \/>\nBinnenjas: Hoofdstof: 100% polyester; mouwvoering: 100% polyester.<\/p>","protected":false},"excerpt":{"rendered":"<h3>Artikelmerkmale<\/h3>\n<p>Staat van het item: Nieuw met label: Nieuw, ongebruikt en ongedragen item in de originele verpakking<\/p>\n<p>Abteilung: Herren<br \/>\nAktivit\u00e4t: Wandern<br \/>\nAnlass: Business, Freizeit, Reise<br \/>\nAu\u00dfenmaterial: Polyurethan<br \/>\nBesonderheiten: 3in1<br \/>\nCharakter: ohne<br \/>\nEAN: 4062218050426<br \/>\nKleur: Zwart<br \/>\nFuttermaterial: Polyester<br \/>\nGewebeart: Polyester<br \/>\nGrootte: 48<br \/>\nGr\u00f6\u00dfenkategorie: Normalgr\u00f6\u00dfe<br \/>\nIsoliermaterial: Polyester<br \/>\nJahreszeit: Fr\u00fchling, Herbst, Winter<br \/>\nMarke: VAUDE<br \/>\nModell: Idris<br \/>\nMuster: Ohne Muster<br \/>\nSoort product: Jas<br \/>\nStil: Parka<br \/>\nThema: Outdoor<br \/>\nSluiting: ritssluiting<br \/>\nVintage: Nein<\/p>","protected":false},"featured_media":77362,"comment_status":"open","ping_status":"closed","template":"","meta":{"_seopress_robots_primary_cat":"","_seopress_titles_title":"","_seopress_titles_desc":"","_seopress_robots_index":""},"product_brand":[],"product_cat":[1345,1363,1389],"product_tag":[],"class_list":{"0":"post-77218","1":"product","2":"type-product","3":"status-publish","4":"has-post-thumbnail","6":"product_cat-herrenmode","7":"product_cat-jacken-maentel-herrenmode","8":"product_cat-parkas","9":"product_shipping_class-standard-versand","11":"first","12":"instock","13":"sale","14":"taxable","15":"shipping-taxable","16":"purchasable","17":"product-type-simple"},"_links":{"self":[{"href":"https:\/\/www.soanam.de\/nl\/wp-json\/wp\/v2\/product\/77218","targetHints":{"allow":["GET"]}}],"collection":[{"href":"https:\/\/www.soanam.de\/nl\/wp-json\/wp\/v2\/product"}],"about":[{"href":"https:\/\/www.soanam.de\/nl\/wp-json\/wp\/v2\/types\/product"}],"replies":[{"embeddable":true,"href":"https:\/\/www.soanam.de\/nl\/wp-json\/wp\/v2\/comments?post=77218"}],"wp:featuredmedia":[{"embeddable":true,"href":"https:\/\/www.soanam.de\/nl\/wp-json\/wp\/v2\/media\/77362"}],"wp:attachment":[{"href":"https:\/\/www.soanam.de\/nl\/wp-json\/wp\/v2\/media?parent=77218"}],"wp:term":[{"taxonomy":"product_brand","embeddable":true,"href":"https:\/\/www.soanam.de\/nl\/wp-json\/wp\/v2\/product_brand?post=77218"},{"taxonomy":"product_cat","embeddable":true,"href":"https:\/\/www.soanam.de\/nl\/wp-json\/wp\/v2\/product_cat?post=77218"},{"taxonomy":"product_tag","embeddable":true,"href":"https:\/\/www.soanam.de\/nl\/wp-json\/wp\/v2\/product_tag?post=77218"}],"curies":[{"name":"wp","href":"https:\/\/api.w.org\/{rel}","templated":true}]}}