{"id":77217,"date":"2023-12-13T20:43:26","date_gmt":"2023-12-13T19:43:26","guid":{"rendered":"https:\/\/www.soanam.de\/?post_type=product&#038;p=77217"},"modified":"2023-12-13T20:49:34","modified_gmt":"2023-12-13T19:49:34","slug":"pt-torino-herren-wollhose-slim-fit-businesshose","status":"publish","type":"product","link":"https:\/\/www.soanam.de\/nl\/produkt\/pt-torino-herren-wollhose-slim-fit-businesshose\/","title":{"rendered":"PT Torino heren wollen pantalon 'Slim Fit' business pantalon"},"content":{"rendered":"<h3>details<\/h3>\n<p>Als elegantes Modell in geschmeidiger und leicht stretchiger Schurwollqualit\u00e4t hat die Wollhose 'Slim Fit' von PT TORINO beste Chancen zum Favoriten f\u00fcr zahlreiche Business-Outfits zu werden.<\/p>\n<ul>\n<li>leicht elastische Schurwolle<\/li>\n<li>weicher Griff<\/li>\n<li>leicht gewalkte Qualit\u00e4t<\/li>\n<li>Slank model<\/li>\n<li>schmal zulaufend<\/li>\n<li>Rei\u00dfverschluss und Bundkn\u00f6pfe<\/li>\n<li>franz\u00f6sische Taschen<\/li>\n<li>kleine Uhrentasche<\/li>\n<li>Ges\u00e4\u00dftaschen mit Knopf<\/li>\n<li>offene L\u00e4nge<\/li>\n<\/ul>\n<p>Material: 98% Schurwolle, 2% Elastan<br \/>\nModel: Slim Fit<br \/>\nPflegehinweise: Nicht waschen<\/p>","protected":false},"excerpt":{"rendered":"<h3>Artikelmerkmale<\/h3>\n<p>Staat van het item: Nieuw met label: Nieuw, ongebruikt en ongedragen item in de originele verpakking<\/p>\n<p>Abteilung: Herren<br \/>\nAnlass: Business<br \/>\nBeinform: Tapered<br \/>\nBesonderheiten: kleine Uhrentasche<br \/>\nFarbe: Grau<br \/>\nGewebeart: Schurwolle<br \/>\nGrootte: 46<br \/>\nGr\u00f6\u00dfenkategorie: Normalgr\u00f6\u00dfe<br \/>\nHerstellungsland und -region: Italien<br \/>\nJahreszeit: Fr\u00fchling, Herbst<br \/>\nMarke: Torino<br \/>\nMaterial: 98% Schurwolle, 2% Elastan<br \/>\nMuster: Ohne Muster<br \/>\nPassform: Slim<br \/>\nProduktart: Hosen<br \/>\nSchrittl\u00e4nge: ohne Angabe<br \/>\nStil: Anzughose<br \/>\nTaillenumfang: ohne Angabe<br \/>\nThema: Adrett<br \/>\nSluiting: ritssluiting<br \/>\nVintage: Nein<\/p>","protected":false},"featured_media":77357,"comment_status":"open","ping_status":"closed","template":"","meta":{"_seopress_robots_primary_cat":"","_seopress_titles_title":"","_seopress_titles_desc":"","_seopress_robots_index":""},"product_brand":[],"product_cat":[1345,1346,1398],"product_tag":[],"class_list":{"0":"post-77217","1":"product","2":"type-product","3":"status-publish","4":"has-post-thumbnail","6":"product_cat-herrenmode","7":"product_cat-hosen","8":"product_cat-businesshosen","9":"product_shipping_class-standard-versand","11":"first","12":"instock","13":"sale","14":"taxable","15":"shipping-taxable","16":"purchasable","17":"product-type-simple"},"_links":{"self":[{"href":"https:\/\/www.soanam.de\/nl\/wp-json\/wp\/v2\/product\/77217","targetHints":{"allow":["GET"]}}],"collection":[{"href":"https:\/\/www.soanam.de\/nl\/wp-json\/wp\/v2\/product"}],"about":[{"href":"https:\/\/www.soanam.de\/nl\/wp-json\/wp\/v2\/types\/product"}],"replies":[{"embeddable":true,"href":"https:\/\/www.soanam.de\/nl\/wp-json\/wp\/v2\/comments?post=77217"}],"wp:featuredmedia":[{"embeddable":true,"href":"https:\/\/www.soanam.de\/nl\/wp-json\/wp\/v2\/media\/77357"}],"wp:attachment":[{"href":"https:\/\/www.soanam.de\/nl\/wp-json\/wp\/v2\/media?parent=77217"}],"wp:term":[{"taxonomy":"product_brand","embeddable":true,"href":"https:\/\/www.soanam.de\/nl\/wp-json\/wp\/v2\/product_brand?post=77217"},{"taxonomy":"product_cat","embeddable":true,"href":"https:\/\/www.soanam.de\/nl\/wp-json\/wp\/v2\/product_cat?post=77217"},{"taxonomy":"product_tag","embeddable":true,"href":"https:\/\/www.soanam.de\/nl\/wp-json\/wp\/v2\/product_tag?post=77217"}],"curies":[{"name":"wp","href":"https:\/\/api.w.org\/{rel}","templated":true}]}}