{"id":77153,"date":"2023-12-13T20:38:08","date_gmt":"2023-12-13T19:38:08","guid":{"rendered":"https:\/\/www.soanam.de\/?post_type=product&#038;p=77153"},"modified":"2023-12-13T20:47:39","modified_gmt":"2023-12-13T19:47:39","slug":"vestal-zr2-quarz-edelstahl-und-leder-casual-uhr-farbe-braun-modell-zr2023-br","status":"publish","type":"product","link":"https:\/\/www.soanam.de\/nl\/produkt\/vestal-zr2-quarz-edelstahl-und-leder-casual-uhr-farbe-braun-modell-zr2023-br\/","title":{"rendered":"Vestal \"ZR2 Quartz Roestvrij Staal en Leer Casual Horloge, Kleur: Bruin (Model: zr2023. BR)"},"content":{"rendered":"<h3><strong>Produktbeschreibung: <\/strong><\/h3>\n<p>Inspiriert von seinem Bruder ist das ZR-2 Italian Leather alles, was das ZR-3 zu bieten hat, w\u00e4hrend es in einem kleineren 43-mm-Geh\u00e4use eingefangen ist. Der ZR-2 Rubber ist ein mittelgro\u00dfer runder Premium-Chronograph. Die Geh\u00e4usekonstruktion aus Edelstahl umfasst ein extra dickes, erhabenes Kristall, das in einer eckigen festen L\u00fcnette und einer verschraubten Logoplatte sitzt. Diese Merkmale zusammen mit einem Kronenschutz und einem sch\u00fctzenden Dr\u00fccker-Design tragen zu seinem raffinierten Retro-Styling bei. Die ZR-2 Rubber ist mit einem hochwertigen Silikonarmband mit massiver Edelstahlschnalle versehen.<\/p>\n<h3>H\u00f6hepunkte:<\/h3>\n<p>- Uhrwerk: 6-hand Premium Chronograph. Made in Japan<br \/>\n- Band: 20 mm breit, italienische Premium Leder Stickerei<br \/>\n- Geh\u00e4use Durchmesser: 43 mm<br \/>\n- Wasserdicht bis: 100 m (330ft) im Allgemeinen, geeignet zum Schwimmen und Schnorcheln, aber nicht tauchen<\/p>\n<h3>Technische Details:<\/h3>\n<p>- Hersteller : Vestal<br \/>\n- Kategorie : Unisex - Erwachsene<br \/>\n- Modellnummer : ZR2023.BR<br \/>\n- Verpackungsabmessungen : 5.5 x 3.5 x 3.5 cm; 2.8 Unzen<\/p>\n<h3>Bijzonderheden:<\/h3>\n<p>- Uhrendetails<br \/>\n- Anzeige: Analog<br \/>\n- Armbandfarbe: Braun<br \/>\n- Armbandmaterial: Leder<br \/>\n- Artikelnummer: ZR2023.BR<br \/>\n- Ausstattung: Sto\u00dffest<br \/>\n- Breite des Armbands: 20 Millimeter<br \/>\n- Form des Geh\u00e4uses: Rund<br \/>\n- Funktion der L\u00fcnette: Stationary<br \/>\n- Geh\u00e4usedurchmesser: 41.5 Millimeter<br \/>\n- Geh\u00e4usematerial: Stainless Steel (vergoldet)<br \/>\n- Gewicht: 2.8 Unzen<br \/>\n- Glas: Mineral<br \/>\n- H\u00f6he des Geh\u00e4uses: 12.4 Millimeter<br \/>\n- Marke: Vestal<br \/>\n- Material der L\u00fcnette: Stainless Steel<br \/>\n- Modell: ZR243L23.BR<br \/>\n- Uhrwerk: Japanese Quartz<br \/>\n- Verschluss: Buckle<br \/>\n- Wasserdichtigkeitszertifizierung: 100 m (330ft)<br \/>\n- Zifferblattfarbe: T\u00fcrkis<\/p>\n<h3>Omvang van de levering:<\/h3>\n<p>Vestal ZR2 Quarz Edelstahl und Leder Casual Uhr, Farbe: Braun (Modell: zr2023. BR)<\/p>","protected":false},"excerpt":{"rendered":"<h3>Artikelmerkmale<\/h3>\n<p>Staat van het item: Nieuw met label: Nieuw, ongebruikt en ongedragen item in de originele verpakking<\/p>\n<p>Abteilung: Unisex Erwachsene<br \/>\nWeergaveformaat: Analoog<br \/>\nArmbandfarbe: Braun<br \/>\nArmbandmaterial: Leder<br \/>\nBesonderheiten: Chronograph, Chronometer<br \/>\nGeh\u00e4usematerial: Edelstahl<br \/>\nHerstellungsjahr: Ab 2010<br \/>\nIndividualisiert: Nein<br \/>\nL\u00fcnettenfarbe: Aluminum, Wei\u00df<br \/>\nMarke: Vestal<br \/>\nMit Original-Box\/Originalverpackung: Ja<br \/>\nMit Original-Papieren: Ja<br \/>\nModell: zr243l23<br \/>\nSoort product: Polshorloge<br \/>\nReferenznummer: ZR2 - BRWH<br \/>\nStil: Klassisch, L\u00e4ssig, Sportlich, Taucher<br \/>\nUhrenform: Rund<br \/>\nUhrengeh\u00e4use-Farbe: Gold<br \/>\nUhrwerk: Quarz<br \/>\nWasserdichtigkeit: 100 m (10 ATM)<br \/>\nZifferblatt-Einteilung: Numerische \/ Analog<br \/>\nZifferblattfarbe: T\u00fcrkis<\/p>","protected":false},"featured_media":77305,"comment_status":"open","ping_status":"closed","template":"","meta":{"_seopress_robots_primary_cat":"","_seopress_titles_title":"","_seopress_titles_desc":"","_seopress_robots_index":""},"product_brand":[],"product_cat":[1345,1388],"product_tag":[],"class_list":{"0":"post-77153","1":"product","2":"type-product","3":"status-publish","4":"has-post-thumbnail","6":"product_cat-herrenmode","7":"product_cat-uhren","8":"product_shipping_class-standard-versand","10":"first","11":"instock","12":"sale","13":"taxable","14":"shipping-taxable","15":"purchasable","16":"product-type-simple"},"_links":{"self":[{"href":"https:\/\/www.soanam.de\/nl\/wp-json\/wp\/v2\/product\/77153","targetHints":{"allow":["GET"]}}],"collection":[{"href":"https:\/\/www.soanam.de\/nl\/wp-json\/wp\/v2\/product"}],"about":[{"href":"https:\/\/www.soanam.de\/nl\/wp-json\/wp\/v2\/types\/product"}],"replies":[{"embeddable":true,"href":"https:\/\/www.soanam.de\/nl\/wp-json\/wp\/v2\/comments?post=77153"}],"wp:featuredmedia":[{"embeddable":true,"href":"https:\/\/www.soanam.de\/nl\/wp-json\/wp\/v2\/media\/77305"}],"wp:attachment":[{"href":"https:\/\/www.soanam.de\/nl\/wp-json\/wp\/v2\/media?parent=77153"}],"wp:term":[{"taxonomy":"product_brand","embeddable":true,"href":"https:\/\/www.soanam.de\/nl\/wp-json\/wp\/v2\/product_brand?post=77153"},{"taxonomy":"product_cat","embeddable":true,"href":"https:\/\/www.soanam.de\/nl\/wp-json\/wp\/v2\/product_cat?post=77153"},{"taxonomy":"product_tag","embeddable":true,"href":"https:\/\/www.soanam.de\/nl\/wp-json\/wp\/v2\/product_tag?post=77153"}],"curies":[{"name":"wp","href":"https:\/\/api.w.org\/{rel}","templated":true}]}}