{"id":77093,"date":"2023-12-13T20:35:27","date_gmt":"2023-12-13T19:35:27","guid":{"rendered":"https:\/\/www.soanam.de\/?post_type=product&#038;p=77093"},"modified":"2023-12-13T20:46:34","modified_gmt":"2023-12-13T19:46:34","slug":"ingersoll-herenhorloge-roestvrijstalen-armbandkast-in-zilver","status":"publish","type":"product","link":"https:\/\/www.soanam.de\/nl\/produkt\/ingersoll-herren-uhr-edelstahlarmband-gehaeuse-in-silber\/","title":{"rendered":"Ingersoll herenhorloge, roestvrijstalen armband\/kast in zilver"},"content":{"rendered":"<p>Ingersoll herenhorloge met zilverkleurige roestvrijstalen armband \/ roestvrijstalen kast \/ The Scovill I06201 in elegante houten kist + lederen etui<\/p>\n<h3>Beschrijving van de<\/h3>\n<p>Leeftijdsadvies: Volwassenen<br \/>\nAandrijving: Kwarts<br \/>\nWeergaveformaat: Analoog<br \/>\nArmband: Roestvrij staal<br \/>\nKleur armband: Zilver<br \/>\nMateriaal band: Roestvrij staal<br \/>\nGELDAUTOMAAT: 10<br \/>\nAanduiding: HAU, De Scovill 43mm<br \/>\nFunctie: chronograaf, lichtgevende wijzers en cijfers<br \/>\nBehuizing: Roestvrij staal<br \/>\nGeslacht: Mannen<br \/>\nGlas: gehard mineraalglas<br \/>\nLand en regio van productie: Duitsland<br \/>\nMerk: Ingersoll Rand<br \/>\nSoort product: Polshorloge<br \/>\nType: De Scovill<br \/>\nKleur horlogekast: Zilver<br \/>\nKastmaat horloge: 40-43,5 mm<br \/>\nMateriaal horlogekast: Roestvrij staal<br \/>\nBeweging: Mechanisch (automatisch)<br \/>\nBeweging: Miyota 6S20<br \/>\nWijzerplaat: zwart<\/p>\n<h3>Omvang van de levering<\/h3>\n<p>Authenticiteitskaart<br \/>\nelegante houten kist\/cadeauverpakking<br \/>\nHorloge voor heren<br \/>\nInstructieboek<br \/>\nLeren etui<br \/>\nService Boek<\/p>","protected":false},"excerpt":{"rendered":"<h3>Artikelmerkmale<\/h3>\n<p>Staat van het item: Nieuw met label: Nieuw, ongebruikt en ongedragen item in de originele verpakking<\/p>\n<p>Abteilung: Herren<br \/>\nLeeftijdsadvies: Volwassenen<br \/>\nWeergaveformaat: Analoog<br \/>\nArmbandbreite: 22mm<br \/>\nKleur armband: Zilver<br \/>\nMateriaal band: Roestvrij staal<br \/>\nBesonderheiten: Mineralglas<br \/>\nGeh\u00e4usegr\u00f6\u00dfe: 40-43,5mm<br \/>\nGeh\u00e4usematerial: Edelstahl<br \/>\nHerstellungsjahr: Ab 2010<br \/>\nLand en regio van productie: Duitsland<br \/>\nIndividualisiert: Nein<br \/>\nL\u00fcnettenfarbe: ohne Angabe<br \/>\nMerk: Ingersoll Rand<br \/>\nMit Original-Box\/Originalverpackung: Ja<br \/>\nMit Original-Papieren: Ja<br \/>\nModell: The Scovill<br \/>\nSoort product: Polshorloge<br \/>\nReferenznummer: I06201<br \/>\nStil: Klassisch<br \/>\nUhrenform: Rund<br \/>\nKleur horlogekast: Zilver<br \/>\nMateriaal horlogekast: Roestvrij staal<br \/>\nBeweging: Mechanisch (automatisch)<br \/>\nWasserdichtigkeit: 100 m (10 ATM)<br \/>\nZifferblatt-Einteilung: Nicht-Numerische Stundenstriche<br \/>\nZifferblattfarbe: Schwarz<\/p>","protected":false},"featured_media":77266,"comment_status":"open","ping_status":"closed","template":"","meta":{"_seopress_robots_primary_cat":"","_seopress_titles_title":"","_seopress_titles_desc":"","_seopress_robots_index":""},"product_brand":[],"product_cat":[1345,1387,1388],"product_tag":[],"class_list":{"0":"post-77093","1":"product","2":"type-product","3":"status-publish","4":"has-post-thumbnail","6":"product_cat-herrenmode","7":"product_cat-accessoires-herrenmode","8":"product_cat-uhren","9":"product_shipping_class-standard-versand","11":"first","12":"instock","13":"sale","14":"taxable","15":"shipping-taxable","16":"purchasable","17":"product-type-simple"},"_links":{"self":[{"href":"https:\/\/www.soanam.de\/nl\/wp-json\/wp\/v2\/product\/77093","targetHints":{"allow":["GET"]}}],"collection":[{"href":"https:\/\/www.soanam.de\/nl\/wp-json\/wp\/v2\/product"}],"about":[{"href":"https:\/\/www.soanam.de\/nl\/wp-json\/wp\/v2\/types\/product"}],"replies":[{"embeddable":true,"href":"https:\/\/www.soanam.de\/nl\/wp-json\/wp\/v2\/comments?post=77093"}],"wp:featuredmedia":[{"embeddable":true,"href":"https:\/\/www.soanam.de\/nl\/wp-json\/wp\/v2\/media\/77266"}],"wp:attachment":[{"href":"https:\/\/www.soanam.de\/nl\/wp-json\/wp\/v2\/media?parent=77093"}],"wp:term":[{"taxonomy":"product_brand","embeddable":true,"href":"https:\/\/www.soanam.de\/nl\/wp-json\/wp\/v2\/product_brand?post=77093"},{"taxonomy":"product_cat","embeddable":true,"href":"https:\/\/www.soanam.de\/nl\/wp-json\/wp\/v2\/product_cat?post=77093"},{"taxonomy":"product_tag","embeddable":true,"href":"https:\/\/www.soanam.de\/nl\/wp-json\/wp\/v2\/product_tag?post=77093"}],"curies":[{"name":"wp","href":"https:\/\/api.w.org\/{rel}","templated":true}]}}