{"id":77025,"date":"2023-12-13T20:32:19","date_gmt":"2023-12-13T19:32:19","guid":{"rendered":"https:\/\/www.soanam.de\/?post_type=product&#038;p=77025"},"modified":"2023-12-13T20:40:26","modified_gmt":"2023-12-13T19:40:26","slug":"belstaff-trialmaster-evo-dons-herenjack","status":"publish","type":"product","link":"https:\/\/www.soanam.de\/nl\/produkt\/belstaff-trialmaster-evo-down-herren-jacket\/","title":{"rendered":"Belstaff - Trialmaster Evo herenjas met dons"},"content":{"rendered":"<h3>Productbeschrijving<\/h3>\n<p>Deze versie van het klassieke vierzakkenontwerp in donker hickory is gemaakt van een waterdichte stof en gevuld met dons met heat mapping-technologie. De rigoureuze aandacht voor details omvat lasergesneden zakken, waterdichte heat-sealed naden en een geavanceerde binnenzak voor je smartphone met een transparant, touchpad-gevoelig schild.<br \/>\nDezelfde doordachte benadering geldt voor de volwassen capuchon, de waterdichte ritsen en de subtiele reflecterende details.<br \/>\nExtra comfort wordt geboden door de stretch jersey manchetten, intern trekkoord voor een verstelbare pasvorm en mesh ventilatie die mobiliteit en luchtstroom bevordert.<\/p>","protected":false},"excerpt":{"rendered":"<h3>Artikelmerkmale<\/h3>\n<p>Staat van het item: Nieuw met label: Nieuw, ongebruikt en ongedragen item in de originele verpakking<br \/>\nAu\u00dfenmaterial: 74% Polyamid 26% Elastan<br \/>\nMarke: Belstaff<br \/>\nAnlass: Business, Freizeit<br \/>\nIsoliermaterial: Daunen<br \/>\nStil: Daunenjacke<br \/>\nModell: Evo<br \/>\nKleur: Groen<br \/>\nJahreszeit: Herbst, Winter<br \/>\nAbteilung: Herren<br \/>\nSoort product: Jas<br \/>\nVintage: Nein<br \/>\nBesonderheiten: Netzbel\u00fcftung, Reflektierend, Wasserdicht<br \/>\nGr\u00f6\u00dfenkategorie: Normalgr\u00f6\u00dfe<br \/>\nMuster: Ohne Muster<br \/>\nThema: Outdoor<br \/>\nGewebeart: PA<br \/>\nFuttermaterial: Polyester<br \/>\nSluiting: ritssluiting<br \/>\nAktivit\u00e4t: Spazieren<\/p>","protected":false},"featured_media":77185,"comment_status":"open","ping_status":"closed","template":"","meta":{"_seopress_robots_primary_cat":"","_seopress_titles_title":"","_seopress_titles_desc":"","_seopress_robots_index":""},"product_brand":[],"product_cat":[1345,1363,1377,1378],"product_tag":[],"class_list":{"0":"post-77025","1":"product","2":"type-product","3":"status-publish","4":"has-post-thumbnail","6":"product_cat-herrenmode","7":"product_cat-jacken-maentel-herrenmode","8":"product_cat-winterjacken-jacken-maentel-herrenmode","9":"product_cat-daunen-steppjacken","10":"product_shipping_class-standard-versand","12":"first","13":"instock","14":"sale","15":"taxable","16":"shipping-taxable","17":"purchasable","18":"product-type-simple"},"_links":{"self":[{"href":"https:\/\/www.soanam.de\/nl\/wp-json\/wp\/v2\/product\/77025","targetHints":{"allow":["GET"]}}],"collection":[{"href":"https:\/\/www.soanam.de\/nl\/wp-json\/wp\/v2\/product"}],"about":[{"href":"https:\/\/www.soanam.de\/nl\/wp-json\/wp\/v2\/types\/product"}],"replies":[{"embeddable":true,"href":"https:\/\/www.soanam.de\/nl\/wp-json\/wp\/v2\/comments?post=77025"}],"wp:featuredmedia":[{"embeddable":true,"href":"https:\/\/www.soanam.de\/nl\/wp-json\/wp\/v2\/media\/77185"}],"wp:attachment":[{"href":"https:\/\/www.soanam.de\/nl\/wp-json\/wp\/v2\/media?parent=77025"}],"wp:term":[{"taxonomy":"product_brand","embeddable":true,"href":"https:\/\/www.soanam.de\/nl\/wp-json\/wp\/v2\/product_brand?post=77025"},{"taxonomy":"product_cat","embeddable":true,"href":"https:\/\/www.soanam.de\/nl\/wp-json\/wp\/v2\/product_cat?post=77025"},{"taxonomy":"product_tag","embeddable":true,"href":"https:\/\/www.soanam.de\/nl\/wp-json\/wp\/v2\/product_tag?post=77025"}],"curies":[{"name":"wp","href":"https:\/\/api.w.org\/{rel}","templated":true}]}}