{"id":77022,"date":"2023-12-13T20:32:18","date_gmt":"2023-12-13T19:32:18","guid":{"rendered":"https:\/\/www.soanam.de\/?post_type=product&#038;p=77022"},"modified":"2023-12-13T20:39:16","modified_gmt":"2023-12-13T19:39:16","slug":"levis-roehrenjeans-312-shaping-slim-in-dark-blue-used-w28xl30","status":"publish","type":"product","link":"https:\/\/www.soanam.de\/nl\/produkt\/levis-roehrenjeans-312-shaping-slim-in-dark-blue-used-w28xl30\/","title":{"rendered":"Levi's skinny jeans 312 Shaping Slim, in donkerblauw, gebruikt, B28xL30"},"content":{"rendered":"<p>Hochelastische Jeans von Levi's<br \/>\nModell 312 Shaping Slim<br \/>\nIn Bi-elastischer Qualit\u00e4t f\u00fcr den perfekten Sitz<br \/>\nR\u00f6hre mit normaler Leibh\u00f6he<br \/>\nFormgebende Jeans in bequemem Stretch-Denim f\u00fcr ein angenehmes Tragegef\u00fchl<br \/>\nGl\u00e4ttet den Bauch, hebt das Ges\u00e4\u00df und l\u00e4sst die Beine l\u00e4nger aussehen<\/p>\n<p>Die Five-Pocket-Denim hat eine normale Leibh\u00f6he und ist schmal geschnitten, wodurch die Beine super zur Geltung kommen. Das superweiche Material der Slim-fit-Jeans mit Elasthananteil sorgt f\u00fcr den perfekten Sitz, einen tollen Tragekomfort und macht jede Bewegungen mit.<\/p>\n<p>Material: 81% Baumwolle, 17% Polyester, 2% Elasthan<br \/>\nOnderhoudsinstructies: Machinewasbaar op 40\u00b0<\/p>\n<p>Farbe: Dark Blue Used<br \/>\nGr\u00f6\u00dfe: W28 L30<\/p>\n<p>Tailleomvang: 76cm<br \/>\nHeupomtrek: 82cm<br \/>\nTrede lengte:73cm<br \/>\nTotale lengte: 99cm<\/p>\n<p>Dit nieuwe artikel is een retourzending van een klant zonder label.<\/p>","protected":false},"excerpt":{"rendered":"<div class=\"js_prd_moreBox__contentWrapper prd_moreBox__contentWrapper\">\n<div class=\"prd_moreBox__content js_prd_moreBox__content\" lang=\"de\">\n<table class=\"dv_characteristicsTable\">\n<tbody>\n<tr>\n<td class=\"left\">Maat<\/td>\n<td>28<\/td>\n<\/tr>\n<tr>\n<td class=\"left\">Hosenl\u00e4nge<\/td>\n<td>30<\/td>\n<\/tr>\n<tr>\n<td class=\"left\">Materiaalsamenstelling<\/td>\n<td>Obermaterial: 60% Baumwolle, 22% Viskose, 16% Polyester, 2% Elasthan<\/td>\n<\/tr>\n<tr>\n<td class=\"left\">Materialart<\/td>\n<td>Denim<\/td>\n<\/tr>\n<tr>\n<td class=\"left\">Materialeigenschaften<\/td>\n<td>elastisch<\/td>\n<\/tr>\n<tr>\n<td class=\"left\">Onderhoudsinstructies<\/td>\n<td>Machinewas<\/td>\n<\/tr>\n<tr>\n<td class=\"left\">Stil<\/td>\n<td>Basic<\/td>\n<\/tr>\n<tr>\n<td class=\"left\">Kleur<\/td>\n<td>dark, blue, used<\/td>\n<\/tr>\n<tr>\n<td class=\"left\">Leibh\u00f6he<\/td>\n<td>normal<\/td>\n<\/tr>\n<tr>\n<td class=\"left\">Bundabschluss<\/td>\n<td>angesetztes B\u00fcndchen<\/td>\n<\/tr>\n<tr>\n<td class=\"left\">Beinform<\/td>\n<td>R\u00f6hre<\/td>\n<\/tr>\n<tr>\n<td class=\"left\">Beinabschluss<\/td>\n<td>abgesteppt<\/td>\n<\/tr>\n<tr>\n<td class=\"left\">Pas<\/td>\n<td>schmal<\/td>\n<\/tr>\n<tr>\n<td class=\"left\">Herstellerpassform<\/td>\n<td>Slim Jeans 312<\/td>\n<\/tr>\n<tr>\n<td class=\"left\">Schnittdetails<\/td>\n<td>Passe hinten<\/td>\n<\/tr>\n<tr>\n<td class=\"left\">Schnittform L\u00e4nge<\/td>\n<td>lang<\/td>\n<\/tr>\n<tr>\n<td class=\"left\">G\u00fcrtelschlaufen<\/td>\n<td>ja<\/td>\n<\/tr>\n<tr>\n<td class=\"left\">Applikationen<\/td>\n<td>Markenlabel<\/td>\n<\/tr>\n<tr>\n<td class=\"left\">Tassen<\/td>\n<td>Eingrifftaschen, Coinpocket, Ges\u00e4\u00dftaschen<\/td>\n<\/tr>\n<tr>\n<td class=\"left\">Verschluss<\/td>\n<td>Knopf, Metallrei\u00dfverschluss<\/td>\n<\/tr>\n<tr>\n<td class=\"left\">Besondere Merkmale<\/td>\n<td>Schmale Shaping Slim Form<\/td>\n<\/tr>\n<\/tbody>\n<\/table>\n<\/div>\n<\/div>\n<div class=\"prd_moreBox__buttonWrapper\"><\/div>","protected":false},"featured_media":77167,"comment_status":"open","ping_status":"closed","template":"","meta":{"_seopress_robots_primary_cat":"","_seopress_titles_title":"","_seopress_titles_desc":"","_seopress_robots_index":""},"product_brand":[],"product_cat":[1348,1350],"product_tag":[],"class_list":{"0":"post-77022","1":"product","2":"type-product","3":"status-publish","4":"has-post-thumbnail","6":"product_cat-damen-mode","7":"product_cat-jeans-hosen-damen-mode","8":"product_shipping_class-standard-versand","10":"first","11":"instock","12":"taxable","13":"shipping-taxable","14":"purchasable","15":"product-type-simple"},"_links":{"self":[{"href":"https:\/\/www.soanam.de\/nl\/wp-json\/wp\/v2\/product\/77022","targetHints":{"allow":["GET"]}}],"collection":[{"href":"https:\/\/www.soanam.de\/nl\/wp-json\/wp\/v2\/product"}],"about":[{"href":"https:\/\/www.soanam.de\/nl\/wp-json\/wp\/v2\/types\/product"}],"replies":[{"embeddable":true,"href":"https:\/\/www.soanam.de\/nl\/wp-json\/wp\/v2\/comments?post=77022"}],"wp:featuredmedia":[{"embeddable":true,"href":"https:\/\/www.soanam.de\/nl\/wp-json\/wp\/v2\/media\/77167"}],"wp:attachment":[{"href":"https:\/\/www.soanam.de\/nl\/wp-json\/wp\/v2\/media?parent=77022"}],"wp:term":[{"taxonomy":"product_brand","embeddable":true,"href":"https:\/\/www.soanam.de\/nl\/wp-json\/wp\/v2\/product_brand?post=77022"},{"taxonomy":"product_cat","embeddable":true,"href":"https:\/\/www.soanam.de\/nl\/wp-json\/wp\/v2\/product_cat?post=77022"},{"taxonomy":"product_tag","embeddable":true,"href":"https:\/\/www.soanam.de\/nl\/wp-json\/wp\/v2\/product_tag?post=77022"}],"curies":[{"name":"wp","href":"https:\/\/api.w.org\/{rel}","templated":true}]}}