{"id":77012,"date":"2023-12-13T20:32:12","date_gmt":"2023-12-13T19:32:12","guid":{"rendered":"https:\/\/www.soanam.de\/?post_type=product&#038;p=77012"},"modified":"2023-12-13T20:36:22","modified_gmt":"2023-12-13T19:36:22","slug":"nike-x-matthew-m-williams-funktionsjacke","status":"publish","type":"product","link":"https:\/\/www.soanam.de\/nl\/produkt\/nike-x-matthew-m-williams-funktionsjacke\/","title":{"rendered":"Nike x Matthew M. Williams functioneel jack"},"content":{"rendered":"<div><span style=\"font-family: Arial;\"><b>Nike x Matthew M. Williams Jacke\/Weste f\u00fcr Herren, in Schwarz, Gr. XS<\/b><\/span><\/div>\n<div><span style=\"font-family: Arial;\"><b>\u00a0<\/b><\/span><\/div>\n<div><span style=\"font-family: Arial;\"><b>Beschrijving van de<\/b><\/span><\/div>\n<ul>\n<li><span style=\"font-family: Arial;\">Die Nike x MMW Jacke besticht durch ein wetterfestes und personalisierbares Design, das jeden Tag sowie bei allen Temperaturen f\u00fcr Tragekomfort sorgt.\u00a0<\/span><\/li>\n<li><span style=\"font-family: Arial;\">Das Kleidungsst\u00fcck kann f\u00fcr Schutz als Jacke getragen werden.\u00a0<\/span><\/li>\n<li><span style=\"font-family: Arial;\">Du kannst aber auch die \u00c4rmel entfernen, um es in eine Weste zu verwandeln.\u00a0<\/span><\/li>\n<li><span style=\"font-family: Arial;\">Het is de volgende stap in training, ontwikkeld voor sport, cultuur en spirit.<\/span><\/li>\n<\/ul>\n<div><span style=\"font-family: Arial;\"><b>Trotze den Elementen<\/b><\/span><\/div>\n<ul>\n<li><span style=\"font-family: Arial;\">Das gewebte Material sorgt f\u00fcr Windschutz und Tragekomfort. Die Gore-Tex-Eigenschaften im gesamten Kleidungsst\u00fcck machen es wasserdicht und halten dich auch bei nassem Wetter trocken.<\/span><\/li>\n<\/ul>\n<div><span style=\"font-family: Arial;\"><b>Bleib cool<\/b><\/span><\/div>\n<ul>\n<li><span style=\"font-family: Arial;\">Die Weste nutzt Innovationen des NXT Teams und verf\u00fcgt \u00fcber einfrierbare Wasser-K\u00fchlpakete an der Brust, um dich k\u00fchl zu halten, wenn es dir durch das Wetter (und durch das Workout) hei\u00df wird. Die \u00c4rmel und die Kapuze k\u00f6nnen auch entfernt werden, um die Jacke in eine Kurzarm-Weste umzuwandeln.<\/span><\/li>\n<\/ul>\n<div><span style=\"font-family: Arial;\"><b>Schutz vor dem Wetter<\/b><\/span><\/div>\n<ul>\n<li><span style=\"font-family: Arial;\">Die verstellbare Kapuze gew\u00e4hrleistet Schutz. Der Kragen eignet sich zur Abdeckung deines Gesichts und sch\u00fctzt vor Wind und Regen.<\/span><\/li>\n<\/ul>\n<div><span style=\"font-family: Arial;\"><b>Verdere voordelen<\/b><\/span><\/div>\n<ul>\n<li><span style=\"font-family: Arial;\">Schwei\u00dfableitende Technologie h\u00e4lt dich trocken und sorgt f\u00fcr Tragekomfort.<\/span><\/li>\n<li><span style=\"font-family: Arial;\">Mesh-Details sorgen f\u00fcr verbesserte Luftzirkulation.<\/span><\/li>\n<li><span style=\"font-family: Arial;\">Die zwei Reisetaschen eignen sich zur Aufbewahrung von kleinen Gegenst\u00e4nden.<\/span><\/li>\n<li><span style=\"font-family: Arial;\">Eine Klappe hinten verbessert die Bel\u00fcftung.<\/span><\/li>\n<li><span style=\"font-family: Arial;\">Strapazierf\u00e4hige N\u00e4hte sch\u00fctzen vor Wind und Regen.<\/span><\/li>\n<\/ul>\n<div><span style=\"font-family: Arial;\"><b>Productinformatie<\/b><\/span><\/div>\n<ul>\n<li><span style=\"font-family: Arial;\">Vom Training inspirierte Grafik in japanischem Kanji<\/span><\/li>\n<li><span style=\"font-family: Arial;\">Durchgehender Rei\u00dfverschluss<\/span><\/li>\n<li><span style=\"font-family: Arial;\">Body: 100 % Polyester;<\/span><\/li>\n<li><span style=\"font-family: Arial;\">Mesh: 79 % Polyester\/21 % Elastan;<\/span><\/li>\n<li><span style=\"font-family: Arial;\">Machinewas<\/span><\/li>\n<li><span style=\"font-family: Arial;\">Ge\u00efmporteerd<\/span><\/li>\n<\/ul>\n<div><span style=\"font-family: Arial;\"><b>Maat en pasvorm<\/b><\/span><\/div>\n<ul>\n<li><span style=\"font-family: Arial;\">Standaard pasvorm voor een ontspannen, ongecompliceerd gevoel<\/span><\/li>\n<\/ul>","protected":false},"excerpt":{"rendered":"<p><strong>Artikelmerkmale<\/strong><\/p>\n<p><strong>Artikelzustand:<\/strong> Neu mit Etikett: Neuer, unbenutzter und nicht getragener Artikel in der Originalverpackung<\/p>\n<p><strong>Abteilung:<\/strong> Herren<br \/>\n<strong>Aktivit\u00e4t:<\/strong> Cross-Training<br \/>\n<strong>Anlass:<\/strong> Freizeit, Reise<br \/>\n<strong>Au\u00dfenmaterial:<\/strong> Polyester<br \/>\n<strong>Besonderheiten:<\/strong> einfrierbare Wasser-K\u00fchlpakete, Jacke oder Weste, wetterfest, Windschutz, Wasserdicht<br \/>\n<strong>Futtermaterial:<\/strong> Polyester<br \/>\n<strong>Gewebeart:<\/strong> Gore-Tex<br \/>\n<strong>Gr\u00f6\u00dfenkategorie:<\/strong> Normalgr\u00f6\u00dfe<br \/>\n<strong>Jahreszeit:<\/strong> Fr\u00fchling, Herbst<br \/>\n<strong>Modell:<\/strong> CT1042-010<br \/>\n<strong>Produktart:<\/strong> Jacke<br \/>\n<strong>Stil:<\/strong> Funktionsjacke<br \/>\n<strong>Thema:<\/strong> Sport<br \/>\n<strong>Verschluss:<\/strong> Ritssluiting<br \/>\n<strong>Vintage:<\/strong> Nein<\/p>","protected":false},"featured_media":77095,"comment_status":"open","ping_status":"closed","template":"","meta":{"_seopress_robots_primary_cat":"","_seopress_titles_title":"","_seopress_titles_desc":"","_seopress_robots_index":""},"product_brand":[],"product_cat":[1345,1363,1364],"product_tag":[],"class_list":{"0":"post-77012","1":"product","2":"type-product","3":"status-publish","4":"has-post-thumbnail","6":"product_cat-herrenmode","7":"product_cat-jacken-maentel-herrenmode","8":"product_cat-funktionsjacken","9":"product_shipping_class-standard-versand","11":"first","12":"instock","13":"sale","14":"taxable","15":"shipping-taxable","16":"purchasable","17":"product-type-simple"},"_links":{"self":[{"href":"https:\/\/www.soanam.de\/nl\/wp-json\/wp\/v2\/product\/77012","targetHints":{"allow":["GET"]}}],"collection":[{"href":"https:\/\/www.soanam.de\/nl\/wp-json\/wp\/v2\/product"}],"about":[{"href":"https:\/\/www.soanam.de\/nl\/wp-json\/wp\/v2\/types\/product"}],"replies":[{"embeddable":true,"href":"https:\/\/www.soanam.de\/nl\/wp-json\/wp\/v2\/comments?post=77012"}],"wp:featuredmedia":[{"embeddable":true,"href":"https:\/\/www.soanam.de\/nl\/wp-json\/wp\/v2\/media\/77095"}],"wp:attachment":[{"href":"https:\/\/www.soanam.de\/nl\/wp-json\/wp\/v2\/media?parent=77012"}],"wp:term":[{"taxonomy":"product_brand","embeddable":true,"href":"https:\/\/www.soanam.de\/nl\/wp-json\/wp\/v2\/product_brand?post=77012"},{"taxonomy":"product_cat","embeddable":true,"href":"https:\/\/www.soanam.de\/nl\/wp-json\/wp\/v2\/product_cat?post=77012"},{"taxonomy":"product_tag","embeddable":true,"href":"https:\/\/www.soanam.de\/nl\/wp-json\/wp\/v2\/product_tag?post=77012"}],"curies":[{"name":"wp","href":"https:\/\/api.w.org\/{rel}","templated":true}]}}