{"id":6846,"date":"2023-12-03T02:30:52","date_gmt":"2023-12-03T01:30:52","guid":{"rendered":"https:\/\/www.soanam.de\/versandarten\/"},"modified":"2023-12-03T17:52:49","modified_gmt":"2023-12-03T16:52:49","slug":"verzendmethoden","status":"publish","type":"page","link":"https:\/\/www.soanam.de\/nl\/versandarten\/","title":{"rendered":"Verzendmethoden"},"content":{"rendered":"<p>We verzenden wereldwijd - koop zonder risico!<\/p>\n<h2>Verzendkosten:<\/h2>\n<p>De verzendkosten vari\u00ebren van artikel tot artikel.<\/p>\n<p>Je kunt kiezen tussen onverzekerd (wij aanvaarden geen aansprakelijkheid voor onverzekerd verzenden) en verzekerd verzenden (wordt verzonden met Hermes-verzending).<\/p>\n<p>De verzendkosten liggen tussen 1,00 - 6,90 EUR.<\/p>\n<p>Verzendkosten per extra artikel, bijvoorbeeld voor gemengde bestellingen, zijn 0,50 EUR.<\/p>\n<p>Verzending wordt uitgevoerd door de volgende verzendservices:<\/p>\n<ul>\n<li>Duitse Post ( http:\/\/www.deutschepost.de )<\/li>\n<li>DPD (Duitse pakketdienst); ( http:\/\/www.dpd.de )<\/li>\n<li>DHL (Deutsche Post World Net) ( http:\/\/www.dhl.de )<\/li>\n<li>PIN AG ( http:\/\/www.pin-ag.de )<\/li>\n<li>Hermes pakketdienst ( http:\/\/www.hermespaketshop.de )<\/li>\n<\/ul>\n<p>Afhalen door de klant kan telefonisch of via e-mail.<\/p>","protected":false},"excerpt":{"rendered":"<p>Wir versenden Weltweit \u2013 Kaufen ohne Risiko! Versandkosten: Die Versandkosten sind von Artikel zu Artikel unterschiedlich. Sie k\u00f6nnen zwischen unversichertem ( Bei unversichertem Versand \u00fcbernehmen wir keine Haftung.) und versichertem Versand ( wird mit dem Hermes Versand verschickt ) w\u00e4hlen. Die Versandkosten bewegen sich zwischen 1,00 \u2013 6,90 EUR. Versandgeb\u00fchren pro weiterem Artikel z.B. bei [&hellip;]<\/p>\n","protected":false},"author":1,"featured_media":0,"parent":0,"menu_order":0,"comment_status":"closed","ping_status":"closed","template":"","meta":{"_seopress_robots_primary_cat":"","_seopress_titles_title":"","_seopress_titles_desc":"","_seopress_robots_index":"","footnotes":""},"class_list":["post-6846","page","type-page","status-publish","hentry"],"_links":{"self":[{"href":"https:\/\/www.soanam.de\/nl\/wp-json\/wp\/v2\/pages\/6846","targetHints":{"allow":["GET"]}}],"collection":[{"href":"https:\/\/www.soanam.de\/nl\/wp-json\/wp\/v2\/pages"}],"about":[{"href":"https:\/\/www.soanam.de\/nl\/wp-json\/wp\/v2\/types\/page"}],"author":[{"embeddable":true,"href":"https:\/\/www.soanam.de\/nl\/wp-json\/wp\/v2\/users\/1"}],"replies":[{"embeddable":true,"href":"https:\/\/www.soanam.de\/nl\/wp-json\/wp\/v2\/comments?post=6846"}],"version-history":[{"count":0,"href":"https:\/\/www.soanam.de\/nl\/wp-json\/wp\/v2\/pages\/6846\/revisions"}],"wp:attachment":[{"href":"https:\/\/www.soanam.de\/nl\/wp-json\/wp\/v2\/media?parent=6846"}],"curies":[{"name":"wp","href":"https:\/\/api.w.org\/{rel}","templated":true}]}}