{"id":83836,"date":"2023-12-17T23:17:20","date_gmt":"2023-12-17T22:17:20","guid":{"rendered":"https:\/\/www.soanam.de\/?post_type=product&#038;p=83836"},"modified":"2023-12-17T23:19:50","modified_gmt":"2023-12-17T22:19:50","slug":"murimage-tuertapete-fahrstuhl-3d-86-x-200-cm-2-tlg","status":"publish","type":"product","link":"https:\/\/www.soanam.de\/it\/produkt\/murimage-tuertapete-fahrstuhl-3d-86-x-200-cm-2-tlg\/","title":{"rendered":"murimage T\u00fcrtapete Fahrstuhl 3D, 86 x 200 cm, 2-tlg."},"content":{"rendered":"<div>Zum Verkauf steht hier eine wundersch\u00f6ne, zeitlose murimage 3D T\u00fcrtapete - Model \"Fahrstuhl\".<\/div>\n<div><\/div>\n<div>Questa carta da parati per porte murimage di alta qualit\u00e0 \u00e8 prodotta in Germania.<\/div>\n<div>I colori sono brillanti, resistenti alla luce e inodori, il che li rende 100% adatti al vostro spazio vitale.<\/div>\n<div>Facile da installare con la pasta in dotazione.<\/div>\n<div><\/div>\n<div>Riceverete questa carta da parati fotografica di 86 x 200 cm in 2 pezzi singoli, ciascuno di 86 x 100 cm (larghezza x altezza), compresa la pasta per incollare e una guida all'installazione che spiega passo dopo passo come applicare la carta da parati.<\/div>\n<div><\/div>\n<div>Le lastre sono tagliate in modo tale che due parti si sovrappongano sempre di 5 mm.<br \/>\nGli elementi si gonfiano di alcuni millimetri durante l'incollaggio.<br \/>\nPer un risultato perfetto, lasciare ogni foglio in ammollo per 5 minuti.<br \/>\nAttenzione: ordinare le singole parti prima del montaggio! I singoli pezzi sono numerati in basso a destra sul frontale.<br \/>\nLa numerazione \u00e8 coperta dalla sovrapposizione di 5 mm durante l'incollaggio e quindi non \u00e8 pi\u00f9 visibile alla fine.<br \/>\nPer l'installazione si consigliano i seguenti accessori:<br \/>\nPennello per carta da parati, rullo per carta da parati, secchio e acqua per mescolare la pasta.<br \/>\nRighello pieghevole, matita e livella, taglierino, protezione per il pavimento<\/div>","protected":false},"excerpt":{"rendered":"<div class=\"ux-layout-section-evo__row\">\n<div class=\"ux-layout-section-evo__col\">\n<div class=\"ux-labels-values__labels\">\n<div class=\"ux-labels-values__labels-content\">\n<div><span class=\"ux-textspans\">Produktart: <\/span>Fototapete<\/div>\n<\/div>\n<\/div>\n<\/div>\n<div class=\"ux-layout-section-evo__col\">\n<div class=\"ux-labels-values__labels\">\n<div class=\"ux-labels-values__labels-content\">\n<div><span class=\"ux-textspans\">Materiale: <\/span>Papier<\/div>\n<\/div>\n<\/div>\n<\/div>\n<\/div>\n<div class=\"ux-layout-section-evo__row\">\n<div class=\"ux-layout-section-evo__col\">\n<div class=\"ux-labels-values__labels\">\n<div class=\"ux-labels-values__labels-content\">\n<div><span class=\"ux-textspans\">Besonderheiten: T\u00fcrtapete 3D<\/span><\/div>\n<\/div>\n<\/div>\n<\/div>\n<div class=\"ux-layout-section-evo__col\">\n<div class=\"ux-labels-values__labels\">\n<div class=\"ux-labels-values__labels-content\">\n<div><span class=\"ux-textspans\">Zimmer: <\/span>Geeignet f\u00fcr alle Innent\u00fcren<\/div>\n<\/div>\n<\/div>\n<\/div>\n<\/div>\n<div class=\"ux-layout-section-evo__row\">\n<div class=\"ux-layout-section-evo__col\">\n<div class=\"ux-labels-values__labels\">\n<div class=\"ux-labels-values__labels-content\">\n<div><span class=\"ux-textspans\">Stile: moderno<\/span><\/div>\n<\/div>\n<\/div>\n<\/div>\n<div class=\"ux-layout-section-evo__col\">\n<div class=\"ux-labels-values__labels\">\n<div class=\"ux-labels-values__labels-content\">\n<div><span class=\"ux-textspans\">Finish: <\/span>Fototapete<\/div>\n<\/div>\n<\/div>\n<\/div>\n<\/div>\n<div class=\"ux-layout-section-evo__row\">\n<div class=\"ux-layout-section-evo__col\">\n<div class=\"ux-labels-values__labels\">\n<div class=\"ux-labels-values__labels-content\">\n<div><span class=\"ux-textspans\">Herstellungsland und -region: <\/span>Germania<\/div>\n<\/div>\n<\/div>\n<\/div>\n<\/div>\n<div class=\"ux-layout-section-evo__row\">\n<div class=\"ux-layout-section-evo__col\">\n<div class=\"ux-labels-values__labels\">\n<div class=\"ux-labels-values__labels-content\">\n<div><span class=\"ux-textspans\">Marke: <\/span>murimage\u00ae<\/div>\n<\/div>\n<\/div>\n<\/div>\n<\/div>","protected":false},"featured_media":83870,"comment_status":"open","ping_status":"closed","template":"","meta":{"_seopress_robots_primary_cat":"","_seopress_titles_title":"","_seopress_titles_desc":"","_seopress_robots_index":""},"product_brand":[],"product_cat":[1400,1420],"product_tag":[],"class_list":{"0":"post-83836","1":"product","2":"type-product","3":"status-publish","4":"has-post-thumbnail","6":"product_cat-wohnzubehoer","7":"product_cat-wohndekoration","8":"product_shipping_class-standard-versand","10":"first","11":"instock","12":"sale","13":"taxable","14":"shipping-taxable","15":"purchasable","16":"product-type-simple"},"_links":{"self":[{"href":"https:\/\/www.soanam.de\/it\/wp-json\/wp\/v2\/product\/83836","targetHints":{"allow":["GET"]}}],"collection":[{"href":"https:\/\/www.soanam.de\/it\/wp-json\/wp\/v2\/product"}],"about":[{"href":"https:\/\/www.soanam.de\/it\/wp-json\/wp\/v2\/types\/product"}],"replies":[{"embeddable":true,"href":"https:\/\/www.soanam.de\/it\/wp-json\/wp\/v2\/comments?post=83836"}],"wp:featuredmedia":[{"embeddable":true,"href":"https:\/\/www.soanam.de\/it\/wp-json\/wp\/v2\/media\/83870"}],"wp:attachment":[{"href":"https:\/\/www.soanam.de\/it\/wp-json\/wp\/v2\/media?parent=83836"}],"wp:term":[{"taxonomy":"product_brand","embeddable":true,"href":"https:\/\/www.soanam.de\/it\/wp-json\/wp\/v2\/product_brand?post=83836"},{"taxonomy":"product_cat","embeddable":true,"href":"https:\/\/www.soanam.de\/it\/wp-json\/wp\/v2\/product_cat?post=83836"},{"taxonomy":"product_tag","embeddable":true,"href":"https:\/\/www.soanam.de\/it\/wp-json\/wp\/v2\/product_tag?post=83836"}],"curies":[{"name":"wp","href":"https:\/\/api.w.org\/{rel}","templated":true}]}}