{"id":83830,"date":"2023-12-17T23:17:17","date_gmt":"2023-12-17T22:17:17","guid":{"rendered":"https:\/\/www.soanam.de\/?post_type=product&#038;p=83830"},"modified":"2023-12-17T23:18:37","modified_gmt":"2023-12-17T22:18:37","slug":"2021-la-tribuna-trocken-rotwein-075l-135","status":"publish","type":"product","link":"https:\/\/www.soanam.de\/it\/produkt\/2021-la-tribuna-trocken-rotwein-075l-135\/","title":{"rendered":"2021 La Tribuna secco - Vino rosso 0,75L, 13,5%"},"content":{"rendered":"<h3>Descrizione del prodotto<\/h3>\n<p>Es gibt viele Qualifikanten. Fein und fruchtig.\u00a0Transparent und frisch.\u00a0Freundlich und verf\u00fchrerisch.\u00a0Dank der klugen Kombination von Holz und Frucht ist La Tribuna ein Wein f\u00fcr jeden Tag, den man genie\u00dfen kann. Vier Monate Reifung in F\u00e4ssern und zwei weitere Monate in 7.000-Liter-F\u00e4ssern verleihen ihm die richtige Note, um ihn auszubalancieren.\u00a0Auch ein Wein, der gek\u00fchlt serviert wird, funktioniert.\u00a0Aufgrund seiner Leichtigkeit ist es ein Wein mit vielen M\u00f6glichkeiten.\u00a0Auch f\u00fcr Veganer geeignet<\/p>\n<p>In der Nase stechen ein Bouquet aus frischen roten Fr\u00fcchten, Veilchen und leichte R\u00f6staromen hervor.\u00a0Der Gaumen ist breit, rund und voller gro\u00dfz\u00fcgiger Frucht.<\/p>\n<p>Dieser Wein passt am besten zu Braten, Fleisch, Eint\u00f6pfen und Wild aber auch ideal zu Vorspeisen, Pasta, Pizza und Raclette<\/p>\n<p><strong>dettagli<\/strong><\/p>\n<p>Contenuto: 0,75 L<br \/>\nTipo di vino: Vino rosso<br \/>\nJahrgang: 2021<br \/>\nRebsorte: 50 % Monastrell, 50 % Syrah<br \/>\nLivello qualitativo: Vino di qualit\u00e0<br \/>\nSapore: secco<br \/>\nGradazione alcolica (vol.%): 13,5 %<br \/>\nAllergeni: Contiene solfiti<br \/>\nHersteller: DO Valencia, Subzone Clariano.\u00a0Bodega El Angosto, ONTINYENT<br \/>\nPaese: Spagna<\/p>\n<p><strong>Suggerimento<\/strong><br \/>\nConsegna solo a persone di et\u00e0 superiore ai 18 anni<\/p>","protected":false},"excerpt":{"rendered":"<h3>Caratteristiche dell'articolo<\/h3>\n<p>Artikelzustand: Neu - Neuer, unbenutzter und unbesch\u00e4digter Artikel in der unge\u00f6ffneten Verpackung<\/p>\n<table dir=\"ltr\" border=\"1\" cellspacing=\"0\" cellpadding=\"0\">\n<colgroup>\n<col width=\"203\" \/>\n<col width=\"259\" \/><\/colgroup>\n<tbody>\n<tr>\n<td data-sheets-value=\"{&quot;1&quot;:2,&quot;2&quot;:&quot;Alkoholgehalt:&quot;}\">Alkoholgehalt:<\/td>\n<td data-sheets-value=\"{&quot;1&quot;:2,&quot;2&quot;:&quot;10,1-15%&quot;}\">13,5%<\/td>\n<\/tr>\n<tr>\n<td data-sheets-value=\"{&quot;1&quot;:2,&quot;2&quot;:&quot;Allergene:&quot;}\">Allergene:<\/td>\n<td data-sheets-value=\"{&quot;1&quot;:2,&quot;2&quot;:&quot;Schwefeldioxid &amp; Sulfite&quot;}\">Sulfite<\/td>\n<\/tr>\n<tr>\n<td data-sheets-value=\"{&quot;1&quot;:2,&quot;2&quot;:&quot;Basis:&quot;}\">Basis:<\/td>\n<td data-sheets-value=\"{&quot;1&quot;:2,&quot;2&quot;:&quot;Lemberger&quot;}\">Monastrell, Syrah<\/td>\n<\/tr>\n<tr>\n<td data-sheets-value=\"{&quot;1&quot;:2,&quot;2&quot;:&quot;EAN:&quot;}\">EAN:<\/td>\n<td data-sheets-value=\"{&quot;1&quot;:3,&quot;3&quot;:4010333030373}\">8437007844030<\/td>\n<\/tr>\n<tr>\n<td data-sheets-value=\"{&quot;1&quot;:2,&quot;2&quot;:&quot;Eigenschaften:&quot;}\">Propriet\u00e0:<\/td>\n<td data-sheets-value=\"{&quot;1&quot;:2,&quot;2&quot;:&quot;dicht und harmonisch&quot;}\">frisch, fruchtig mit einem Hauch von neuem Holz<\/td>\n<\/tr>\n<tr>\n<td data-sheets-value=\"{&quot;1&quot;:2,&quot;2&quot;:&quot;Farbe:&quot;}\">Colore:<\/td>\n<td data-sheets-value=\"{&quot;1&quot;:2,&quot;2&quot;:&quot;Rot&quot;}\">Rosso<\/td>\n<\/tr>\n<tr>\n<td data-sheets-value=\"{&quot;1&quot;:2,&quot;2&quot;:&quot;Jahrgang:&quot;}\">Jahrgang:<\/td>\n<td data-sheets-value=\"{&quot;1&quot;:3,&quot;3&quot;:2019}\">2021<\/td>\n<\/tr>\n<tr>\n<td data-sheets-value=\"{&quot;1&quot;:2,&quot;2&quot;:&quot;Lebensmittelspezifikationen:&quot;}\">Lebensmittelspezifikationen:<\/td>\n<td data-sheets-value=\"{&quot;1&quot;:2,&quot;2&quot;:&quot;Alkoholhaltig&quot;}\">Alkoholhaltig<\/td>\n<\/tr>\n<tr>\n<td data-sheets-value=\"{&quot;1&quot;:2,&quot;2&quot;:&quot;Marke:&quot;}\">Marke:<\/td>\n<td data-sheets-value=\"{&quot;1&quot;:2,&quot;2&quot;:&quot;Lemberger&quot;}\">La Tribuna<\/td>\n<\/tr>\n<tr>\n<td data-sheets-value=\"{&quot;1&quot;:2,&quot;2&quot;:&quot;Region:&quot;}\">Region:<\/td>\n<td data-sheets-value=\"{&quot;1&quot;:2,&quot;2&quot;:&quot;W\u00fcrttemberg, Deutschland&quot;}\">DO Valencia, Subzone Clariano.\u00a0Bodega El Angosto, ONTINYENT, Spanien<\/td>\n<\/tr>\n<tr>\n<td data-sheets-value=\"{&quot;1&quot;:2,&quot;2&quot;:&quot;Signiert:&quot;}\">Signiert:<\/td>\n<td data-sheets-value=\"{&quot;1&quot;:2,&quot;2&quot;:&quot;Nein&quot;}\">Nein<\/td>\n<\/tr>\n<tr>\n<td data-sheets-value=\"{&quot;1&quot;:2,&quot;2&quot;:&quot;Stil:&quot;}\">Stil:<\/td>\n<td data-sheets-value=\"{&quot;1&quot;:2,&quot;2&quot;:&quot;Trocken&quot;}\">Trocken<\/td>\n<\/tr>\n<tr>\n<td data-sheets-value=\"{&quot;1&quot;:2,&quot;2&quot;:&quot;Verpackung:&quot;}\">Verpackung:<\/td>\n<td data-sheets-value=\"{&quot;1&quot;:2,&quot;2&quot;:&quot;Flasche (Drehverschluss)&quot;}\">Flasche<\/td>\n<\/tr>\n<tr>\n<td data-sheets-value=\"{&quot;1&quot;:2,&quot;2&quot;:&quot;Volumen:&quot;}\">Volumen:<\/td>\n<td data-sheets-value=\"{&quot;1&quot;:2,&quot;2&quot;:&quot;0,75 L&quot;}\">0,75 L<\/td>\n<\/tr>\n<\/tbody>\n<\/table>","protected":false},"featured_media":83854,"comment_status":"open","ping_status":"closed","template":"","meta":{"_seopress_robots_primary_cat":"","_seopress_titles_title":"","_seopress_titles_desc":"","_seopress_robots_index":""},"product_brand":[],"product_cat":[1499,1512],"product_tag":[],"class_list":{"0":"post-83830","1":"product","2":"type-product","3":"status-publish","4":"has-post-thumbnail","6":"product_cat-alkoholische-getraenke","7":"product_cat-weine","8":"product_shipping_class-standard-versand","10":"first","11":"instock","12":"sale","13":"taxable","14":"shipping-taxable","15":"purchasable","16":"product-type-simple"},"_links":{"self":[{"href":"https:\/\/www.soanam.de\/it\/wp-json\/wp\/v2\/product\/83830","targetHints":{"allow":["GET"]}}],"collection":[{"href":"https:\/\/www.soanam.de\/it\/wp-json\/wp\/v2\/product"}],"about":[{"href":"https:\/\/www.soanam.de\/it\/wp-json\/wp\/v2\/types\/product"}],"replies":[{"embeddable":true,"href":"https:\/\/www.soanam.de\/it\/wp-json\/wp\/v2\/comments?post=83830"}],"wp:featuredmedia":[{"embeddable":true,"href":"https:\/\/www.soanam.de\/it\/wp-json\/wp\/v2\/media\/83854"}],"wp:attachment":[{"href":"https:\/\/www.soanam.de\/it\/wp-json\/wp\/v2\/media?parent=83830"}],"wp:term":[{"taxonomy":"product_brand","embeddable":true,"href":"https:\/\/www.soanam.de\/it\/wp-json\/wp\/v2\/product_brand?post=83830"},{"taxonomy":"product_cat","embeddable":true,"href":"https:\/\/www.soanam.de\/it\/wp-json\/wp\/v2\/product_cat?post=83830"},{"taxonomy":"product_tag","embeddable":true,"href":"https:\/\/www.soanam.de\/it\/wp-json\/wp\/v2\/product_tag?post=83830"}],"curies":[{"name":"wp","href":"https:\/\/api.w.org\/{rel}","templated":true}]}}